{"id":90,"date":"2026-03-06T07:31:10","date_gmt":"2026-03-06T06:31:10","guid":{"rendered":"https:\/\/termoshop.hr\/wp\/product\/vitotron-100-do-8-kw-sa-vanjskim-osjetnikom\/"},"modified":"2026-03-06T08:48:43","modified_gmt":"2026-03-06T07:48:43","slug":"vitotron-100-do-8-kw-sa-vanjskim-osjetnikom","status":"publish","type":"product","link":"https:\/\/termoshop.hr\/?product=vitotron-100-do-8-kw-sa-vanjskim-osjetnikom","title":{"rendered":"Vitotron 100 do 8 kW  tip VMN3  vo\u0111enom po vanjskoj temperaturi"},"content":{"rendered":"<p>Elektri\u010dni kotao za grijanje 4-8 kW, tip VMN3, s integriranim proto\u010dnim grija\u010dem i ekspanzijskom posudom 5 l, s regulacijom vo\u0111enom po vanjskoj temperaturi<\/p>\n<ul>\n<li>Iskoristivost kotla 99,4 %.<\/li>\n<li>Regulacija, jednostavna za rukovanje.<\/li>\n<li>S mogu\u0107no\u0161\u0107u priklju\u010denja 8 krugova grijanja s mije\u0161aju\u0107im ventilom (potreban dodatni pribor).<\/li>\n<li>Energetski \u0161tedljiva visokou\u010dinkovita cirkulacijska crpka s reguliranim brojem okretaja.<\/li>\n<li>Mogu\u0107nost kombiniranja s drugim kotlovima za grijanje, kaminom ili fotonaponskom elektranom.<\/li>\n<li>Maksimalni radni tlak kotla 3 bara.<\/li>\n<li>Upravlja\u010dka plo\u010da omogu\u0107ava pode\u0161avanje temperature vode u krugu grijanja, u rasponu od 20 do 85\u00baC.<\/li>\n<li>Automatska modulacija snage grija\u010da u ovisnosti od potrebe za toplinom.<\/li>\n<\/ul>\n<p>Napomena!<\/p>\n<p>Za zagrijavanje sanitarne vode putem spremnika tople vode potrebno je dodatno naru\u010diti 3-putni prekretni ventil i osjetnik temperature spremnika.<\/p>\n","protected":false},"excerpt":{"rendered":"<p>Elektri\u010dni kotao za grijanje 4-8 kW, tip VMN3, s integriranim proto\u010dnim grija\u010dem i ekspanzijskom posudom 5 l, s regulacijom vo\u0111enom po vanjskoj temperaturi.<\/p>\n<p>Sve cijene ure\u0111aja navedene su za ure\u0111aj bez monta\u017ee i pu\u0161tanja u rad. Kontaktirajte nas na info@termoshop.hr za upite o mogu\u0107nostima, cijenama i terminima monta\u017ee.<\/p>\n","protected":false},"featured_media":85,"comment_status":"open","ping_status":"closed","template":"","meta":[],"product_brand":[],"product_cat":[21],"product_tag":[],"class_list":{"0":"post-90","1":"product","2":"type-product","3":"status-publish","4":"has-post-thumbnail","6":"product_cat-a6zidni-elektricni-kotlovi","8":"first","9":"onbackorder","10":"sale","11":"taxable","12":"shipping-taxable","13":"purchasable","14":"product-type-simple"},"yoast_head":"<!-- This site is optimized with the Yoast SEO plugin v26.9 - https:\/\/yoast.com\/product\/yoast-seo-wordpress\/ -->\n<title>Vitotron 100 do 8 kW tip VMN3 vo\u0111enom po vanjskoj temperaturi - Termoshop<\/title>\n<meta name=\"robots\" content=\"index, follow, max-snippet:-1, max-image-preview:large, max-video-preview:-1\" \/>\n<link rel=\"canonical\" href=\"https:\/\/termoshop.hr\/?product=vitotron-100-do-8-kw-sa-vanjskim-osjetnikom\" \/>\n<meta property=\"og:locale\" content=\"hr_HR\" \/>\n<meta property=\"og:type\" content=\"article\" \/>\n<meta property=\"og:title\" content=\"Vitotron 100 do 8 kW tip VMN3 vo\u0111enom po vanjskoj temperaturi - Termoshop\" \/>\n<meta property=\"og:description\" content=\"Elektri\u010dni kotao za grijanje 4-8 kW, tip VMN3, s integriranim proto\u010dnim grija\u010dem i ekspanzijskom posudom 5 l, s regulacijom vo\u0111enom po vanjskoj temperaturi.  Sve cijene ure\u0111aja navedene su za ure\u0111aj bez monta\u017ee i pu\u0161tanja u rad. Kontaktirajte nas na info@termoshop.hr za upite o mogu\u0107nostima, cijenama i terminima monta\u017ee.\" \/>\n<meta property=\"og:url\" content=\"https:\/\/termoshop.hr\/?product=vitotron-100-do-8-kw-sa-vanjskim-osjetnikom\" \/>\n<meta property=\"og:site_name\" content=\"Termoshop\" \/>\n<meta property=\"article:publisher\" content=\"https:\/\/www.facebook.com\/promil.doo\/\" \/>\n<meta property=\"article:modified_time\" content=\"2026-03-06T07:48:43+00:00\" \/>\n<meta property=\"og:image\" content=\"https:\/\/termoshop.hr\/wp-content\/uploads\/2020\/12\/78-Vitotron-100-do-8-kW-sa-vanjskim-osjetnikom.jpg\" \/>\n\t<meta property=\"og:image:width\" content=\"730\" \/>\n\t<meta property=\"og:image:height\" content=\"730\" \/>\n\t<meta property=\"og:image:type\" content=\"image\/jpeg\" \/>\n<meta name=\"twitter:card\" content=\"summary_large_image\" \/>\n<meta name=\"twitter:label1\" content=\"Procijenjeno vrijeme \u010ditanja\" \/>\n\t<meta name=\"twitter:data1\" content=\"1 minuta\" \/>\n<script type=\"application\/ld+json\" class=\"yoast-schema-graph\">{\"@context\":\"https:\/\/schema.org\",\"@graph\":[{\"@type\":\"WebPage\",\"@id\":\"https:\/\/termoshop.hr\/?product=vitotron-100-do-8-kw-sa-vanjskim-osjetnikom\",\"url\":\"https:\/\/termoshop.hr\/?product=vitotron-100-do-8-kw-sa-vanjskim-osjetnikom\",\"name\":\"Vitotron 100 do 8 kW tip VMN3 vo\u0111enom po vanjskoj temperaturi - Termoshop\",\"isPartOf\":{\"@id\":\"https:\/\/termoshop.hr\/#website\"},\"primaryImageOfPage\":{\"@id\":\"https:\/\/termoshop.hr\/?product=vitotron-100-do-8-kw-sa-vanjskim-osjetnikom#primaryimage\"},\"image\":{\"@id\":\"https:\/\/termoshop.hr\/?product=vitotron-100-do-8-kw-sa-vanjskim-osjetnikom#primaryimage\"},\"thumbnailUrl\":\"https:\/\/termoshop.hr\/wp-content\/uploads\/2020\/12\/78-Vitotron-100-do-8-kW-sa-vanjskim-osjetnikom.jpg\",\"datePublished\":\"2026-03-06T06:31:10+00:00\",\"dateModified\":\"2026-03-06T07:48:43+00:00\",\"breadcrumb\":{\"@id\":\"https:\/\/termoshop.hr\/?product=vitotron-100-do-8-kw-sa-vanjskim-osjetnikom#breadcrumb\"},\"inLanguage\":\"hr\",\"potentialAction\":[{\"@type\":\"ReadAction\",\"target\":[\"https:\/\/termoshop.hr\/?product=vitotron-100-do-8-kw-sa-vanjskim-osjetnikom\"]}]},{\"@type\":\"ImageObject\",\"inLanguage\":\"hr\",\"@id\":\"https:\/\/termoshop.hr\/?product=vitotron-100-do-8-kw-sa-vanjskim-osjetnikom#primaryimage\",\"url\":\"https:\/\/termoshop.hr\/wp-content\/uploads\/2020\/12\/78-Vitotron-100-do-8-kW-sa-vanjskim-osjetnikom.jpg\",\"contentUrl\":\"https:\/\/termoshop.hr\/wp-content\/uploads\/2020\/12\/78-Vitotron-100-do-8-kW-sa-vanjskim-osjetnikom.jpg\",\"width\":730,\"height\":730,\"caption\":\"Vitotron 100 do 8 kW sa vanjskim osjetnikom\"},{\"@type\":\"BreadcrumbList\",\"@id\":\"https:\/\/termoshop.hr\/?product=vitotron-100-do-8-kw-sa-vanjskim-osjetnikom#breadcrumb\",\"itemListElement\":[{\"@type\":\"ListItem\",\"position\":1,\"name\":\"Po\u010detna stranica\",\"item\":\"https:\/\/termoshop.hr\/\"},{\"@type\":\"ListItem\",\"position\":2,\"name\":\"Web trgovina\",\"item\":\"https:\/\/termoshop.hr\/?page_id=7\"},{\"@type\":\"ListItem\",\"position\":3,\"name\":\"Vitotron 100 do 8 kW tip VMN3 vo\u0111enom po vanjskoj temperaturi\"}]},{\"@type\":\"WebSite\",\"@id\":\"https:\/\/termoshop.hr\/#website\",\"url\":\"https:\/\/termoshop.hr\/\",\"name\":\"Termoshop.hr\",\"description\":\"Web trgovina\",\"publisher\":{\"@id\":\"https:\/\/termoshop.hr\/#organization\"},\"alternateName\":\"Termoshop\",\"potentialAction\":[{\"@type\":\"SearchAction\",\"target\":{\"@type\":\"EntryPoint\",\"urlTemplate\":\"https:\/\/termoshop.hr\/?s={search_term_string}\"},\"query-input\":{\"@type\":\"PropertyValueSpecification\",\"valueRequired\":true,\"valueName\":\"search_term_string\"}}],\"inLanguage\":\"hr\"},{\"@type\":\"Organization\",\"@id\":\"https:\/\/termoshop.hr\/#organization\",\"name\":\"Termoshop\",\"url\":\"https:\/\/termoshop.hr\/\",\"logo\":{\"@type\":\"ImageObject\",\"inLanguage\":\"hr\",\"@id\":\"https:\/\/termoshop.hr\/#\/schema\/logo\/image\/\",\"url\":\"https:\/\/termoshop.hr\/wp-content\/uploads\/2023\/10\/termo-shop-logo-1605741401.png\",\"contentUrl\":\"https:\/\/termoshop.hr\/wp-content\/uploads\/2023\/10\/termo-shop-logo-1605741401.png\",\"width\":551,\"height\":96,\"caption\":\"Termoshop\"},\"image\":{\"@id\":\"https:\/\/termoshop.hr\/#\/schema\/logo\/image\/\"},\"sameAs\":[\"https:\/\/www.facebook.com\/promil.doo\/\"]}]}<\/script>\n<!-- \/ Yoast SEO plugin. -->","yoast_head_json":{"title":"Vitotron 100 do 8 kW tip VMN3 vo\u0111enom po vanjskoj temperaturi - Termoshop","robots":{"index":"index","follow":"follow","max-snippet":"max-snippet:-1","max-image-preview":"max-image-preview:large","max-video-preview":"max-video-preview:-1"},"canonical":"https:\/\/termoshop.hr\/?product=vitotron-100-do-8-kw-sa-vanjskim-osjetnikom","og_locale":"hr_HR","og_type":"article","og_title":"Vitotron 100 do 8 kW tip VMN3 vo\u0111enom po vanjskoj temperaturi - Termoshop","og_description":"Elektri\u010dni kotao za grijanje 4-8 kW, tip VMN3, s integriranim proto\u010dnim grija\u010dem i ekspanzijskom posudom 5 l, s regulacijom vo\u0111enom po vanjskoj temperaturi.  Sve cijene ure\u0111aja navedene su za ure\u0111aj bez monta\u017ee i pu\u0161tanja u rad. Kontaktirajte nas na info@termoshop.hr za upite o mogu\u0107nostima, cijenama i terminima monta\u017ee.","og_url":"https:\/\/termoshop.hr\/?product=vitotron-100-do-8-kw-sa-vanjskim-osjetnikom","og_site_name":"Termoshop","article_publisher":"https:\/\/www.facebook.com\/promil.doo\/","article_modified_time":"2026-03-06T07:48:43+00:00","og_image":[{"width":730,"height":730,"url":"https:\/\/termoshop.hr\/wp-content\/uploads\/2020\/12\/78-Vitotron-100-do-8-kW-sa-vanjskim-osjetnikom.jpg","type":"image\/jpeg"}],"twitter_card":"summary_large_image","twitter_misc":{"Procijenjeno vrijeme \u010ditanja":"1 minuta"},"schema":{"@context":"https:\/\/schema.org","@graph":[{"@type":"WebPage","@id":"https:\/\/termoshop.hr\/?product=vitotron-100-do-8-kw-sa-vanjskim-osjetnikom","url":"https:\/\/termoshop.hr\/?product=vitotron-100-do-8-kw-sa-vanjskim-osjetnikom","name":"Vitotron 100 do 8 kW tip VMN3 vo\u0111enom po vanjskoj temperaturi - Termoshop","isPartOf":{"@id":"https:\/\/termoshop.hr\/#website"},"primaryImageOfPage":{"@id":"https:\/\/termoshop.hr\/?product=vitotron-100-do-8-kw-sa-vanjskim-osjetnikom#primaryimage"},"image":{"@id":"https:\/\/termoshop.hr\/?product=vitotron-100-do-8-kw-sa-vanjskim-osjetnikom#primaryimage"},"thumbnailUrl":"https:\/\/termoshop.hr\/wp-content\/uploads\/2020\/12\/78-Vitotron-100-do-8-kW-sa-vanjskim-osjetnikom.jpg","datePublished":"2026-03-06T06:31:10+00:00","dateModified":"2026-03-06T07:48:43+00:00","breadcrumb":{"@id":"https:\/\/termoshop.hr\/?product=vitotron-100-do-8-kw-sa-vanjskim-osjetnikom#breadcrumb"},"inLanguage":"hr","potentialAction":[{"@type":"ReadAction","target":["https:\/\/termoshop.hr\/?product=vitotron-100-do-8-kw-sa-vanjskim-osjetnikom"]}]},{"@type":"ImageObject","inLanguage":"hr","@id":"https:\/\/termoshop.hr\/?product=vitotron-100-do-8-kw-sa-vanjskim-osjetnikom#primaryimage","url":"https:\/\/termoshop.hr\/wp-content\/uploads\/2020\/12\/78-Vitotron-100-do-8-kW-sa-vanjskim-osjetnikom.jpg","contentUrl":"https:\/\/termoshop.hr\/wp-content\/uploads\/2020\/12\/78-Vitotron-100-do-8-kW-sa-vanjskim-osjetnikom.jpg","width":730,"height":730,"caption":"Vitotron 100 do 8 kW sa vanjskim osjetnikom"},{"@type":"BreadcrumbList","@id":"https:\/\/termoshop.hr\/?product=vitotron-100-do-8-kw-sa-vanjskim-osjetnikom#breadcrumb","itemListElement":[{"@type":"ListItem","position":1,"name":"Po\u010detna stranica","item":"https:\/\/termoshop.hr\/"},{"@type":"ListItem","position":2,"name":"Web trgovina","item":"https:\/\/termoshop.hr\/?page_id=7"},{"@type":"ListItem","position":3,"name":"Vitotron 100 do 8 kW tip VMN3 vo\u0111enom po vanjskoj temperaturi"}]},{"@type":"WebSite","@id":"https:\/\/termoshop.hr\/#website","url":"https:\/\/termoshop.hr\/","name":"Termoshop.hr","description":"Web trgovina","publisher":{"@id":"https:\/\/termoshop.hr\/#organization"},"alternateName":"Termoshop","potentialAction":[{"@type":"SearchAction","target":{"@type":"EntryPoint","urlTemplate":"https:\/\/termoshop.hr\/?s={search_term_string}"},"query-input":{"@type":"PropertyValueSpecification","valueRequired":true,"valueName":"search_term_string"}}],"inLanguage":"hr"},{"@type":"Organization","@id":"https:\/\/termoshop.hr\/#organization","name":"Termoshop","url":"https:\/\/termoshop.hr\/","logo":{"@type":"ImageObject","inLanguage":"hr","@id":"https:\/\/termoshop.hr\/#\/schema\/logo\/image\/","url":"https:\/\/termoshop.hr\/wp-content\/uploads\/2023\/10\/termo-shop-logo-1605741401.png","contentUrl":"https:\/\/termoshop.hr\/wp-content\/uploads\/2023\/10\/termo-shop-logo-1605741401.png","width":551,"height":96,"caption":"Termoshop"},"image":{"@id":"https:\/\/termoshop.hr\/#\/schema\/logo\/image\/"},"sameAs":["https:\/\/www.facebook.com\/promil.doo\/"]}]}},"_links":{"self":[{"href":"https:\/\/termoshop.hr\/index.php?rest_route=\/wp\/v2\/product\/90","targetHints":{"allow":["GET"]}}],"collection":[{"href":"https:\/\/termoshop.hr\/index.php?rest_route=\/wp\/v2\/product"}],"about":[{"href":"https:\/\/termoshop.hr\/index.php?rest_route=\/wp\/v2\/types\/product"}],"replies":[{"embeddable":true,"href":"https:\/\/termoshop.hr\/index.php?rest_route=%2Fwp%2Fv2%2Fcomments&post=90"}],"wp:featuredmedia":[{"embeddable":true,"href":"https:\/\/termoshop.hr\/index.php?rest_route=\/wp\/v2\/media\/85"}],"wp:attachment":[{"href":"https:\/\/termoshop.hr\/index.php?rest_route=%2Fwp%2Fv2%2Fmedia&parent=90"}],"wp:term":[{"taxonomy":"product_brand","embeddable":true,"href":"https:\/\/termoshop.hr\/index.php?rest_route=%2Fwp%2Fv2%2Fproduct_brand&post=90"},{"taxonomy":"product_cat","embeddable":true,"href":"https:\/\/termoshop.hr\/index.php?rest_route=%2Fwp%2Fv2%2Fproduct_cat&post=90"},{"taxonomy":"product_tag","embeddable":true,"href":"https:\/\/termoshop.hr\/index.php?rest_route=%2Fwp%2Fv2%2Fproduct_tag&post=90"}],"curies":[{"name":"wp","href":"https:\/\/api.w.org\/{rel}","templated":true}]}}