{"id":706,"date":"2026-02-05T11:59:01","date_gmt":"2026-02-05T10:59:01","guid":{"rendered":"https:\/\/termoshop.hr\/wp\/?post_type=product&#038;p=706"},"modified":"2026-02-11T09:35:26","modified_gmt":"2026-02-11T08:35:26","slug":"dizalica-topline-3","status":"publish","type":"product","link":"https:\/\/termoshop.hr\/?product=dizalica-topline-3","title":{"rendered":"VIESSMANN DIZALICA TOPLINE ZRAK\/VODA VITOCAL 100-S NA ELEKTRI\u010cNI POGON U SPLIT IZVEDBI TIP AWB-M-E-AC 101 B06 KW  (R32) Akcija \u00a0"},"content":{"rendered":"<p>Maksimalna temperatura polaznog voda: do 58 \u00b0C (R32) \/<br \/>\n55 \u00b0C (R410) pri vanjskoj temperaturi -15 \u00b0C.<br \/>\nDo 8 kW rashladni medij R32.<br \/>\nDozvoljeni radni tlak na strani<br \/>\nogrjevne vode 3 bar (0,3 MPa).<br \/>\nUnutarnja jedinica s regulacijom Vitotronic 200 tip WO1C,<br \/>\nvisokou\u010dinkovitom cirkulacijskom crpkom za krug grijanja,<br \/>\nizmjenjiva\u010dem topline, 3-putnim<br \/>\npreklopnim ventilom, membranskom ekspanzijskom posudom i<br \/>\nsigurnosnom grupom.<br \/>\nNiski pogonski tro\u0161kovi<br \/>\nzahvaljuju\u0107i visokom u\u010dinskom<br \/>\nkoeficijentu (COP = Coefficient of<br \/>\nPerformance) prema EN 14511:<br \/>\ndo 4,7 (A7\/W35) i do 3,9 (A2\/<br \/>\nW35).<br \/>\n\uf06e Regulacija u\u010dina i DC-inverter za<br \/>\nvisoku u\u010dinkovitost pri djelomi\u010dnom optere\u0107enju<br \/>\nJednostavno upravljanje Vitotronic regulacijom s jasnim tekstualnim i grafi\u010dkim prikazima<br \/>\nRegulacija omogu\u0107uje upravljanje Viessmann ure\u0111ajima za<br \/>\nventilaciju<br \/>\nReverzibilna izvedba omogu\u0107uje<br \/>\ngrijanje i hla\u0111enje (varijanta -AC)<br \/>\nKaskadna funkcija do 5 dizalica<br \/>\ntopline.<\/p>\n","protected":false},"excerpt":{"rendered":"<p>Vitocal 100-S, dizalica topline na<br \/>\nelektri\u010dni pogon u split izvedbi, s<br \/>\nunutra\u0161njom i vanjskom jedinicom.<br \/>\nMonofazna izvedba 230v<\/p>\n<p><span style=\"color: #ff0000;\">Akcija ograni\u010denog roka trajanja\u00a0<\/span><\/p>\n<p><span style=\"color: #ff6600;\"><strong>Po\u0161aljite upit ;<\/strong><\/span><\/p>\n<p><span style=\"color: #3366ff;\"><strong><span style=\"color: #ff6600;\">Sve vezano za dizalice topline , isporuku, mogu\u0107nost ugradnje\u00a0 mo\u017eete poslati upit na email: info@termoshop.hr<\/span>\u00a0<\/strong><\/span><\/p>\n","protected":false},"featured_media":699,"comment_status":"open","ping_status":"closed","template":"","meta":[],"product_brand":[],"product_cat":[86,36],"product_tag":[],"class_list":{"0":"post-706","1":"product","2":"type-product","3":"status-publish","4":"has-post-thumbnail","6":"product_cat-viessmann-vitocal-100-s-r410","7":"product_cat-a1dizalice-topline-2","9":"first","10":"onbackorder","11":"sale","12":"sold-individually","13":"taxable","14":"shipping-taxable","15":"purchasable","16":"product-type-simple"},"yoast_head":"<!-- This site is optimized with the Yoast SEO plugin v26.9 - https:\/\/yoast.com\/product\/yoast-seo-wordpress\/ -->\n<title>VIESSMANN DIZALICA TOPLINE ZRAK\/VODA VITOCAL 100-S NA ELEKTRI\u010cNI POGON U SPLIT IZVEDBI TIP AWB-M-E-AC 101 B06 KW (R32) Akcija \u00a0 - Termoshop<\/title>\n<meta name=\"description\" content=\"Jednostavno upravljanje Vitotronic regulacijom s jasnim grafi\u010dkim prikazima. Regulacija omogu\u0107uje upravljanje Viessmann ure\u0111ajima za ventilaciju.\" \/>\n<meta name=\"robots\" content=\"index, follow, max-snippet:-1, max-image-preview:large, max-video-preview:-1\" \/>\n<link rel=\"canonical\" href=\"https:\/\/termoshop.hr\/?product=dizalica-topline-3\" \/>\n<meta property=\"og:locale\" content=\"hr_HR\" \/>\n<meta property=\"og:type\" content=\"article\" \/>\n<meta property=\"og:title\" content=\"VIESSMANN DIZALICA TOPLINE ZRAK\/VODA VITOCAL 100-S NA ELEKTRI\u010cNI POGON U SPLIT IZVEDBI TIP AWB-M-E-AC 101 B06 KW (R32) Akcija \u00a0 - Termoshop\" \/>\n<meta property=\"og:description\" content=\"Jednostavno upravljanje Vitotronic regulacijom s jasnim grafi\u010dkim prikazima. Regulacija omogu\u0107uje upravljanje Viessmann ure\u0111ajima za ventilaciju.\" \/>\n<meta property=\"og:url\" content=\"https:\/\/termoshop.hr\/?product=dizalica-topline-3\" \/>\n<meta property=\"og:site_name\" content=\"Termoshop\" \/>\n<meta property=\"article:publisher\" content=\"https:\/\/www.facebook.com\/promil.doo\/\" \/>\n<meta property=\"article:modified_time\" content=\"2026-02-11T08:35:26+00:00\" \/>\n<meta property=\"og:image\" content=\"https:\/\/termoshop.hr\/wp-content\/uploads\/2023\/11\/R-2.jpeg\" \/>\n\t<meta property=\"og:image:width\" content=\"480\" \/>\n\t<meta property=\"og:image:height\" content=\"465\" \/>\n\t<meta property=\"og:image:type\" content=\"image\/jpeg\" \/>\n<meta name=\"twitter:card\" content=\"summary_large_image\" \/>\n<meta name=\"twitter:label1\" content=\"Procijenjeno vrijeme \u010ditanja\" \/>\n\t<meta name=\"twitter:data1\" content=\"1 minuta\" \/>\n<script type=\"application\/ld+json\" class=\"yoast-schema-graph\">{\"@context\":\"https:\/\/schema.org\",\"@graph\":[{\"@type\":\"WebPage\",\"@id\":\"https:\/\/termoshop.hr\/?product=dizalica-topline-3\",\"url\":\"https:\/\/termoshop.hr\/?product=dizalica-topline-3\",\"name\":\"VIESSMANN DIZALICA TOPLINE ZRAK\/VODA VITOCAL 100-S NA ELEKTRI\u010cNI POGON U SPLIT IZVEDBI TIP AWB-M-E-AC 101 B06 KW (R32) Akcija \u00a0 - Termoshop\",\"isPartOf\":{\"@id\":\"https:\/\/termoshop.hr\/#website\"},\"primaryImageOfPage\":{\"@id\":\"https:\/\/termoshop.hr\/?product=dizalica-topline-3#primaryimage\"},\"image\":{\"@id\":\"https:\/\/termoshop.hr\/?product=dizalica-topline-3#primaryimage\"},\"thumbnailUrl\":\"https:\/\/termoshop.hr\/wp-content\/uploads\/2023\/11\/R-2.jpeg\",\"datePublished\":\"2026-02-05T10:59:01+00:00\",\"dateModified\":\"2026-02-11T08:35:26+00:00\",\"description\":\"Jednostavno upravljanje Vitotronic regulacijom s jasnim grafi\u010dkim prikazima. Regulacija omogu\u0107uje upravljanje Viessmann ure\u0111ajima za ventilaciju.\",\"breadcrumb\":{\"@id\":\"https:\/\/termoshop.hr\/?product=dizalica-topline-3#breadcrumb\"},\"inLanguage\":\"hr\",\"potentialAction\":[{\"@type\":\"ReadAction\",\"target\":[\"https:\/\/termoshop.hr\/?product=dizalica-topline-3\"]}]},{\"@type\":\"ImageObject\",\"inLanguage\":\"hr\",\"@id\":\"https:\/\/termoshop.hr\/?product=dizalica-topline-3#primaryimage\",\"url\":\"https:\/\/termoshop.hr\/wp-content\/uploads\/2023\/11\/R-2.jpeg\",\"contentUrl\":\"https:\/\/termoshop.hr\/wp-content\/uploads\/2023\/11\/R-2.jpeg\",\"width\":480,\"height\":465},{\"@type\":\"BreadcrumbList\",\"@id\":\"https:\/\/termoshop.hr\/?product=dizalica-topline-3#breadcrumb\",\"itemListElement\":[{\"@type\":\"ListItem\",\"position\":1,\"name\":\"Po\u010detna stranica\",\"item\":\"https:\/\/termoshop.hr\/\"},{\"@type\":\"ListItem\",\"position\":2,\"name\":\"Web trgovina\",\"item\":\"https:\/\/termoshop.hr\/?page_id=7\"},{\"@type\":\"ListItem\",\"position\":3,\"name\":\"VIESSMANN DIZALICA TOPLINE ZRAK\/VODA VITOCAL 100-S NA ELEKTRI\u010cNI POGON U SPLIT IZVEDBI TIP AWB-M-E-AC 101 B06 KW (R32) Akcija \u00a0\"}]},{\"@type\":\"WebSite\",\"@id\":\"https:\/\/termoshop.hr\/#website\",\"url\":\"https:\/\/termoshop.hr\/\",\"name\":\"Termoshop.hr\",\"description\":\"Web trgovina\",\"publisher\":{\"@id\":\"https:\/\/termoshop.hr\/#organization\"},\"alternateName\":\"Termoshop\",\"potentialAction\":[{\"@type\":\"SearchAction\",\"target\":{\"@type\":\"EntryPoint\",\"urlTemplate\":\"https:\/\/termoshop.hr\/?s={search_term_string}\"},\"query-input\":{\"@type\":\"PropertyValueSpecification\",\"valueRequired\":true,\"valueName\":\"search_term_string\"}}],\"inLanguage\":\"hr\"},{\"@type\":\"Organization\",\"@id\":\"https:\/\/termoshop.hr\/#organization\",\"name\":\"Termoshop\",\"url\":\"https:\/\/termoshop.hr\/\",\"logo\":{\"@type\":\"ImageObject\",\"inLanguage\":\"hr\",\"@id\":\"https:\/\/termoshop.hr\/#\/schema\/logo\/image\/\",\"url\":\"https:\/\/termoshop.hr\/wp-content\/uploads\/2023\/10\/termo-shop-logo-1605741401.png\",\"contentUrl\":\"https:\/\/termoshop.hr\/wp-content\/uploads\/2023\/10\/termo-shop-logo-1605741401.png\",\"width\":551,\"height\":96,\"caption\":\"Termoshop\"},\"image\":{\"@id\":\"https:\/\/termoshop.hr\/#\/schema\/logo\/image\/\"},\"sameAs\":[\"https:\/\/www.facebook.com\/promil.doo\/\"]}]}<\/script>\n<!-- \/ Yoast SEO plugin. -->","yoast_head_json":{"title":"VIESSMANN DIZALICA TOPLINE ZRAK\/VODA VITOCAL 100-S NA ELEKTRI\u010cNI POGON U SPLIT IZVEDBI TIP AWB-M-E-AC 101 B06 KW (R32) Akcija \u00a0 - Termoshop","description":"Jednostavno upravljanje Vitotronic regulacijom s jasnim grafi\u010dkim prikazima. Regulacija omogu\u0107uje upravljanje Viessmann ure\u0111ajima za ventilaciju.","robots":{"index":"index","follow":"follow","max-snippet":"max-snippet:-1","max-image-preview":"max-image-preview:large","max-video-preview":"max-video-preview:-1"},"canonical":"https:\/\/termoshop.hr\/?product=dizalica-topline-3","og_locale":"hr_HR","og_type":"article","og_title":"VIESSMANN DIZALICA TOPLINE ZRAK\/VODA VITOCAL 100-S NA ELEKTRI\u010cNI POGON U SPLIT IZVEDBI TIP AWB-M-E-AC 101 B06 KW (R32) Akcija \u00a0 - Termoshop","og_description":"Jednostavno upravljanje Vitotronic regulacijom s jasnim grafi\u010dkim prikazima. Regulacija omogu\u0107uje upravljanje Viessmann ure\u0111ajima za ventilaciju.","og_url":"https:\/\/termoshop.hr\/?product=dizalica-topline-3","og_site_name":"Termoshop","article_publisher":"https:\/\/www.facebook.com\/promil.doo\/","article_modified_time":"2026-02-11T08:35:26+00:00","og_image":[{"width":480,"height":465,"url":"https:\/\/termoshop.hr\/wp-content\/uploads\/2023\/11\/R-2.jpeg","type":"image\/jpeg"}],"twitter_card":"summary_large_image","twitter_misc":{"Procijenjeno vrijeme \u010ditanja":"1 minuta"},"schema":{"@context":"https:\/\/schema.org","@graph":[{"@type":"WebPage","@id":"https:\/\/termoshop.hr\/?product=dizalica-topline-3","url":"https:\/\/termoshop.hr\/?product=dizalica-topline-3","name":"VIESSMANN DIZALICA TOPLINE ZRAK\/VODA VITOCAL 100-S NA ELEKTRI\u010cNI POGON U SPLIT IZVEDBI TIP AWB-M-E-AC 101 B06 KW (R32) Akcija \u00a0 - Termoshop","isPartOf":{"@id":"https:\/\/termoshop.hr\/#website"},"primaryImageOfPage":{"@id":"https:\/\/termoshop.hr\/?product=dizalica-topline-3#primaryimage"},"image":{"@id":"https:\/\/termoshop.hr\/?product=dizalica-topline-3#primaryimage"},"thumbnailUrl":"https:\/\/termoshop.hr\/wp-content\/uploads\/2023\/11\/R-2.jpeg","datePublished":"2026-02-05T10:59:01+00:00","dateModified":"2026-02-11T08:35:26+00:00","description":"Jednostavno upravljanje Vitotronic regulacijom s jasnim grafi\u010dkim prikazima. Regulacija omogu\u0107uje upravljanje Viessmann ure\u0111ajima za ventilaciju.","breadcrumb":{"@id":"https:\/\/termoshop.hr\/?product=dizalica-topline-3#breadcrumb"},"inLanguage":"hr","potentialAction":[{"@type":"ReadAction","target":["https:\/\/termoshop.hr\/?product=dizalica-topline-3"]}]},{"@type":"ImageObject","inLanguage":"hr","@id":"https:\/\/termoshop.hr\/?product=dizalica-topline-3#primaryimage","url":"https:\/\/termoshop.hr\/wp-content\/uploads\/2023\/11\/R-2.jpeg","contentUrl":"https:\/\/termoshop.hr\/wp-content\/uploads\/2023\/11\/R-2.jpeg","width":480,"height":465},{"@type":"BreadcrumbList","@id":"https:\/\/termoshop.hr\/?product=dizalica-topline-3#breadcrumb","itemListElement":[{"@type":"ListItem","position":1,"name":"Po\u010detna stranica","item":"https:\/\/termoshop.hr\/"},{"@type":"ListItem","position":2,"name":"Web trgovina","item":"https:\/\/termoshop.hr\/?page_id=7"},{"@type":"ListItem","position":3,"name":"VIESSMANN DIZALICA TOPLINE ZRAK\/VODA VITOCAL 100-S NA ELEKTRI\u010cNI POGON U SPLIT IZVEDBI TIP AWB-M-E-AC 101 B06 KW (R32) Akcija \u00a0"}]},{"@type":"WebSite","@id":"https:\/\/termoshop.hr\/#website","url":"https:\/\/termoshop.hr\/","name":"Termoshop.hr","description":"Web trgovina","publisher":{"@id":"https:\/\/termoshop.hr\/#organization"},"alternateName":"Termoshop","potentialAction":[{"@type":"SearchAction","target":{"@type":"EntryPoint","urlTemplate":"https:\/\/termoshop.hr\/?s={search_term_string}"},"query-input":{"@type":"PropertyValueSpecification","valueRequired":true,"valueName":"search_term_string"}}],"inLanguage":"hr"},{"@type":"Organization","@id":"https:\/\/termoshop.hr\/#organization","name":"Termoshop","url":"https:\/\/termoshop.hr\/","logo":{"@type":"ImageObject","inLanguage":"hr","@id":"https:\/\/termoshop.hr\/#\/schema\/logo\/image\/","url":"https:\/\/termoshop.hr\/wp-content\/uploads\/2023\/10\/termo-shop-logo-1605741401.png","contentUrl":"https:\/\/termoshop.hr\/wp-content\/uploads\/2023\/10\/termo-shop-logo-1605741401.png","width":551,"height":96,"caption":"Termoshop"},"image":{"@id":"https:\/\/termoshop.hr\/#\/schema\/logo\/image\/"},"sameAs":["https:\/\/www.facebook.com\/promil.doo\/"]}]}},"_links":{"self":[{"href":"https:\/\/termoshop.hr\/index.php?rest_route=\/wp\/v2\/product\/706","targetHints":{"allow":["GET"]}}],"collection":[{"href":"https:\/\/termoshop.hr\/index.php?rest_route=\/wp\/v2\/product"}],"about":[{"href":"https:\/\/termoshop.hr\/index.php?rest_route=\/wp\/v2\/types\/product"}],"replies":[{"embeddable":true,"href":"https:\/\/termoshop.hr\/index.php?rest_route=%2Fwp%2Fv2%2Fcomments&post=706"}],"wp:featuredmedia":[{"embeddable":true,"href":"https:\/\/termoshop.hr\/index.php?rest_route=\/wp\/v2\/media\/699"}],"wp:attachment":[{"href":"https:\/\/termoshop.hr\/index.php?rest_route=%2Fwp%2Fv2%2Fmedia&parent=706"}],"wp:term":[{"taxonomy":"product_brand","embeddable":true,"href":"https:\/\/termoshop.hr\/index.php?rest_route=%2Fwp%2Fv2%2Fproduct_brand&post=706"},{"taxonomy":"product_cat","embeddable":true,"href":"https:\/\/termoshop.hr\/index.php?rest_route=%2Fwp%2Fv2%2Fproduct_cat&post=706"},{"taxonomy":"product_tag","embeddable":true,"href":"https:\/\/termoshop.hr\/index.php?rest_route=%2Fwp%2Fv2%2Fproduct_tag&post=706"}],"curies":[{"name":"wp","href":"https:\/\/api.w.org\/{rel}","templated":true}]}}