{"id":69,"date":"2024-03-03T14:52:20","date_gmt":"2024-03-03T13:52:20","guid":{"rendered":"https:\/\/termoshop.hr\/wp\/product\/starter-paket-radiator-eco\/"},"modified":"2024-03-03T18:39:19","modified_gmt":"2024-03-03T17:39:19","slug":"starter-paket-radiator-eco","status":"publish","type":"product","link":"https:\/\/termoshop.hr\/?product=starter-paket-radiator-eco","title":{"rendered":"Starter paket Radiator Eco"},"content":{"rendered":"<p><strong>Vitoconnect OPTO2<\/strong><\/p>\n<p>WLAN ure\u0111aj za daljinsko upravljanje i nadzor instalacije grijanja putem aplikacija za mobilne ure\u0111aje (Android i iOS): ViCare.<\/p>\n<ul>\n<li>za sve Viessmann proizvo\u0111a\u010de topline s Optolink su\u010deljem<\/li>\n<li>\u017ei\u010dana komunikacija putem Optolink priklju\u010dka regulacije kotla<\/li>\n<li>WLAN komunikacija s routerom<\/li>\n<\/ul>\n<p><strong>3x ViCare radijatorski termostat<\/strong>\u00a0(Low-Power-Funk)<\/p>\n<p>Upravljanje radijatorima na baterijski pogon za regulaciju pojedina\u010dne prostorije u spoju sa Vitoconnectom. Bijele boje<\/p>\n<ul>\n<li>S integriranim osjetnikom temperature za odre\u0111ivanje aktualne temperature prostora<\/li>\n<li>Funkcija prepoznavanja otvorenog prozora<\/li>\n<li>Snaga namje\u0161tanja maks. 70 N, maks. hod ventila 4,35 mm.<\/li>\n<li>Jednostavnaa monta\u017ea na termostatske ventile M 30 x 1,5 mm.<\/li>\n<li>Pomo\u0107u isporu\u010denog seta adaptera mogu\u0107a je monta\u017ea na Danfoss termostatske ventile.<\/li>\n<\/ul>\n<p><strong>ViCare App<\/strong><\/p>\n<p>ViCare App mobilna aplikacija podr\u017eava sljede\u0107e ure\u0111aje:<\/p>\n<ul>\n<li>ure\u0111aje s opretivnim sistemom Apple iOS od verzije 8 na vi\u0161e<\/li>\n<li>ure\u0111aje s operativnim sistemom Android od verzije 4.0 na vi\u0161e<\/li>\n<li>Glavne zna\u010dajke proizvoda za instalacije grijanja<\/li>\n<li>korisnik instalacije u svako doba zna status svog sustava grijanja<\/li>\n<li>poruka s prijavom gre\u0161ke na ure\u0111aju<\/li>\n<li>pode\u0161avanje temperature prostorije ili na\u010dina rada<\/li>\n<li>pode\u0161avanje vremena grijanja uz pomo\u0107 asistenta<\/li>\n<li>postavljanje potrebne temperature tople vode i pode\u0161avanje vremena zagrijavanja vode<\/li>\n<li>automatski spremljeni kontakt podaci instalacije grijanja<\/li>\n<li>jednostavan prijenos podataka od instalacije npr. porukom o gre\u0161ci putem e-maila ili telefonski kontaktiranjem<\/li>\n<li>servisne tvrtke<\/li>\n<\/ul>\n","protected":false},"excerpt":{"rendered":"<p>Paket za prvu izvedbu regulacijske klase 8 (min. 3 prostora s regulacijom pojedina\u010dne prostorije).\u00a0 Sadr\u017ei:1 Vitoconnect, tip OPTO2 3x ViCare radijatorski termostat<\/p>\n","protected":false},"featured_media":65,"comment_status":"open","ping_status":"closed","template":"","meta":[],"product_brand":[],"product_cat":[20],"product_tag":[],"class_list":{"0":"post-69","1":"product","2":"type-product","3":"status-publish","4":"has-post-thumbnail","6":"product_cat-a2pametno-upravljanje","8":"first","9":"onbackorder","10":"sale","11":"taxable","12":"shipping-taxable","13":"purchasable","14":"product-type-simple"},"yoast_head":"<!-- This site is optimized with the Yoast SEO plugin v26.9 - https:\/\/yoast.com\/product\/yoast-seo-wordpress\/ -->\n<title>Starter paket Radiator Eco - Termoshop<\/title>\n<meta name=\"robots\" content=\"index, follow, max-snippet:-1, max-image-preview:large, max-video-preview:-1\" \/>\n<link rel=\"canonical\" href=\"https:\/\/termoshop.hr\/?product=starter-paket-radiator-eco\" \/>\n<meta property=\"og:locale\" content=\"hr_HR\" \/>\n<meta property=\"og:type\" content=\"article\" \/>\n<meta property=\"og:title\" content=\"Starter paket Radiator Eco - Termoshop\" \/>\n<meta property=\"og:description\" content=\"Paket za prvu izvedbu regulacijske klase 8 (min. 3 prostora s regulacijom pojedina\u010dne prostorije).\u00a0 Sadr\u017ei:1 Vitoconnect, tip OPTO2 3x ViCare radijatorski termostat\" \/>\n<meta property=\"og:url\" content=\"https:\/\/termoshop.hr\/?product=starter-paket-radiator-eco\" \/>\n<meta property=\"og:site_name\" content=\"Termoshop\" \/>\n<meta property=\"article:publisher\" content=\"https:\/\/www.facebook.com\/promil.doo\/\" \/>\n<meta property=\"article:modified_time\" content=\"2024-03-03T17:39:19+00:00\" \/>\n<meta property=\"og:image\" content=\"https:\/\/termoshop.hr\/wp-content\/uploads\/2020\/12\/54-Starter-paket-Radiator-Eco.jpg\" \/>\n\t<meta property=\"og:image:width\" content=\"800\" \/>\n\t<meta property=\"og:image:height\" content=\"800\" \/>\n\t<meta property=\"og:image:type\" content=\"image\/jpeg\" \/>\n<meta name=\"twitter:card\" content=\"summary_large_image\" \/>\n<meta name=\"twitter:label1\" content=\"Procijenjeno vrijeme \u010ditanja\" \/>\n\t<meta name=\"twitter:data1\" content=\"2 minute\" \/>\n<script type=\"application\/ld+json\" class=\"yoast-schema-graph\">{\"@context\":\"https:\/\/schema.org\",\"@graph\":[{\"@type\":\"WebPage\",\"@id\":\"https:\/\/termoshop.hr\/?product=starter-paket-radiator-eco\",\"url\":\"https:\/\/termoshop.hr\/?product=starter-paket-radiator-eco\",\"name\":\"Starter paket Radiator Eco - Termoshop\",\"isPartOf\":{\"@id\":\"https:\/\/termoshop.hr\/#website\"},\"primaryImageOfPage\":{\"@id\":\"https:\/\/termoshop.hr\/?product=starter-paket-radiator-eco#primaryimage\"},\"image\":{\"@id\":\"https:\/\/termoshop.hr\/?product=starter-paket-radiator-eco#primaryimage\"},\"thumbnailUrl\":\"https:\/\/termoshop.hr\/wp-content\/uploads\/2020\/12\/54-Starter-paket-Radiator-Eco.jpg\",\"datePublished\":\"2024-03-03T13:52:20+00:00\",\"dateModified\":\"2024-03-03T17:39:19+00:00\",\"breadcrumb\":{\"@id\":\"https:\/\/termoshop.hr\/?product=starter-paket-radiator-eco#breadcrumb\"},\"inLanguage\":\"hr\",\"potentialAction\":[{\"@type\":\"ReadAction\",\"target\":[\"https:\/\/termoshop.hr\/?product=starter-paket-radiator-eco\"]}]},{\"@type\":\"ImageObject\",\"inLanguage\":\"hr\",\"@id\":\"https:\/\/termoshop.hr\/?product=starter-paket-radiator-eco#primaryimage\",\"url\":\"https:\/\/termoshop.hr\/wp-content\/uploads\/2020\/12\/54-Starter-paket-Radiator-Eco.jpg\",\"contentUrl\":\"https:\/\/termoshop.hr\/wp-content\/uploads\/2020\/12\/54-Starter-paket-Radiator-Eco.jpg\",\"width\":800,\"height\":800,\"caption\":\"Starter paket Radiator Eco\"},{\"@type\":\"BreadcrumbList\",\"@id\":\"https:\/\/termoshop.hr\/?product=starter-paket-radiator-eco#breadcrumb\",\"itemListElement\":[{\"@type\":\"ListItem\",\"position\":1,\"name\":\"Po\u010detna stranica\",\"item\":\"https:\/\/termoshop.hr\/\"},{\"@type\":\"ListItem\",\"position\":2,\"name\":\"Web trgovina\",\"item\":\"https:\/\/termoshop.hr\/?page_id=7\"},{\"@type\":\"ListItem\",\"position\":3,\"name\":\"Starter paket Radiator Eco\"}]},{\"@type\":\"WebSite\",\"@id\":\"https:\/\/termoshop.hr\/#website\",\"url\":\"https:\/\/termoshop.hr\/\",\"name\":\"Termoshop.hr\",\"description\":\"Web trgovina\",\"publisher\":{\"@id\":\"https:\/\/termoshop.hr\/#organization\"},\"alternateName\":\"Termoshop\",\"potentialAction\":[{\"@type\":\"SearchAction\",\"target\":{\"@type\":\"EntryPoint\",\"urlTemplate\":\"https:\/\/termoshop.hr\/?s={search_term_string}\"},\"query-input\":{\"@type\":\"PropertyValueSpecification\",\"valueRequired\":true,\"valueName\":\"search_term_string\"}}],\"inLanguage\":\"hr\"},{\"@type\":\"Organization\",\"@id\":\"https:\/\/termoshop.hr\/#organization\",\"name\":\"Termoshop\",\"url\":\"https:\/\/termoshop.hr\/\",\"logo\":{\"@type\":\"ImageObject\",\"inLanguage\":\"hr\",\"@id\":\"https:\/\/termoshop.hr\/#\/schema\/logo\/image\/\",\"url\":\"https:\/\/termoshop.hr\/wp-content\/uploads\/2023\/10\/termo-shop-logo-1605741401.png\",\"contentUrl\":\"https:\/\/termoshop.hr\/wp-content\/uploads\/2023\/10\/termo-shop-logo-1605741401.png\",\"width\":551,\"height\":96,\"caption\":\"Termoshop\"},\"image\":{\"@id\":\"https:\/\/termoshop.hr\/#\/schema\/logo\/image\/\"},\"sameAs\":[\"https:\/\/www.facebook.com\/promil.doo\/\"]}]}<\/script>\n<!-- \/ Yoast SEO plugin. -->","yoast_head_json":{"title":"Starter paket Radiator Eco - Termoshop","robots":{"index":"index","follow":"follow","max-snippet":"max-snippet:-1","max-image-preview":"max-image-preview:large","max-video-preview":"max-video-preview:-1"},"canonical":"https:\/\/termoshop.hr\/?product=starter-paket-radiator-eco","og_locale":"hr_HR","og_type":"article","og_title":"Starter paket Radiator Eco - Termoshop","og_description":"Paket za prvu izvedbu regulacijske klase 8 (min. 3 prostora s regulacijom pojedina\u010dne prostorije).\u00a0 Sadr\u017ei:1 Vitoconnect, tip OPTO2 3x ViCare radijatorski termostat","og_url":"https:\/\/termoshop.hr\/?product=starter-paket-radiator-eco","og_site_name":"Termoshop","article_publisher":"https:\/\/www.facebook.com\/promil.doo\/","article_modified_time":"2024-03-03T17:39:19+00:00","og_image":[{"width":800,"height":800,"url":"https:\/\/termoshop.hr\/wp-content\/uploads\/2020\/12\/54-Starter-paket-Radiator-Eco.jpg","type":"image\/jpeg"}],"twitter_card":"summary_large_image","twitter_misc":{"Procijenjeno vrijeme \u010ditanja":"2 minute"},"schema":{"@context":"https:\/\/schema.org","@graph":[{"@type":"WebPage","@id":"https:\/\/termoshop.hr\/?product=starter-paket-radiator-eco","url":"https:\/\/termoshop.hr\/?product=starter-paket-radiator-eco","name":"Starter paket Radiator Eco - Termoshop","isPartOf":{"@id":"https:\/\/termoshop.hr\/#website"},"primaryImageOfPage":{"@id":"https:\/\/termoshop.hr\/?product=starter-paket-radiator-eco#primaryimage"},"image":{"@id":"https:\/\/termoshop.hr\/?product=starter-paket-radiator-eco#primaryimage"},"thumbnailUrl":"https:\/\/termoshop.hr\/wp-content\/uploads\/2020\/12\/54-Starter-paket-Radiator-Eco.jpg","datePublished":"2024-03-03T13:52:20+00:00","dateModified":"2024-03-03T17:39:19+00:00","breadcrumb":{"@id":"https:\/\/termoshop.hr\/?product=starter-paket-radiator-eco#breadcrumb"},"inLanguage":"hr","potentialAction":[{"@type":"ReadAction","target":["https:\/\/termoshop.hr\/?product=starter-paket-radiator-eco"]}]},{"@type":"ImageObject","inLanguage":"hr","@id":"https:\/\/termoshop.hr\/?product=starter-paket-radiator-eco#primaryimage","url":"https:\/\/termoshop.hr\/wp-content\/uploads\/2020\/12\/54-Starter-paket-Radiator-Eco.jpg","contentUrl":"https:\/\/termoshop.hr\/wp-content\/uploads\/2020\/12\/54-Starter-paket-Radiator-Eco.jpg","width":800,"height":800,"caption":"Starter paket Radiator Eco"},{"@type":"BreadcrumbList","@id":"https:\/\/termoshop.hr\/?product=starter-paket-radiator-eco#breadcrumb","itemListElement":[{"@type":"ListItem","position":1,"name":"Po\u010detna stranica","item":"https:\/\/termoshop.hr\/"},{"@type":"ListItem","position":2,"name":"Web trgovina","item":"https:\/\/termoshop.hr\/?page_id=7"},{"@type":"ListItem","position":3,"name":"Starter paket Radiator Eco"}]},{"@type":"WebSite","@id":"https:\/\/termoshop.hr\/#website","url":"https:\/\/termoshop.hr\/","name":"Termoshop.hr","description":"Web trgovina","publisher":{"@id":"https:\/\/termoshop.hr\/#organization"},"alternateName":"Termoshop","potentialAction":[{"@type":"SearchAction","target":{"@type":"EntryPoint","urlTemplate":"https:\/\/termoshop.hr\/?s={search_term_string}"},"query-input":{"@type":"PropertyValueSpecification","valueRequired":true,"valueName":"search_term_string"}}],"inLanguage":"hr"},{"@type":"Organization","@id":"https:\/\/termoshop.hr\/#organization","name":"Termoshop","url":"https:\/\/termoshop.hr\/","logo":{"@type":"ImageObject","inLanguage":"hr","@id":"https:\/\/termoshop.hr\/#\/schema\/logo\/image\/","url":"https:\/\/termoshop.hr\/wp-content\/uploads\/2023\/10\/termo-shop-logo-1605741401.png","contentUrl":"https:\/\/termoshop.hr\/wp-content\/uploads\/2023\/10\/termo-shop-logo-1605741401.png","width":551,"height":96,"caption":"Termoshop"},"image":{"@id":"https:\/\/termoshop.hr\/#\/schema\/logo\/image\/"},"sameAs":["https:\/\/www.facebook.com\/promil.doo\/"]}]}},"_links":{"self":[{"href":"https:\/\/termoshop.hr\/index.php?rest_route=\/wp\/v2\/product\/69","targetHints":{"allow":["GET"]}}],"collection":[{"href":"https:\/\/termoshop.hr\/index.php?rest_route=\/wp\/v2\/product"}],"about":[{"href":"https:\/\/termoshop.hr\/index.php?rest_route=\/wp\/v2\/types\/product"}],"replies":[{"embeddable":true,"href":"https:\/\/termoshop.hr\/index.php?rest_route=%2Fwp%2Fv2%2Fcomments&post=69"}],"wp:featuredmedia":[{"embeddable":true,"href":"https:\/\/termoshop.hr\/index.php?rest_route=\/wp\/v2\/media\/65"}],"wp:attachment":[{"href":"https:\/\/termoshop.hr\/index.php?rest_route=%2Fwp%2Fv2%2Fmedia&parent=69"}],"wp:term":[{"taxonomy":"product_brand","embeddable":true,"href":"https:\/\/termoshop.hr\/index.php?rest_route=%2Fwp%2Fv2%2Fproduct_brand&post=69"},{"taxonomy":"product_cat","embeddable":true,"href":"https:\/\/termoshop.hr\/index.php?rest_route=%2Fwp%2Fv2%2Fproduct_cat&post=69"},{"taxonomy":"product_tag","embeddable":true,"href":"https:\/\/termoshop.hr\/index.php?rest_route=%2Fwp%2Fv2%2Fproduct_tag&post=69"}],"curies":[{"name":"wp","href":"https:\/\/api.w.org\/{rel}","templated":true}]}}