{"id":64,"date":"2026-02-25T11:19:02","date_gmt":"2026-02-25T10:19:02","guid":{"rendered":"https:\/\/termoshop.hr\/wp\/product\/vitoconnect-ot2-sobni-termostat-vitotrol-100-ot1\/"},"modified":"2026-02-25T14:33:52","modified_gmt":"2026-02-25T13:33:52","slug":"vitoconnect-ot2-sobni-termostat-vitotrol-100-ot1","status":"publish","type":"product","link":"https:\/\/termoshop.hr\/?product=vitoconnect-ot2-sobni-termostat-vitotrol-100-ot1","title":{"rendered":"Vitoconnect OT2 + sobni termostat Vitotrol 100 OT1"},"content":{"rendered":"<p><strong>Vitoconnect OT2 <\/strong><\/p>\n<ul>\n<li>WLAN ure\u0111aj za daljinsko upravljanje i nadzor instalacije grijanja putem aplikacija za mobilne ure\u0111aje (Android i iOS):ViCare.<\/li>\n<li>SAMO\u00a0u kombinaciji sa kotlovima Viessmann Vitodens 1xx-W do generacije 2020<\/li>\n<li>\u017ei\u010dana komunikacija putem Open Therm priklju\u010dka regulatora kotla<\/li>\n<li>WLAN komunikacija s routerom<\/li>\n<\/ul>\n<p><strong>Sobni termostat Vitotrol 100 OT1<\/strong><\/p>\n<ul>\n<li>sura\u0111uje s Vitoconnect OT2 ure\u0111ajem kako bi kontrolirali sobnu temperaturu<\/li>\n<li>s dnevnim programom za grijanje i pripremu tople vode<\/li>\n<\/ul>\n<p>Napomena! Za nesmetan rad Vitoconnect OT2 ure\u0111aja potrebna je trajna internetska veza.<\/p>\n<p><strong>ViCare App<\/strong><\/p>\n<p>ViCare App mobilna aplikacija podr\u017eava sljede\u0107e ure\u0111aje:<\/p>\n<ul>\n<li>ure\u0111aje s opretivnim sistemom Apple iOS od verzije 8 na vi\u0161e<\/li>\n<li>ure\u0111aje s operativnim sistemom Android od verzije 4.0 na vi\u0161e<\/li>\n<li>Glavne zna\u010dajke proizvoda za instalacije grijanja<\/li>\n<li>korisnik instalacije u svako doba zna status svog sustava grijanja<\/li>\n<li>poruka s prijavom gre\u0161ke na ure\u0111aju<\/li>\n<li>pode\u0161avanje temperature prostorije ili na\u010dina rada<\/li>\n<li>pode\u0161avanje vremena grijanja uz pomo\u0107 asistenta<\/li>\n<li>postavljanje potrebne temperature tople vode i pode\u0161avanje vremena zagrijavanja vode<\/li>\n<li>automatski spremljeni kontakt podaci instalacije grijanja<\/li>\n<li>jednostavan prijenos podataka od instalacije npr. porukom o gre\u0161ci putem e-maila ili telefonski kontaktiranjem<\/li>\n<li>servisne tvrtke<\/li>\n<\/ul>\n","protected":false},"excerpt":{"rendered":"<p>Vitoconnect OT2 WLAN ure\u0111aj za daljinsko upravljanje i nadzor instalacije grijanja putem aplikacija za mobilne ure\u0111aje<\/p>\n<p>Sobni termostat Vitotrol 100 OT1<\/p>\n<p>SAMO\u00a0u kombinaciji sa kotlovima Viessmann Vitodens 1xx-W do generacije 2020<\/p>\n","protected":false},"featured_media":59,"comment_status":"open","ping_status":"closed","template":"","meta":[],"product_brand":[],"product_cat":[20],"product_tag":[],"class_list":{"0":"post-64","1":"product","2":"type-product","3":"status-publish","4":"has-post-thumbnail","6":"product_cat-a2pametno-upravljanje","8":"first","9":"onbackorder","10":"sale","11":"taxable","12":"shipping-taxable","13":"purchasable","14":"product-type-simple"},"yoast_head":"<!-- This site is optimized with the Yoast SEO plugin v26.9 - https:\/\/yoast.com\/product\/yoast-seo-wordpress\/ -->\n<title>Vitoconnect OT2 + sobni termostat Vitotrol 100 OT1 - Termoshop<\/title>\n<meta name=\"robots\" content=\"index, follow, max-snippet:-1, max-image-preview:large, max-video-preview:-1\" \/>\n<link rel=\"canonical\" href=\"https:\/\/termoshop.hr\/?product=vitoconnect-ot2-sobni-termostat-vitotrol-100-ot1\" \/>\n<meta property=\"og:locale\" content=\"hr_HR\" \/>\n<meta property=\"og:type\" content=\"article\" \/>\n<meta property=\"og:title\" content=\"Vitoconnect OT2 + sobni termostat Vitotrol 100 OT1 - Termoshop\" \/>\n<meta property=\"og:description\" content=\"Vitoconnect OT2 WLAN ure\u0111aj za daljinsko upravljanje i nadzor instalacije grijanja putem aplikacija za mobilne ure\u0111aje  Sobni termostat Vitotrol 100 OT1  SAMO\u00a0u kombinaciji sa kotlovima Viessmann Vitodens 1xx-W do generacije 2020\" \/>\n<meta property=\"og:url\" content=\"https:\/\/termoshop.hr\/?product=vitoconnect-ot2-sobni-termostat-vitotrol-100-ot1\" \/>\n<meta property=\"og:site_name\" content=\"Termoshop\" \/>\n<meta property=\"article:publisher\" content=\"https:\/\/www.facebook.com\/promil.doo\/\" \/>\n<meta property=\"article:modified_time\" content=\"2026-02-25T13:33:52+00:00\" \/>\n<meta property=\"og:image\" content=\"https:\/\/termoshop.hr\/wp-content\/uploads\/2020\/12\/44-Vitoconnect-OT2-sobni-termostat-Vitotrol-100-OT1.jpg\" \/>\n\t<meta property=\"og:image:width\" content=\"630\" \/>\n\t<meta property=\"og:image:height\" content=\"630\" \/>\n\t<meta property=\"og:image:type\" content=\"image\/jpeg\" \/>\n<meta name=\"twitter:card\" content=\"summary_large_image\" \/>\n<meta name=\"twitter:label1\" content=\"Procijenjeno vrijeme \u010ditanja\" \/>\n\t<meta name=\"twitter:data1\" content=\"2 minute\" \/>\n<script type=\"application\/ld+json\" class=\"yoast-schema-graph\">{\"@context\":\"https:\/\/schema.org\",\"@graph\":[{\"@type\":\"WebPage\",\"@id\":\"https:\/\/termoshop.hr\/?product=vitoconnect-ot2-sobni-termostat-vitotrol-100-ot1\",\"url\":\"https:\/\/termoshop.hr\/?product=vitoconnect-ot2-sobni-termostat-vitotrol-100-ot1\",\"name\":\"Vitoconnect OT2 + sobni termostat Vitotrol 100 OT1 - Termoshop\",\"isPartOf\":{\"@id\":\"https:\/\/termoshop.hr\/#website\"},\"primaryImageOfPage\":{\"@id\":\"https:\/\/termoshop.hr\/?product=vitoconnect-ot2-sobni-termostat-vitotrol-100-ot1#primaryimage\"},\"image\":{\"@id\":\"https:\/\/termoshop.hr\/?product=vitoconnect-ot2-sobni-termostat-vitotrol-100-ot1#primaryimage\"},\"thumbnailUrl\":\"https:\/\/termoshop.hr\/wp-content\/uploads\/2020\/12\/44-Vitoconnect-OT2-sobni-termostat-Vitotrol-100-OT1.jpg\",\"datePublished\":\"2026-02-25T10:19:02+00:00\",\"dateModified\":\"2026-02-25T13:33:52+00:00\",\"breadcrumb\":{\"@id\":\"https:\/\/termoshop.hr\/?product=vitoconnect-ot2-sobni-termostat-vitotrol-100-ot1#breadcrumb\"},\"inLanguage\":\"hr\",\"potentialAction\":[{\"@type\":\"ReadAction\",\"target\":[\"https:\/\/termoshop.hr\/?product=vitoconnect-ot2-sobni-termostat-vitotrol-100-ot1\"]}]},{\"@type\":\"ImageObject\",\"inLanguage\":\"hr\",\"@id\":\"https:\/\/termoshop.hr\/?product=vitoconnect-ot2-sobni-termostat-vitotrol-100-ot1#primaryimage\",\"url\":\"https:\/\/termoshop.hr\/wp-content\/uploads\/2020\/12\/44-Vitoconnect-OT2-sobni-termostat-Vitotrol-100-OT1.jpg\",\"contentUrl\":\"https:\/\/termoshop.hr\/wp-content\/uploads\/2020\/12\/44-Vitoconnect-OT2-sobni-termostat-Vitotrol-100-OT1.jpg\",\"width\":630,\"height\":630,\"caption\":\"Vitoconnect OT2 + sobni termostat Vitotrol 100 OT1\"},{\"@type\":\"BreadcrumbList\",\"@id\":\"https:\/\/termoshop.hr\/?product=vitoconnect-ot2-sobni-termostat-vitotrol-100-ot1#breadcrumb\",\"itemListElement\":[{\"@type\":\"ListItem\",\"position\":1,\"name\":\"Po\u010detna stranica\",\"item\":\"https:\/\/termoshop.hr\/\"},{\"@type\":\"ListItem\",\"position\":2,\"name\":\"Web trgovina\",\"item\":\"https:\/\/termoshop.hr\/?page_id=7\"},{\"@type\":\"ListItem\",\"position\":3,\"name\":\"Vitoconnect OT2 + sobni termostat Vitotrol 100 OT1\"}]},{\"@type\":\"WebSite\",\"@id\":\"https:\/\/termoshop.hr\/#website\",\"url\":\"https:\/\/termoshop.hr\/\",\"name\":\"Termoshop.hr\",\"description\":\"Web trgovina\",\"publisher\":{\"@id\":\"https:\/\/termoshop.hr\/#organization\"},\"alternateName\":\"Termoshop\",\"potentialAction\":[{\"@type\":\"SearchAction\",\"target\":{\"@type\":\"EntryPoint\",\"urlTemplate\":\"https:\/\/termoshop.hr\/?s={search_term_string}\"},\"query-input\":{\"@type\":\"PropertyValueSpecification\",\"valueRequired\":true,\"valueName\":\"search_term_string\"}}],\"inLanguage\":\"hr\"},{\"@type\":\"Organization\",\"@id\":\"https:\/\/termoshop.hr\/#organization\",\"name\":\"Termoshop\",\"url\":\"https:\/\/termoshop.hr\/\",\"logo\":{\"@type\":\"ImageObject\",\"inLanguage\":\"hr\",\"@id\":\"https:\/\/termoshop.hr\/#\/schema\/logo\/image\/\",\"url\":\"https:\/\/termoshop.hr\/wp-content\/uploads\/2023\/10\/termo-shop-logo-1605741401.png\",\"contentUrl\":\"https:\/\/termoshop.hr\/wp-content\/uploads\/2023\/10\/termo-shop-logo-1605741401.png\",\"width\":551,\"height\":96,\"caption\":\"Termoshop\"},\"image\":{\"@id\":\"https:\/\/termoshop.hr\/#\/schema\/logo\/image\/\"},\"sameAs\":[\"https:\/\/www.facebook.com\/promil.doo\/\"]}]}<\/script>\n<!-- \/ Yoast SEO plugin. -->","yoast_head_json":{"title":"Vitoconnect OT2 + sobni termostat Vitotrol 100 OT1 - Termoshop","robots":{"index":"index","follow":"follow","max-snippet":"max-snippet:-1","max-image-preview":"max-image-preview:large","max-video-preview":"max-video-preview:-1"},"canonical":"https:\/\/termoshop.hr\/?product=vitoconnect-ot2-sobni-termostat-vitotrol-100-ot1","og_locale":"hr_HR","og_type":"article","og_title":"Vitoconnect OT2 + sobni termostat Vitotrol 100 OT1 - Termoshop","og_description":"Vitoconnect OT2 WLAN ure\u0111aj za daljinsko upravljanje i nadzor instalacije grijanja putem aplikacija za mobilne ure\u0111aje  Sobni termostat Vitotrol 100 OT1  SAMO\u00a0u kombinaciji sa kotlovima Viessmann Vitodens 1xx-W do generacije 2020","og_url":"https:\/\/termoshop.hr\/?product=vitoconnect-ot2-sobni-termostat-vitotrol-100-ot1","og_site_name":"Termoshop","article_publisher":"https:\/\/www.facebook.com\/promil.doo\/","article_modified_time":"2026-02-25T13:33:52+00:00","og_image":[{"width":630,"height":630,"url":"https:\/\/termoshop.hr\/wp-content\/uploads\/2020\/12\/44-Vitoconnect-OT2-sobni-termostat-Vitotrol-100-OT1.jpg","type":"image\/jpeg"}],"twitter_card":"summary_large_image","twitter_misc":{"Procijenjeno vrijeme \u010ditanja":"2 minute"},"schema":{"@context":"https:\/\/schema.org","@graph":[{"@type":"WebPage","@id":"https:\/\/termoshop.hr\/?product=vitoconnect-ot2-sobni-termostat-vitotrol-100-ot1","url":"https:\/\/termoshop.hr\/?product=vitoconnect-ot2-sobni-termostat-vitotrol-100-ot1","name":"Vitoconnect OT2 + sobni termostat Vitotrol 100 OT1 - Termoshop","isPartOf":{"@id":"https:\/\/termoshop.hr\/#website"},"primaryImageOfPage":{"@id":"https:\/\/termoshop.hr\/?product=vitoconnect-ot2-sobni-termostat-vitotrol-100-ot1#primaryimage"},"image":{"@id":"https:\/\/termoshop.hr\/?product=vitoconnect-ot2-sobni-termostat-vitotrol-100-ot1#primaryimage"},"thumbnailUrl":"https:\/\/termoshop.hr\/wp-content\/uploads\/2020\/12\/44-Vitoconnect-OT2-sobni-termostat-Vitotrol-100-OT1.jpg","datePublished":"2026-02-25T10:19:02+00:00","dateModified":"2026-02-25T13:33:52+00:00","breadcrumb":{"@id":"https:\/\/termoshop.hr\/?product=vitoconnect-ot2-sobni-termostat-vitotrol-100-ot1#breadcrumb"},"inLanguage":"hr","potentialAction":[{"@type":"ReadAction","target":["https:\/\/termoshop.hr\/?product=vitoconnect-ot2-sobni-termostat-vitotrol-100-ot1"]}]},{"@type":"ImageObject","inLanguage":"hr","@id":"https:\/\/termoshop.hr\/?product=vitoconnect-ot2-sobni-termostat-vitotrol-100-ot1#primaryimage","url":"https:\/\/termoshop.hr\/wp-content\/uploads\/2020\/12\/44-Vitoconnect-OT2-sobni-termostat-Vitotrol-100-OT1.jpg","contentUrl":"https:\/\/termoshop.hr\/wp-content\/uploads\/2020\/12\/44-Vitoconnect-OT2-sobni-termostat-Vitotrol-100-OT1.jpg","width":630,"height":630,"caption":"Vitoconnect OT2 + sobni termostat Vitotrol 100 OT1"},{"@type":"BreadcrumbList","@id":"https:\/\/termoshop.hr\/?product=vitoconnect-ot2-sobni-termostat-vitotrol-100-ot1#breadcrumb","itemListElement":[{"@type":"ListItem","position":1,"name":"Po\u010detna stranica","item":"https:\/\/termoshop.hr\/"},{"@type":"ListItem","position":2,"name":"Web trgovina","item":"https:\/\/termoshop.hr\/?page_id=7"},{"@type":"ListItem","position":3,"name":"Vitoconnect OT2 + sobni termostat Vitotrol 100 OT1"}]},{"@type":"WebSite","@id":"https:\/\/termoshop.hr\/#website","url":"https:\/\/termoshop.hr\/","name":"Termoshop.hr","description":"Web trgovina","publisher":{"@id":"https:\/\/termoshop.hr\/#organization"},"alternateName":"Termoshop","potentialAction":[{"@type":"SearchAction","target":{"@type":"EntryPoint","urlTemplate":"https:\/\/termoshop.hr\/?s={search_term_string}"},"query-input":{"@type":"PropertyValueSpecification","valueRequired":true,"valueName":"search_term_string"}}],"inLanguage":"hr"},{"@type":"Organization","@id":"https:\/\/termoshop.hr\/#organization","name":"Termoshop","url":"https:\/\/termoshop.hr\/","logo":{"@type":"ImageObject","inLanguage":"hr","@id":"https:\/\/termoshop.hr\/#\/schema\/logo\/image\/","url":"https:\/\/termoshop.hr\/wp-content\/uploads\/2023\/10\/termo-shop-logo-1605741401.png","contentUrl":"https:\/\/termoshop.hr\/wp-content\/uploads\/2023\/10\/termo-shop-logo-1605741401.png","width":551,"height":96,"caption":"Termoshop"},"image":{"@id":"https:\/\/termoshop.hr\/#\/schema\/logo\/image\/"},"sameAs":["https:\/\/www.facebook.com\/promil.doo\/"]}]}},"_links":{"self":[{"href":"https:\/\/termoshop.hr\/index.php?rest_route=\/wp\/v2\/product\/64","targetHints":{"allow":["GET"]}}],"collection":[{"href":"https:\/\/termoshop.hr\/index.php?rest_route=\/wp\/v2\/product"}],"about":[{"href":"https:\/\/termoshop.hr\/index.php?rest_route=\/wp\/v2\/types\/product"}],"replies":[{"embeddable":true,"href":"https:\/\/termoshop.hr\/index.php?rest_route=%2Fwp%2Fv2%2Fcomments&post=64"}],"wp:featuredmedia":[{"embeddable":true,"href":"https:\/\/termoshop.hr\/index.php?rest_route=\/wp\/v2\/media\/59"}],"wp:attachment":[{"href":"https:\/\/termoshop.hr\/index.php?rest_route=%2Fwp%2Fv2%2Fmedia&parent=64"}],"wp:term":[{"taxonomy":"product_brand","embeddable":true,"href":"https:\/\/termoshop.hr\/index.php?rest_route=%2Fwp%2Fv2%2Fproduct_brand&post=64"},{"taxonomy":"product_cat","embeddable":true,"href":"https:\/\/termoshop.hr\/index.php?rest_route=%2Fwp%2Fv2%2Fproduct_cat&post=64"},{"taxonomy":"product_tag","embeddable":true,"href":"https:\/\/termoshop.hr\/index.php?rest_route=%2Fwp%2Fv2%2Fproduct_tag&post=64"}],"curies":[{"name":"wp","href":"https:\/\/api.w.org\/{rel}","templated":true}]}}