{"id":58,"date":"2024-03-03T15:37:59","date_gmt":"2024-03-03T14:37:59","guid":{"rendered":"https:\/\/termoshop.hr\/wp\/product\/tado-starter-kit-v3\/"},"modified":"2026-02-25T14:32:07","modified_gmt":"2026-02-25T13:32:07","slug":"tado-starter","status":"publish","type":"product","link":"https:\/\/termoshop.hr\/?product=tado-starter","title":{"rendered":"Tado Starter kit V3+"},"content":{"rendered":"<p>Pametni Tado\u00b0 Smart termostat (OpenTherm i on\/off)<\/p>\n<ul>\n<li>za upravljanje grijanjem preko interneta<\/li>\n<li>za nove i stare instalacije<\/li>\n<li>jednostavno upravljanje i ugradnja, be\u017ei\u010dni ili s fiksnom vezom<\/li>\n<li>prilagodba (pode\u0161avanje temperature) na temelju geolokalizacije uku\u0107ana, kao i na temelju podataka o vremenskim prognozama<\/li>\n<li>upravljanje preko smartphone-a ili interneta s pregledom vremena rada i u\u0161teda na tro\u0161kovima grijanja (do 30%)<\/li>\n<li>automatsko prepoznavanje &#8220;otvorenog prozora&#8221;<\/li>\n<li>integracija s platformama kao \u0161to su Amazon Alexa, Apple homekit, Google asistent,<\/li>\n<li>izvje\u0161\u0107a o gre\u0161kama (od 4. kvartala 2018.g.)<\/li>\n<li>o\u010ditavanje statusa instalacije putem Viessmann Vitoguide platforme v2 (od 4. kvartala 2018.g.), samo uz verziju Viessmann Tado \u00b0<\/li>\n<li>tako\u0111er kompatibilan s drugim markama kotlova<\/li>\n<li>op\u0107enito kompatibilno s:<\/li>\n<li>\u00a0 \u00a0svi sustavi s kontaktni upravljanjem (najvi\u0161e 2 releja i struja uklapanja od najvi\u0161e 6A)<\/li>\n<li>\u00a0 \u00a0digitalni BUS sustavi tvrtke Viessmann, Buderus, Vaillant, Junkers, Wolf, Br\u00f6tje i OpenTherm<\/li>\n<li>\u00a0 \u00a0analogni signal (na&gt; 90% sustava)<\/li>\n<\/ul>\n<p>Specifikacije tado\u00b0 termostata:<\/p>\n<ul>\n<li>Napajanje: 4.5 VDC (3 AAA baterije,1200 mAh)<\/li>\n<li>Su\u010delje: LED matrica 10 \u00d7 19 LED, 32 \u00d7 20 mm \/ gumbi: 2 \u00d7 kapacitivni dodir, 1 \u00d7 mehani\u010dki<\/li>\n<li>Pametni termostat (v\u00d7\u0161\u00d7d): 104 \u00d7 104 \u00d7 17 mm<\/li>\n<li>Internetski most (v\u00d7\u0161\u00d7d): 81 \u00d7 27 \u00d7 22 mm<\/li>\n<li>Komplet za pro\u0161irenje (v\u00d7\u0161\u00d7d): 102 \u00d7 150 \u00d7 28 mm<\/li>\n<li>Senzori: temperatura \/ vlaga \/ ambijentalno svjetlo<\/li>\n<li>Ekolo\u0161ki certifikati: Njema\u010dko in\u017eenjerstvo, certificirano za proizvodnju: ISO 14001 \/ ISO 9001 \/ BS OHSAS 18001 \/ RoHS ambala\u017ea koja se mo\u017ee reciklirati<\/li>\n<li>Priklju\u010dak za internet: preko tado\u00b0 Internet Bridgea spojenog na Ethernet priklju\u010dak internetskog rutera (usmjeriva\u010da)<\/li>\n<li>Radio komunikacija (izme\u0111u ure\u0111aja): 868 MHz (6LoWPAN)<\/li>\n<li>\u0160ifriranje podataka: TLS 1.2 (SSL), 2048-bitni pro\u0161ireni certifikat za provjeru valjanosti \/ LS 1.2 (SSL), \u0161ifriranje pomo\u0107u 256-bitne elipti\u010dke krivulje \/ AES-CCM enkripcija<\/li>\n<li>Materijal i zavr\u0161na obrada proizvoda: PC + ABS plastika \/ bijela, mat<\/li>\n<li>Jezici: engleski \/ njema\u010dki \/ francuski \/ talijanski \/ \u0161panjolski \/ nizozemski<\/li>\n<li>Jamstvo: 2 godine<\/li>\n<li>Integracija<\/li>\n<li>Paket tado\u00b0 termostat + V3 modul nudi nekoliko mogu\u0107nosti integracije, kao \u0161to su Apple HomeKit, Google Home, Amazon Echo i IFTTT.<\/li>\n<li>U\u010dinite da tado\u00b0 bude dio va\u0161eg povezanog doma. Stvorite scene s Apple HomeKit, koristite Siri, Google Assistanta ili Amazon Echo za glasovno upravljanje grijanjem i stvorite Applete s IFTTT-om za povezivanje s drugim aplikacijama i pametnim ure\u0111ajima.<\/li>\n<li>Aplikacija:<\/li>\n<li>Za iOS 10, Android 5 ili novije<\/li>\n<\/ul>\n","protected":false},"excerpt":{"rendered":"<p>Kit sadr\u017ei: Tado Pametni termostat, 3 AAA- baterije, internet bridge + mre\u017eni utika\u010d, USB i mre\u017eni kabel,<\/p>\n","protected":false},"featured_media":52,"comment_status":"open","ping_status":"closed","template":"","meta":[],"product_brand":[],"product_cat":[95,20],"product_tag":[],"class_list":{"0":"post-58","1":"product","2":"type-product","3":"status-publish","4":"has-post-thumbnail","6":"product_cat-istaknuti-proizvodi","7":"product_cat-a2pametno-upravljanje","9":"first","10":"instock","11":"sale","12":"taxable","13":"shipping-taxable","14":"purchasable","15":"product-type-simple"},"yoast_head":"<!-- This site is optimized with the Yoast SEO plugin v26.9 - https:\/\/yoast.com\/product\/yoast-seo-wordpress\/ -->\n<title>Tado Starter kit V3+ - Termoshop<\/title>\n<meta name=\"description\" content=\"U\u010dinite da tado\u00b0 bude dio va\u0161eg povezanog doma. Stvorite scene s Apple HomeKit, koristite Siri, Google Assistanta ili Amazon Echo za glasovno...\" \/>\n<meta name=\"robots\" content=\"index, follow, max-snippet:-1, max-image-preview:large, max-video-preview:-1\" \/>\n<link rel=\"canonical\" href=\"https:\/\/termoshop.hr\/?product=tado-starter\" \/>\n<meta property=\"og:locale\" content=\"hr_HR\" \/>\n<meta property=\"og:type\" content=\"article\" \/>\n<meta property=\"og:title\" content=\"Tado Starter kit V3+ - Termoshop\" \/>\n<meta property=\"og:description\" content=\"U\u010dinite da tado\u00b0 bude dio va\u0161eg povezanog doma. Stvorite scene s Apple HomeKit, koristite Siri, Google Assistanta ili Amazon Echo za glasovno...\" \/>\n<meta property=\"og:url\" content=\"https:\/\/termoshop.hr\/?product=tado-starter\" \/>\n<meta property=\"og:site_name\" content=\"Termoshop\" \/>\n<meta property=\"article:publisher\" content=\"https:\/\/www.facebook.com\/promil.doo\/\" \/>\n<meta property=\"article:modified_time\" content=\"2026-02-25T13:32:07+00:00\" \/>\n<meta property=\"og:image\" content=\"https:\/\/termoshop.hr\/wp-content\/uploads\/2020\/12\/32-Tado-Starter-kit-V3.jpg\" \/>\n\t<meta property=\"og:image:width\" content=\"372\" \/>\n\t<meta property=\"og:image:height\" content=\"461\" \/>\n\t<meta property=\"og:image:type\" content=\"image\/jpeg\" \/>\n<meta name=\"twitter:card\" content=\"summary_large_image\" \/>\n<meta name=\"twitter:label1\" content=\"Procijenjeno vrijeme \u010ditanja\" \/>\n\t<meta name=\"twitter:data1\" content=\"3 minute\" \/>\n<script type=\"application\/ld+json\" class=\"yoast-schema-graph\">{\"@context\":\"https:\/\/schema.org\",\"@graph\":[{\"@type\":\"WebPage\",\"@id\":\"https:\/\/termoshop.hr\/?product=tado-starter\",\"url\":\"https:\/\/termoshop.hr\/?product=tado-starter\",\"name\":\"Tado Starter kit V3+ - Termoshop\",\"isPartOf\":{\"@id\":\"https:\/\/termoshop.hr\/#website\"},\"primaryImageOfPage\":{\"@id\":\"https:\/\/termoshop.hr\/?product=tado-starter#primaryimage\"},\"image\":{\"@id\":\"https:\/\/termoshop.hr\/?product=tado-starter#primaryimage\"},\"thumbnailUrl\":\"https:\/\/termoshop.hr\/wp-content\/uploads\/2020\/12\/32-Tado-Starter-kit-V3.jpg\",\"datePublished\":\"2024-03-03T14:37:59+00:00\",\"dateModified\":\"2026-02-25T13:32:07+00:00\",\"description\":\"U\u010dinite da tado\u00b0 bude dio va\u0161eg povezanog doma. Stvorite scene s Apple HomeKit, koristite Siri, Google Assistanta ili Amazon Echo za glasovno...\",\"breadcrumb\":{\"@id\":\"https:\/\/termoshop.hr\/?product=tado-starter#breadcrumb\"},\"inLanguage\":\"hr\",\"potentialAction\":[{\"@type\":\"ReadAction\",\"target\":[\"https:\/\/termoshop.hr\/?product=tado-starter\"]}]},{\"@type\":\"ImageObject\",\"inLanguage\":\"hr\",\"@id\":\"https:\/\/termoshop.hr\/?product=tado-starter#primaryimage\",\"url\":\"https:\/\/termoshop.hr\/wp-content\/uploads\/2020\/12\/32-Tado-Starter-kit-V3.jpg\",\"contentUrl\":\"https:\/\/termoshop.hr\/wp-content\/uploads\/2020\/12\/32-Tado-Starter-kit-V3.jpg\",\"width\":372,\"height\":461,\"caption\":\"Tado Starter kit V3+\"},{\"@type\":\"BreadcrumbList\",\"@id\":\"https:\/\/termoshop.hr\/?product=tado-starter#breadcrumb\",\"itemListElement\":[{\"@type\":\"ListItem\",\"position\":1,\"name\":\"Po\u010detna stranica\",\"item\":\"https:\/\/termoshop.hr\/\"},{\"@type\":\"ListItem\",\"position\":2,\"name\":\"Web trgovina\",\"item\":\"https:\/\/termoshop.hr\/?page_id=7\"},{\"@type\":\"ListItem\",\"position\":3,\"name\":\"Tado Starter kit V3+\"}]},{\"@type\":\"WebSite\",\"@id\":\"https:\/\/termoshop.hr\/#website\",\"url\":\"https:\/\/termoshop.hr\/\",\"name\":\"Termoshop.hr\",\"description\":\"Web trgovina\",\"publisher\":{\"@id\":\"https:\/\/termoshop.hr\/#organization\"},\"alternateName\":\"Termoshop\",\"potentialAction\":[{\"@type\":\"SearchAction\",\"target\":{\"@type\":\"EntryPoint\",\"urlTemplate\":\"https:\/\/termoshop.hr\/?s={search_term_string}\"},\"query-input\":{\"@type\":\"PropertyValueSpecification\",\"valueRequired\":true,\"valueName\":\"search_term_string\"}}],\"inLanguage\":\"hr\"},{\"@type\":\"Organization\",\"@id\":\"https:\/\/termoshop.hr\/#organization\",\"name\":\"Termoshop\",\"url\":\"https:\/\/termoshop.hr\/\",\"logo\":{\"@type\":\"ImageObject\",\"inLanguage\":\"hr\",\"@id\":\"https:\/\/termoshop.hr\/#\/schema\/logo\/image\/\",\"url\":\"https:\/\/termoshop.hr\/wp-content\/uploads\/2023\/10\/termo-shop-logo-1605741401.png\",\"contentUrl\":\"https:\/\/termoshop.hr\/wp-content\/uploads\/2023\/10\/termo-shop-logo-1605741401.png\",\"width\":551,\"height\":96,\"caption\":\"Termoshop\"},\"image\":{\"@id\":\"https:\/\/termoshop.hr\/#\/schema\/logo\/image\/\"},\"sameAs\":[\"https:\/\/www.facebook.com\/promil.doo\/\"]}]}<\/script>\n<!-- \/ Yoast SEO plugin. -->","yoast_head_json":{"title":"Tado Starter kit V3+ - Termoshop","description":"U\u010dinite da tado\u00b0 bude dio va\u0161eg povezanog doma. Stvorite scene s Apple HomeKit, koristite Siri, Google Assistanta ili Amazon Echo za glasovno...","robots":{"index":"index","follow":"follow","max-snippet":"max-snippet:-1","max-image-preview":"max-image-preview:large","max-video-preview":"max-video-preview:-1"},"canonical":"https:\/\/termoshop.hr\/?product=tado-starter","og_locale":"hr_HR","og_type":"article","og_title":"Tado Starter kit V3+ - Termoshop","og_description":"U\u010dinite da tado\u00b0 bude dio va\u0161eg povezanog doma. Stvorite scene s Apple HomeKit, koristite Siri, Google Assistanta ili Amazon Echo za glasovno...","og_url":"https:\/\/termoshop.hr\/?product=tado-starter","og_site_name":"Termoshop","article_publisher":"https:\/\/www.facebook.com\/promil.doo\/","article_modified_time":"2026-02-25T13:32:07+00:00","og_image":[{"width":372,"height":461,"url":"https:\/\/termoshop.hr\/wp-content\/uploads\/2020\/12\/32-Tado-Starter-kit-V3.jpg","type":"image\/jpeg"}],"twitter_card":"summary_large_image","twitter_misc":{"Procijenjeno vrijeme \u010ditanja":"3 minute"},"schema":{"@context":"https:\/\/schema.org","@graph":[{"@type":"WebPage","@id":"https:\/\/termoshop.hr\/?product=tado-starter","url":"https:\/\/termoshop.hr\/?product=tado-starter","name":"Tado Starter kit V3+ - Termoshop","isPartOf":{"@id":"https:\/\/termoshop.hr\/#website"},"primaryImageOfPage":{"@id":"https:\/\/termoshop.hr\/?product=tado-starter#primaryimage"},"image":{"@id":"https:\/\/termoshop.hr\/?product=tado-starter#primaryimage"},"thumbnailUrl":"https:\/\/termoshop.hr\/wp-content\/uploads\/2020\/12\/32-Tado-Starter-kit-V3.jpg","datePublished":"2024-03-03T14:37:59+00:00","dateModified":"2026-02-25T13:32:07+00:00","description":"U\u010dinite da tado\u00b0 bude dio va\u0161eg povezanog doma. Stvorite scene s Apple HomeKit, koristite Siri, Google Assistanta ili Amazon Echo za glasovno...","breadcrumb":{"@id":"https:\/\/termoshop.hr\/?product=tado-starter#breadcrumb"},"inLanguage":"hr","potentialAction":[{"@type":"ReadAction","target":["https:\/\/termoshop.hr\/?product=tado-starter"]}]},{"@type":"ImageObject","inLanguage":"hr","@id":"https:\/\/termoshop.hr\/?product=tado-starter#primaryimage","url":"https:\/\/termoshop.hr\/wp-content\/uploads\/2020\/12\/32-Tado-Starter-kit-V3.jpg","contentUrl":"https:\/\/termoshop.hr\/wp-content\/uploads\/2020\/12\/32-Tado-Starter-kit-V3.jpg","width":372,"height":461,"caption":"Tado Starter kit V3+"},{"@type":"BreadcrumbList","@id":"https:\/\/termoshop.hr\/?product=tado-starter#breadcrumb","itemListElement":[{"@type":"ListItem","position":1,"name":"Po\u010detna stranica","item":"https:\/\/termoshop.hr\/"},{"@type":"ListItem","position":2,"name":"Web trgovina","item":"https:\/\/termoshop.hr\/?page_id=7"},{"@type":"ListItem","position":3,"name":"Tado Starter kit V3+"}]},{"@type":"WebSite","@id":"https:\/\/termoshop.hr\/#website","url":"https:\/\/termoshop.hr\/","name":"Termoshop.hr","description":"Web trgovina","publisher":{"@id":"https:\/\/termoshop.hr\/#organization"},"alternateName":"Termoshop","potentialAction":[{"@type":"SearchAction","target":{"@type":"EntryPoint","urlTemplate":"https:\/\/termoshop.hr\/?s={search_term_string}"},"query-input":{"@type":"PropertyValueSpecification","valueRequired":true,"valueName":"search_term_string"}}],"inLanguage":"hr"},{"@type":"Organization","@id":"https:\/\/termoshop.hr\/#organization","name":"Termoshop","url":"https:\/\/termoshop.hr\/","logo":{"@type":"ImageObject","inLanguage":"hr","@id":"https:\/\/termoshop.hr\/#\/schema\/logo\/image\/","url":"https:\/\/termoshop.hr\/wp-content\/uploads\/2023\/10\/termo-shop-logo-1605741401.png","contentUrl":"https:\/\/termoshop.hr\/wp-content\/uploads\/2023\/10\/termo-shop-logo-1605741401.png","width":551,"height":96,"caption":"Termoshop"},"image":{"@id":"https:\/\/termoshop.hr\/#\/schema\/logo\/image\/"},"sameAs":["https:\/\/www.facebook.com\/promil.doo\/"]}]}},"_links":{"self":[{"href":"https:\/\/termoshop.hr\/index.php?rest_route=\/wp\/v2\/product\/58","targetHints":{"allow":["GET"]}}],"collection":[{"href":"https:\/\/termoshop.hr\/index.php?rest_route=\/wp\/v2\/product"}],"about":[{"href":"https:\/\/termoshop.hr\/index.php?rest_route=\/wp\/v2\/types\/product"}],"replies":[{"embeddable":true,"href":"https:\/\/termoshop.hr\/index.php?rest_route=%2Fwp%2Fv2%2Fcomments&post=58"}],"wp:featuredmedia":[{"embeddable":true,"href":"https:\/\/termoshop.hr\/index.php?rest_route=\/wp\/v2\/media\/52"}],"wp:attachment":[{"href":"https:\/\/termoshop.hr\/index.php?rest_route=%2Fwp%2Fv2%2Fmedia&parent=58"}],"wp:term":[{"taxonomy":"product_brand","embeddable":true,"href":"https:\/\/termoshop.hr\/index.php?rest_route=%2Fwp%2Fv2%2Fproduct_brand&post=58"},{"taxonomy":"product_cat","embeddable":true,"href":"https:\/\/termoshop.hr\/index.php?rest_route=%2Fwp%2Fv2%2Fproduct_cat&post=58"},{"taxonomy":"product_tag","embeddable":true,"href":"https:\/\/termoshop.hr\/index.php?rest_route=%2Fwp%2Fv2%2Fproduct_tag&post=58"}],"curies":[{"name":"wp","href":"https:\/\/api.w.org\/{rel}","templated":true}]}}