{"id":537,"date":"2024-09-20T12:45:16","date_gmt":"2024-09-20T10:45:16","guid":{"rendered":"https:\/\/termoshop.hr\/wp\/?post_type=product&#038;p=537"},"modified":"2024-09-20T13:16:40","modified_gmt":"2024-09-20T11:16:40","slug":"vitosol-100-fm-paketi-za-ptv","status":"publish","type":"product","link":"https:\/\/termoshop.hr\/?product=vitosol-100-fm-paketi-za-ptv","title":{"rendered":"VITOSOL 100-FM, paketi za PTV"},"content":{"rendered":"<h2 style=\"padding: 0px; margin: 0px 0px 22px; font-family: Univers57, Arial, Helvetica, sans-serif; font-weight: normal; color: #333333; font-size: 24px; line-height: 30px;\">Prednosti Vitosol plo\u010dastih kolektora<\/h2>\n<p style=\"padding: 0px; margin: 0px 0px 19px; font-family: Univers45, Arial, Helvetica, sans-serif; line-height: 26px; color: #555555; font-size: 15px;\">Ukratko, visokou\u010dinkovite Viessmann plo\u010daste kolektore Vitosol 200-FM i Vitosol 100-FM karakteriziraju sljede\u0107e to\u010dke:<\/p>\n<p style=\"padding: 0px; margin: 0px 0px 19px; font-family: Univers45, Arial, Helvetica, sans-serif; line-height: 26px; color: #555555; font-size: 15px;\">+ ThermProtect \u0161titi od pregrijavanja pri visokim vanjskim temperaturama i maloj potro\u0161nji topline<br \/>\n+ veliko solarno pokrivanje<br \/>\n+ Pogodno za podr\u0161ku grijanja i grijanje PTV-a<br \/>\n+ Visoka razina nepropusnosti zahvaljuju\u0107i svestrano zakrivljenom okviru sa staklenom sigurnosnom trakom<br \/>\n+ Brza i jednostavna monta\u017ea, omogu\u0107ena konektorima valovitih cijevi od nehr\u0111aju\u0107eg \u010delika+ pogodan je za razli\u010dite ina\u010dice ugradnje: na krov, ravni krov, krov i fasadu<br \/>\n+ prikladno za vodoravnu i okomitu ugradnju<br \/>\n+ Atraktivan dizajn s mogu\u0107no\u0161\u0107u individualizacije kada je Vitosol 200-FM obojen u RAL<br \/>\n+ Materijali otporni na UV i koroziju za sve komponente<\/p>\n<p style=\"padding: 0px; margin: 0px 0px 19px; font-family: Univers45, Arial, Helvetica, sans-serif; line-height: 26px; color: #555555; font-size: 15px;\">Solarni paket Vitosol 100-FM, tip SV1F, SH1F sastoji se od:<\/p>\n<p style=\"padding: 0px; margin: 0px 0px 19px; font-family: Univers45, Arial, Helvetica, sans-serif; line-height: 26px; color: #555555; font-size: 15px;\">2 kolektora povr\u0161ine apsorbera 4,6 m\u00b2 (spremnik 300 litara) ,<\/p>\n<p style=\"padding: 0px; margin: 0px 0px 19px; font-family: Univers45, Arial, Helvetica, sans-serif; line-height: 26px; color: #555555; font-size: 15px;\">Bivalentni spremnik tople vode Vitocell 100-B, tip CVBA s integriranom pumpnom stanicom SolarDivicon uklju\u010duju\u0107i visokou\u010dinkovitu cirkulacijsku crpku s integriranom solarnom regulacijom Vitosolic 100, tip SD1,<\/p>\n<p style=\"padding: 0px; margin: 0px 0px 19px; font-family: Univers45, Arial, Helvetica, sans-serif; line-height: 26px; color: #555555; font-size: 15px;\">Sustavom za odvajanje zraka i ventilima za punjenje ,<\/p>\n<p style=\"padding: 0px; margin: 0px 0px 19px; font-family: Univers45, Arial, Helvetica, sans-serif; line-height: 26px; color: #555555; font-size: 15px;\">Solarna ekspanzijska posuda 18 litara (monta\u017ea na spremnik) \/ 40 litara , toplinski medij Tyfocor (25 litara) ,<\/p>\n<p style=\"padding: 0px; margin: 0px 0px 19px; font-family: Univers45, Arial, Helvetica, sans-serif; line-height: 26px; color: #555555; font-size: 15px;\">Vij\u010dana spojka sa steznim prstenom s odzra\u010denjem<\/p>\n<p style=\"padding: 0px; margin: 0px 0px 19px; font-family: Univers45, Arial, Helvetica, sans-serif; line-height: 26px; color: #555555; font-size: 15px;\">Priklju\u010dni vodovi<\/p>\n<p style=\"padding: 0px; margin: 0px 0px 19px; font-family: Univers45, Arial, Helvetica, sans-serif; line-height: 26px; color: #555555; font-size: 15px;\">Pri\u010dvrsni set za monta\u017eu na kosi krov ili na ravni krov s fiksnim kutem 30\u00b0<\/p>\n","protected":false},"excerpt":{"rendered":"<p>Solarni paket za pripremu tople vode s plo\u010dastim kolektorima Vitosol 100-FM<\/p>\n<p><span style=\"color: #555555; font-family: Univers45, Arial, Helvetica, sans-serif; font-size: 15px;\">Kolektori su najvidljivije komponente sun\u010deve toplinske energije. Osim vakuumskih cijevnih kolektora, Viessmann nudi i ravne plo\u010daste kolektore. U osnovi im je zajedni\u010dko da koriste besplatnu i gotovo svugdje dostupnu sun\u010devu energiju za potporu grijanju ili pripremu tople vode u ku\u0107anstvu. Izra\u0111eni su od materijala otpornih na koroziju i UV zra\u010denje. Solarni kolektori razlikuju se po svojoj strukturi i funkcionalnom principu.<\/span><\/p>\n","protected":false},"featured_media":533,"comment_status":"open","ping_status":"closed","template":"","meta":[],"product_brand":[],"product_cat":[19],"product_tag":[],"class_list":{"0":"post-537","1":"product","2":"type-product","3":"status-publish","4":"has-post-thumbnail","6":"product_cat-naslovnica","8":"first","9":"instock","10":"sale","11":"taxable","12":"shipping-taxable","13":"purchasable","14":"product-type-simple"},"yoast_head":"<!-- This site is optimized with the Yoast SEO plugin v26.9 - https:\/\/yoast.com\/product\/yoast-seo-wordpress\/ -->\n<title>VITOSOL 100-FM, paketi za PTV - Termoshop<\/title>\n<meta name=\"description\" content=\"Kolektori su najvidljivije komponente sun\u010deve toplinske energije. Osim vakuumskih cijevnih kolektora, Viessmann nudi i ravne plo\u010daste kolektore.\" \/>\n<meta name=\"robots\" content=\"index, follow, max-snippet:-1, max-image-preview:large, max-video-preview:-1\" \/>\n<link rel=\"canonical\" href=\"https:\/\/termoshop.hr\/?product=vitosol-100-fm-paketi-za-ptv\" \/>\n<meta property=\"og:locale\" content=\"hr_HR\" \/>\n<meta property=\"og:type\" content=\"article\" \/>\n<meta property=\"og:title\" content=\"VITOSOL 100-FM, paketi za PTV - Termoshop\" \/>\n<meta property=\"og:description\" content=\"Kolektori su najvidljivije komponente sun\u010deve toplinske energije. Osim vakuumskih cijevnih kolektora, Viessmann nudi i ravne plo\u010daste kolektore.\" \/>\n<meta property=\"og:url\" content=\"https:\/\/termoshop.hr\/?product=vitosol-100-fm-paketi-za-ptv\" \/>\n<meta property=\"og:site_name\" content=\"Termoshop\" \/>\n<meta property=\"article:publisher\" content=\"https:\/\/www.facebook.com\/promil.doo\/\" \/>\n<meta property=\"article:modified_time\" content=\"2024-09-20T11:16:40+00:00\" \/>\n<meta property=\"og:image\" content=\"https:\/\/termoshop.hr\/wp-content\/uploads\/2023\/06\/321-VITOSOL-100-FM-paketi-za-PTV.jpg\" \/>\n\t<meta property=\"og:image:width\" content=\"600\" \/>\n\t<meta property=\"og:image:height\" content=\"187\" \/>\n\t<meta property=\"og:image:type\" content=\"image\/jpeg\" \/>\n<meta name=\"twitter:card\" content=\"summary_large_image\" \/>\n<meta name=\"twitter:label1\" content=\"Procijenjeno vrijeme \u010ditanja\" \/>\n\t<meta name=\"twitter:data1\" content=\"2 minute\" \/>\n<script type=\"application\/ld+json\" class=\"yoast-schema-graph\">{\"@context\":\"https:\/\/schema.org\",\"@graph\":[{\"@type\":\"WebPage\",\"@id\":\"https:\/\/termoshop.hr\/?product=vitosol-100-fm-paketi-za-ptv\",\"url\":\"https:\/\/termoshop.hr\/?product=vitosol-100-fm-paketi-za-ptv\",\"name\":\"VITOSOL 100-FM, paketi za PTV - Termoshop\",\"isPartOf\":{\"@id\":\"https:\/\/termoshop.hr\/#website\"},\"primaryImageOfPage\":{\"@id\":\"https:\/\/termoshop.hr\/?product=vitosol-100-fm-paketi-za-ptv#primaryimage\"},\"image\":{\"@id\":\"https:\/\/termoshop.hr\/?product=vitosol-100-fm-paketi-za-ptv#primaryimage\"},\"thumbnailUrl\":\"https:\/\/termoshop.hr\/wp-content\/uploads\/2023\/06\/321-VITOSOL-100-FM-paketi-za-PTV.jpg\",\"datePublished\":\"2024-09-20T10:45:16+00:00\",\"dateModified\":\"2024-09-20T11:16:40+00:00\",\"description\":\"Kolektori su najvidljivije komponente sun\u010deve toplinske energije. Osim vakuumskih cijevnih kolektora, Viessmann nudi i ravne plo\u010daste kolektore.\",\"breadcrumb\":{\"@id\":\"https:\/\/termoshop.hr\/?product=vitosol-100-fm-paketi-za-ptv#breadcrumb\"},\"inLanguage\":\"hr\",\"potentialAction\":[{\"@type\":\"ReadAction\",\"target\":[\"https:\/\/termoshop.hr\/?product=vitosol-100-fm-paketi-za-ptv\"]}]},{\"@type\":\"ImageObject\",\"inLanguage\":\"hr\",\"@id\":\"https:\/\/termoshop.hr\/?product=vitosol-100-fm-paketi-za-ptv#primaryimage\",\"url\":\"https:\/\/termoshop.hr\/wp-content\/uploads\/2023\/06\/321-VITOSOL-100-FM-paketi-za-PTV.jpg\",\"contentUrl\":\"https:\/\/termoshop.hr\/wp-content\/uploads\/2023\/06\/321-VITOSOL-100-FM-paketi-za-PTV.jpg\",\"width\":600,\"height\":187,\"caption\":\"VITOSOL 100-FM, paketi za PTV\"},{\"@type\":\"BreadcrumbList\",\"@id\":\"https:\/\/termoshop.hr\/?product=vitosol-100-fm-paketi-za-ptv#breadcrumb\",\"itemListElement\":[{\"@type\":\"ListItem\",\"position\":1,\"name\":\"Po\u010detna stranica\",\"item\":\"https:\/\/termoshop.hr\/\"},{\"@type\":\"ListItem\",\"position\":2,\"name\":\"Web trgovina\",\"item\":\"https:\/\/termoshop.hr\/?page_id=7\"},{\"@type\":\"ListItem\",\"position\":3,\"name\":\"VITOSOL 100-FM, paketi za PTV\"}]},{\"@type\":\"WebSite\",\"@id\":\"https:\/\/termoshop.hr\/#website\",\"url\":\"https:\/\/termoshop.hr\/\",\"name\":\"Termoshop.hr\",\"description\":\"Web trgovina\",\"publisher\":{\"@id\":\"https:\/\/termoshop.hr\/#organization\"},\"alternateName\":\"Termoshop\",\"potentialAction\":[{\"@type\":\"SearchAction\",\"target\":{\"@type\":\"EntryPoint\",\"urlTemplate\":\"https:\/\/termoshop.hr\/?s={search_term_string}\"},\"query-input\":{\"@type\":\"PropertyValueSpecification\",\"valueRequired\":true,\"valueName\":\"search_term_string\"}}],\"inLanguage\":\"hr\"},{\"@type\":\"Organization\",\"@id\":\"https:\/\/termoshop.hr\/#organization\",\"name\":\"Termoshop\",\"url\":\"https:\/\/termoshop.hr\/\",\"logo\":{\"@type\":\"ImageObject\",\"inLanguage\":\"hr\",\"@id\":\"https:\/\/termoshop.hr\/#\/schema\/logo\/image\/\",\"url\":\"https:\/\/termoshop.hr\/wp-content\/uploads\/2023\/10\/termo-shop-logo-1605741401.png\",\"contentUrl\":\"https:\/\/termoshop.hr\/wp-content\/uploads\/2023\/10\/termo-shop-logo-1605741401.png\",\"width\":551,\"height\":96,\"caption\":\"Termoshop\"},\"image\":{\"@id\":\"https:\/\/termoshop.hr\/#\/schema\/logo\/image\/\"},\"sameAs\":[\"https:\/\/www.facebook.com\/promil.doo\/\"]}]}<\/script>\n<!-- \/ Yoast SEO plugin. -->","yoast_head_json":{"title":"VITOSOL 100-FM, paketi za PTV - Termoshop","description":"Kolektori su najvidljivije komponente sun\u010deve toplinske energije. Osim vakuumskih cijevnih kolektora, Viessmann nudi i ravne plo\u010daste kolektore.","robots":{"index":"index","follow":"follow","max-snippet":"max-snippet:-1","max-image-preview":"max-image-preview:large","max-video-preview":"max-video-preview:-1"},"canonical":"https:\/\/termoshop.hr\/?product=vitosol-100-fm-paketi-za-ptv","og_locale":"hr_HR","og_type":"article","og_title":"VITOSOL 100-FM, paketi za PTV - Termoshop","og_description":"Kolektori su najvidljivije komponente sun\u010deve toplinske energije. Osim vakuumskih cijevnih kolektora, Viessmann nudi i ravne plo\u010daste kolektore.","og_url":"https:\/\/termoshop.hr\/?product=vitosol-100-fm-paketi-za-ptv","og_site_name":"Termoshop","article_publisher":"https:\/\/www.facebook.com\/promil.doo\/","article_modified_time":"2024-09-20T11:16:40+00:00","og_image":[{"width":600,"height":187,"url":"https:\/\/termoshop.hr\/wp-content\/uploads\/2023\/06\/321-VITOSOL-100-FM-paketi-za-PTV.jpg","type":"image\/jpeg"}],"twitter_card":"summary_large_image","twitter_misc":{"Procijenjeno vrijeme \u010ditanja":"2 minute"},"schema":{"@context":"https:\/\/schema.org","@graph":[{"@type":"WebPage","@id":"https:\/\/termoshop.hr\/?product=vitosol-100-fm-paketi-za-ptv","url":"https:\/\/termoshop.hr\/?product=vitosol-100-fm-paketi-za-ptv","name":"VITOSOL 100-FM, paketi za PTV - Termoshop","isPartOf":{"@id":"https:\/\/termoshop.hr\/#website"},"primaryImageOfPage":{"@id":"https:\/\/termoshop.hr\/?product=vitosol-100-fm-paketi-za-ptv#primaryimage"},"image":{"@id":"https:\/\/termoshop.hr\/?product=vitosol-100-fm-paketi-za-ptv#primaryimage"},"thumbnailUrl":"https:\/\/termoshop.hr\/wp-content\/uploads\/2023\/06\/321-VITOSOL-100-FM-paketi-za-PTV.jpg","datePublished":"2024-09-20T10:45:16+00:00","dateModified":"2024-09-20T11:16:40+00:00","description":"Kolektori su najvidljivije komponente sun\u010deve toplinske energije. Osim vakuumskih cijevnih kolektora, Viessmann nudi i ravne plo\u010daste kolektore.","breadcrumb":{"@id":"https:\/\/termoshop.hr\/?product=vitosol-100-fm-paketi-za-ptv#breadcrumb"},"inLanguage":"hr","potentialAction":[{"@type":"ReadAction","target":["https:\/\/termoshop.hr\/?product=vitosol-100-fm-paketi-za-ptv"]}]},{"@type":"ImageObject","inLanguage":"hr","@id":"https:\/\/termoshop.hr\/?product=vitosol-100-fm-paketi-za-ptv#primaryimage","url":"https:\/\/termoshop.hr\/wp-content\/uploads\/2023\/06\/321-VITOSOL-100-FM-paketi-za-PTV.jpg","contentUrl":"https:\/\/termoshop.hr\/wp-content\/uploads\/2023\/06\/321-VITOSOL-100-FM-paketi-za-PTV.jpg","width":600,"height":187,"caption":"VITOSOL 100-FM, paketi za PTV"},{"@type":"BreadcrumbList","@id":"https:\/\/termoshop.hr\/?product=vitosol-100-fm-paketi-za-ptv#breadcrumb","itemListElement":[{"@type":"ListItem","position":1,"name":"Po\u010detna stranica","item":"https:\/\/termoshop.hr\/"},{"@type":"ListItem","position":2,"name":"Web trgovina","item":"https:\/\/termoshop.hr\/?page_id=7"},{"@type":"ListItem","position":3,"name":"VITOSOL 100-FM, paketi za PTV"}]},{"@type":"WebSite","@id":"https:\/\/termoshop.hr\/#website","url":"https:\/\/termoshop.hr\/","name":"Termoshop.hr","description":"Web trgovina","publisher":{"@id":"https:\/\/termoshop.hr\/#organization"},"alternateName":"Termoshop","potentialAction":[{"@type":"SearchAction","target":{"@type":"EntryPoint","urlTemplate":"https:\/\/termoshop.hr\/?s={search_term_string}"},"query-input":{"@type":"PropertyValueSpecification","valueRequired":true,"valueName":"search_term_string"}}],"inLanguage":"hr"},{"@type":"Organization","@id":"https:\/\/termoshop.hr\/#organization","name":"Termoshop","url":"https:\/\/termoshop.hr\/","logo":{"@type":"ImageObject","inLanguage":"hr","@id":"https:\/\/termoshop.hr\/#\/schema\/logo\/image\/","url":"https:\/\/termoshop.hr\/wp-content\/uploads\/2023\/10\/termo-shop-logo-1605741401.png","contentUrl":"https:\/\/termoshop.hr\/wp-content\/uploads\/2023\/10\/termo-shop-logo-1605741401.png","width":551,"height":96,"caption":"Termoshop"},"image":{"@id":"https:\/\/termoshop.hr\/#\/schema\/logo\/image\/"},"sameAs":["https:\/\/www.facebook.com\/promil.doo\/"]}]}},"_links":{"self":[{"href":"https:\/\/termoshop.hr\/index.php?rest_route=\/wp\/v2\/product\/537","targetHints":{"allow":["GET"]}}],"collection":[{"href":"https:\/\/termoshop.hr\/index.php?rest_route=\/wp\/v2\/product"}],"about":[{"href":"https:\/\/termoshop.hr\/index.php?rest_route=\/wp\/v2\/types\/product"}],"replies":[{"embeddable":true,"href":"https:\/\/termoshop.hr\/index.php?rest_route=%2Fwp%2Fv2%2Fcomments&post=537"}],"wp:featuredmedia":[{"embeddable":true,"href":"https:\/\/termoshop.hr\/index.php?rest_route=\/wp\/v2\/media\/533"}],"wp:attachment":[{"href":"https:\/\/termoshop.hr\/index.php?rest_route=%2Fwp%2Fv2%2Fmedia&parent=537"}],"wp:term":[{"taxonomy":"product_brand","embeddable":true,"href":"https:\/\/termoshop.hr\/index.php?rest_route=%2Fwp%2Fv2%2Fproduct_brand&post=537"},{"taxonomy":"product_cat","embeddable":true,"href":"https:\/\/termoshop.hr\/index.php?rest_route=%2Fwp%2Fv2%2Fproduct_cat&post=537"},{"taxonomy":"product_tag","embeddable":true,"href":"https:\/\/termoshop.hr\/index.php?rest_route=%2Fwp%2Fv2%2Fproduct_tag&post=537"}],"curies":[{"name":"wp","href":"https:\/\/api.w.org\/{rel}","templated":true}]}}