{"id":490,"date":"2024-09-20T14:19:13","date_gmt":"2024-09-20T12:19:13","guid":{"rendered":"https:\/\/termoshop.hr\/wp\/?post_type=product&#038;p=490"},"modified":"2024-09-20T14:19:13","modified_gmt":"2024-09-20T12:19:13","slug":"klima-komplet-terma-arbora-12","status":"publish","type":"product","link":"https:\/\/termoshop.hr\/?product=klima-komplet-terma-arbora-12","title":{"rendered":"Klima komplet Terma Arbora 12"},"content":{"rendered":"<p><span style=\"color: #232323; font-family: asap, Arial, sans-serif; font-size: 16px; background-color: #ffffff;\">Tehni\u010dke specifikacije:<\/span><br style=\"color: #232323; font-family: asap, Arial, sans-serif; font-size: 16px; background-color: #ffffff;\" \/><span style=\"color: #232323; font-family: asap, Arial, sans-serif; font-size: 16px; background-color: #ffffff;\">\u2022 Snaga hla\u0111enja: 3,5 kW<\/span><br style=\"color: #232323; font-family: asap, Arial, sans-serif; font-size: 16px; background-color: #ffffff;\" \/><span style=\"color: #232323; font-family: asap, Arial, sans-serif; font-size: 16px; background-color: #ffffff;\">\u2022 Snaga grijanja: 3,8 kW<\/span><br style=\"color: #232323; font-family: asap, Arial, sans-serif; font-size: 16px; background-color: #ffffff;\" \/><span style=\"color: #232323; font-family: asap, Arial, sans-serif; font-size: 16px; background-color: #ffffff;\">\u2022 Dimenzije unutarnje jedinice (\u0160xVxD): 70,5&#215;28,5&#215;20 cm<\/span><br style=\"color: #232323; font-family: asap, Arial, sans-serif; font-size: 16px; background-color: #ffffff;\" \/><span style=\"color: #232323; font-family: asap, Arial, sans-serif; font-size: 16px; background-color: #ffffff;\">\u2022 Dimenzije vanjske jedinice (\u0160xVxD): 70,5x53x27,9 cm<\/span><br style=\"color: #232323; font-family: asap, Arial, sans-serif; font-size: 16px; background-color: #ffffff;\" \/><span style=\"color: #232323; font-family: asap, Arial, sans-serif; font-size: 16px; background-color: #ffffff;\">\u2022 Rashladni medij: R32<\/span><br style=\"color: #232323; font-family: asap, Arial, sans-serif; font-size: 16px; background-color: #ffffff;\" \/><span style=\"color: #232323; font-family: asap, Arial, sans-serif; font-size: 16px; background-color: #ffffff;\">\u2022 Dimenzija cijevi: 6,35\/9,52 mm<\/span><br style=\"color: #232323; font-family: asap, Arial, sans-serif; font-size: 16px; background-color: #ffffff;\" \/><span style=\"color: #232323; font-family: asap, Arial, sans-serif; font-size: 16px; background-color: #ffffff;\">\u2022 Maksimalna duljina cijevi: 20 m<\/span><br style=\"color: #232323; font-family: asap, Arial, sans-serif; font-size: 16px; background-color: #ffffff;\" \/><span style=\"color: #232323; font-family: asap, Arial, sans-serif; font-size: 16px; background-color: #ffffff;\">\u2022 Maksimalna visinska razlika: 10 m<\/span><br style=\"color: #232323; font-family: asap, Arial, sans-serif; font-size: 16px; background-color: #ffffff;\" \/><br style=\"color: #232323; font-family: asap, Arial, sans-serif; font-size: 16px; background-color: #ffffff;\" \/><span style=\"color: #232323; font-family: asap, Arial, sans-serif; font-size: 16px; background-color: #ffffff;\">Karakteristike:<\/span><br style=\"color: #232323; font-family: asap, Arial, sans-serif; font-size: 16px; background-color: #ffffff;\" \/><span style=\"color: #232323; font-family: asap, Arial, sans-serif; font-size: 16px; background-color: #ffffff;\">\u2022 Temperaturni raspon namje\u0161tanja: 16-32 \u00b0C<\/span><br style=\"color: #232323; font-family: asap, Arial, sans-serif; font-size: 16px; background-color: #ffffff;\" \/><span style=\"color: #232323; font-family: asap, Arial, sans-serif; font-size: 16px; background-color: #ffffff;\">\u2022 Mogu\u0107nost odabira razli\u010ditih stalnih brzina rada ventilatora<\/span><br style=\"color: #232323; font-family: asap, Arial, sans-serif; font-size: 16px; background-color: #ffffff;\" \/><span style=\"color: #232323; font-family: asap, Arial, sans-serif; font-size: 16px; background-color: #ffffff;\">\u2022 Filtracija zraka se izvodi preko finog mehani\u010dkog filtera koji na sebe preuzima sve ve\u0107e ne\u010disto\u0107e, pra\u0161inu i \u010destice iz zraka u prostoru te na taj na\u010din osigurava ugodu u klimatiziranom prostoru<\/span><br style=\"color: #232323; font-family: asap, Arial, sans-serif; font-size: 16px; background-color: #ffffff;\" \/><span style=\"color: #232323; font-family: asap, Arial, sans-serif; font-size: 16px; background-color: #ffffff;\">\u2022 Ugra\u0111en sustav samodijagnostike kojim upozorava korisnika na eventualne nepravilnosti u radu i prikazuje uzroke potencijalnih kvarova<\/span><br style=\"color: #232323; font-family: asap, Arial, sans-serif; font-size: 16px; background-color: #ffffff;\" \/><span style=\"color: #232323; font-family: asap, Arial, sans-serif; font-size: 16px; background-color: #ffffff;\">\u2022 Re\u017eimi rada: hla\u0111enje, grijanje, ventiliranje, odvla\u017eivanje te automatski na\u010din rada koji samostalno odre\u0111uje brzinu ispuha na temelju pra\u0107enja postavljene i trenutne temperature zraka u prostoru<\/span><br style=\"color: #232323; font-family: asap, Arial, sans-serif; font-size: 16px; background-color: #ffffff;\" \/><br style=\"color: #232323; font-family: asap, Arial, sans-serif; font-size: 16px; background-color: #ffffff;\" \/><span style=\"color: #232323; font-family: asap, Arial, sans-serif; font-size: 16px; background-color: #ffffff;\">Opseg isporuke:<\/span><br style=\"color: #232323; font-family: asap, Arial, sans-serif; font-size: 16px; background-color: #ffffff;\" \/><span style=\"color: #232323; font-family: asap, Arial, sans-serif; font-size: 16px; background-color: #ffffff;\">\u2022 Vanjska jedinica klima ure\u0111aja Terma Arbora 12<\/span><br style=\"color: #232323; font-family: asap, Arial, sans-serif; font-size: 16px; background-color: #ffffff;\" \/><span style=\"color: #232323; font-family: asap, Arial, sans-serif; font-size: 16px; background-color: #ffffff;\">\u2022 Unutarnja jedinica klima ure\u0111aja Terma Arbora 12<\/span><br style=\"color: #232323; font-family: asap, Arial, sans-serif; font-size: 16px; background-color: #ffffff;\" \/><span style=\"color: #232323; font-family: asap, Arial, sans-serif; font-size: 16px; background-color: #ffffff;\">\u2022 Pribor za monta\u017eu unutarnje jedinice (nosa\u010d, tiple i vijci)<\/span><br style=\"color: #232323; font-family: asap, Arial, sans-serif; font-size: 16px; background-color: #ffffff;\" \/><span style=\"color: #232323; font-family: asap, Arial, sans-serif; font-size: 16px; background-color: #ffffff;\">\u2022 Wi-Fi modul<\/span><br style=\"color: #232323; font-family: asap, Arial, sans-serif; font-size: 16px; background-color: #ffffff;\" \/><span style=\"color: #232323; font-family: asap, Arial, sans-serif; font-size: 16px; background-color: #ffffff;\">\u2022 Daljinski upravlja\u010d<\/span><\/p>\n","protected":false},"excerpt":{"rendered":"<p><span style=\"color: #232323; font-family: asap, Arial, sans-serif; font-size: 16px; background-color: #ffffff;\">Terma Arbora 12 visoko-u\u010dinkoviti model klima ure\u0111aja u kojem se koristi novi ekolo\u0161ki prihvatljiv rashladni medij R32 koji uz pomo\u0107 napredne varijabilne inverterske tehnologije rada kompresora svrstava klima ure\u0111aj Terma Arbora 12 u sam vrh ponude s vrijednostima SEER A++ i SCOP A+.<\/span><br style=\"color: #232323; font-family: asap, Arial, sans-serif; font-size: 16px; background-color: #ffffff;\" \/><br style=\"color: #232323; font-family: asap, Arial, sans-serif; font-size: 16px; background-color: #ffffff;\" \/><span style=\"color: #232323; font-family: asap, Arial, sans-serif; font-size: 16px; background-color: #ffffff;\">Klima ure\u0111aj Terma Arbora 12 se odlikuje minimalisti\u010dkim modernim dizajnom koji se zajedno sa svojim funkcijama izvrsno uklapa u ve\u0107inu stambenih prostora opremljenih za \u017eivot modernog \u010dovjeka. Osigurava pouzdano i ugodno hla\u0111enje stambenih prostora povr\u0161ine do 40 m2, a kod stambenih prostora s odli\u010dnim izolacijskim svojstvima navedena snaga mo\u017ee zadovoljiti potrebe hla\u0111enja stanova i ne\u0161to ve\u0107e povr\u0161ine. U kontinentalnim krajevima mo\u017ee u\u010dinkovito dogrijavati manje stambene prostore u prijelaznim razdobljima.<\/span><br style=\"color: #232323; font-family: asap, Arial, sans-serif; font-size: 16px; background-color: #ffffff;\" \/><br style=\"color: #232323; font-family: asap, Arial, sans-serif; font-size: 16px; background-color: #ffffff;\" \/><\/p>\n","protected":false},"featured_media":489,"comment_status":"open","ping_status":"closed","template":"","meta":[],"product_brand":[],"product_cat":[19,24],"product_tag":[],"class_list":{"0":"post-490","1":"product","2":"type-product","3":"status-publish","4":"has-post-thumbnail","6":"product_cat-naslovnica","7":"product_cat-a4-2klima-uredaji","9":"first","10":"instock","11":"taxable","12":"shipping-taxable","13":"purchasable","14":"product-type-simple"},"yoast_head":"<!-- This site is optimized with the Yoast SEO plugin v26.9 - https:\/\/yoast.com\/product\/yoast-seo-wordpress\/ -->\n<title>Klima komplet Terma Arbora 12 - Termoshop<\/title>\n<meta name=\"description\" content=\"Terma Arbora 12 visoko-u\u010dinkoviti model klima ure\u0111aja u kojem se koristi novi ekolo\u0161ki prihvatljiv rashladni medij R32 koji uz pomo\u0107 napredne varijabilne...\" \/>\n<meta name=\"robots\" content=\"index, follow, max-snippet:-1, max-image-preview:large, max-video-preview:-1\" \/>\n<link rel=\"canonical\" href=\"https:\/\/termoshop.hr\/?product=klima-komplet-terma-arbora-12\" \/>\n<meta property=\"og:locale\" content=\"hr_HR\" \/>\n<meta property=\"og:type\" content=\"article\" \/>\n<meta property=\"og:title\" content=\"Klima komplet Terma Arbora 12 - Termoshop\" \/>\n<meta property=\"og:description\" content=\"Terma Arbora 12 visoko-u\u010dinkoviti model klima ure\u0111aja u kojem se koristi novi ekolo\u0161ki prihvatljiv rashladni medij R32 koji uz pomo\u0107 napredne varijabilne...\" \/>\n<meta property=\"og:url\" content=\"https:\/\/termoshop.hr\/?product=klima-komplet-terma-arbora-12\" \/>\n<meta property=\"og:site_name\" content=\"Termoshop\" \/>\n<meta property=\"article:publisher\" content=\"https:\/\/www.facebook.com\/promil.doo\/\" \/>\n<meta property=\"og:image\" content=\"https:\/\/termoshop.hr\/wp-content\/uploads\/2023\/06\/299-Klima-komplet-Terma-Arbora-12.jpg\" \/>\n\t<meta property=\"og:image:width\" content=\"600\" \/>\n\t<meta property=\"og:image:height\" content=\"800\" \/>\n\t<meta property=\"og:image:type\" content=\"image\/jpeg\" \/>\n<meta name=\"twitter:card\" content=\"summary_large_image\" \/>\n<meta name=\"twitter:label1\" content=\"Procijenjeno vrijeme \u010ditanja\" \/>\n\t<meta name=\"twitter:data1\" content=\"2 minute\" \/>\n<script type=\"application\/ld+json\" class=\"yoast-schema-graph\">{\"@context\":\"https:\/\/schema.org\",\"@graph\":[{\"@type\":\"WebPage\",\"@id\":\"https:\/\/termoshop.hr\/?product=klima-komplet-terma-arbora-12\",\"url\":\"https:\/\/termoshop.hr\/?product=klima-komplet-terma-arbora-12\",\"name\":\"Klima komplet Terma Arbora 12 - Termoshop\",\"isPartOf\":{\"@id\":\"https:\/\/termoshop.hr\/#website\"},\"primaryImageOfPage\":{\"@id\":\"https:\/\/termoshop.hr\/?product=klima-komplet-terma-arbora-12#primaryimage\"},\"image\":{\"@id\":\"https:\/\/termoshop.hr\/?product=klima-komplet-terma-arbora-12#primaryimage\"},\"thumbnailUrl\":\"https:\/\/termoshop.hr\/wp-content\/uploads\/2023\/06\/299-Klima-komplet-Terma-Arbora-12.jpg\",\"datePublished\":\"2024-09-20T12:19:13+00:00\",\"description\":\"Terma Arbora 12 visoko-u\u010dinkoviti model klima ure\u0111aja u kojem se koristi novi ekolo\u0161ki prihvatljiv rashladni medij R32 koji uz pomo\u0107 napredne varijabilne...\",\"breadcrumb\":{\"@id\":\"https:\/\/termoshop.hr\/?product=klima-komplet-terma-arbora-12#breadcrumb\"},\"inLanguage\":\"hr\",\"potentialAction\":[{\"@type\":\"ReadAction\",\"target\":[\"https:\/\/termoshop.hr\/?product=klima-komplet-terma-arbora-12\"]}]},{\"@type\":\"ImageObject\",\"inLanguage\":\"hr\",\"@id\":\"https:\/\/termoshop.hr\/?product=klima-komplet-terma-arbora-12#primaryimage\",\"url\":\"https:\/\/termoshop.hr\/wp-content\/uploads\/2023\/06\/299-Klima-komplet-Terma-Arbora-12.jpg\",\"contentUrl\":\"https:\/\/termoshop.hr\/wp-content\/uploads\/2023\/06\/299-Klima-komplet-Terma-Arbora-12.jpg\",\"width\":600,\"height\":800,\"caption\":\"Klima komplet Terma Arbora 12\"},{\"@type\":\"BreadcrumbList\",\"@id\":\"https:\/\/termoshop.hr\/?product=klima-komplet-terma-arbora-12#breadcrumb\",\"itemListElement\":[{\"@type\":\"ListItem\",\"position\":1,\"name\":\"Po\u010detna stranica\",\"item\":\"https:\/\/termoshop.hr\/\"},{\"@type\":\"ListItem\",\"position\":2,\"name\":\"Web trgovina\",\"item\":\"https:\/\/termoshop.hr\/?page_id=7\"},{\"@type\":\"ListItem\",\"position\":3,\"name\":\"Klima komplet Terma Arbora 12\"}]},{\"@type\":\"WebSite\",\"@id\":\"https:\/\/termoshop.hr\/#website\",\"url\":\"https:\/\/termoshop.hr\/\",\"name\":\"Termoshop.hr\",\"description\":\"Web trgovina\",\"publisher\":{\"@id\":\"https:\/\/termoshop.hr\/#organization\"},\"alternateName\":\"Termoshop\",\"potentialAction\":[{\"@type\":\"SearchAction\",\"target\":{\"@type\":\"EntryPoint\",\"urlTemplate\":\"https:\/\/termoshop.hr\/?s={search_term_string}\"},\"query-input\":{\"@type\":\"PropertyValueSpecification\",\"valueRequired\":true,\"valueName\":\"search_term_string\"}}],\"inLanguage\":\"hr\"},{\"@type\":\"Organization\",\"@id\":\"https:\/\/termoshop.hr\/#organization\",\"name\":\"Termoshop\",\"url\":\"https:\/\/termoshop.hr\/\",\"logo\":{\"@type\":\"ImageObject\",\"inLanguage\":\"hr\",\"@id\":\"https:\/\/termoshop.hr\/#\/schema\/logo\/image\/\",\"url\":\"https:\/\/termoshop.hr\/wp-content\/uploads\/2023\/10\/termo-shop-logo-1605741401.png\",\"contentUrl\":\"https:\/\/termoshop.hr\/wp-content\/uploads\/2023\/10\/termo-shop-logo-1605741401.png\",\"width\":551,\"height\":96,\"caption\":\"Termoshop\"},\"image\":{\"@id\":\"https:\/\/termoshop.hr\/#\/schema\/logo\/image\/\"},\"sameAs\":[\"https:\/\/www.facebook.com\/promil.doo\/\"]}]}<\/script>\n<!-- \/ Yoast SEO plugin. -->","yoast_head_json":{"title":"Klima komplet Terma Arbora 12 - Termoshop","description":"Terma Arbora 12 visoko-u\u010dinkoviti model klima ure\u0111aja u kojem se koristi novi ekolo\u0161ki prihvatljiv rashladni medij R32 koji uz pomo\u0107 napredne varijabilne...","robots":{"index":"index","follow":"follow","max-snippet":"max-snippet:-1","max-image-preview":"max-image-preview:large","max-video-preview":"max-video-preview:-1"},"canonical":"https:\/\/termoshop.hr\/?product=klima-komplet-terma-arbora-12","og_locale":"hr_HR","og_type":"article","og_title":"Klima komplet Terma Arbora 12 - Termoshop","og_description":"Terma Arbora 12 visoko-u\u010dinkoviti model klima ure\u0111aja u kojem se koristi novi ekolo\u0161ki prihvatljiv rashladni medij R32 koji uz pomo\u0107 napredne varijabilne...","og_url":"https:\/\/termoshop.hr\/?product=klima-komplet-terma-arbora-12","og_site_name":"Termoshop","article_publisher":"https:\/\/www.facebook.com\/promil.doo\/","og_image":[{"width":600,"height":800,"url":"https:\/\/termoshop.hr\/wp-content\/uploads\/2023\/06\/299-Klima-komplet-Terma-Arbora-12.jpg","type":"image\/jpeg"}],"twitter_card":"summary_large_image","twitter_misc":{"Procijenjeno vrijeme \u010ditanja":"2 minute"},"schema":{"@context":"https:\/\/schema.org","@graph":[{"@type":"WebPage","@id":"https:\/\/termoshop.hr\/?product=klima-komplet-terma-arbora-12","url":"https:\/\/termoshop.hr\/?product=klima-komplet-terma-arbora-12","name":"Klima komplet Terma Arbora 12 - Termoshop","isPartOf":{"@id":"https:\/\/termoshop.hr\/#website"},"primaryImageOfPage":{"@id":"https:\/\/termoshop.hr\/?product=klima-komplet-terma-arbora-12#primaryimage"},"image":{"@id":"https:\/\/termoshop.hr\/?product=klima-komplet-terma-arbora-12#primaryimage"},"thumbnailUrl":"https:\/\/termoshop.hr\/wp-content\/uploads\/2023\/06\/299-Klima-komplet-Terma-Arbora-12.jpg","datePublished":"2024-09-20T12:19:13+00:00","description":"Terma Arbora 12 visoko-u\u010dinkoviti model klima ure\u0111aja u kojem se koristi novi ekolo\u0161ki prihvatljiv rashladni medij R32 koji uz pomo\u0107 napredne varijabilne...","breadcrumb":{"@id":"https:\/\/termoshop.hr\/?product=klima-komplet-terma-arbora-12#breadcrumb"},"inLanguage":"hr","potentialAction":[{"@type":"ReadAction","target":["https:\/\/termoshop.hr\/?product=klima-komplet-terma-arbora-12"]}]},{"@type":"ImageObject","inLanguage":"hr","@id":"https:\/\/termoshop.hr\/?product=klima-komplet-terma-arbora-12#primaryimage","url":"https:\/\/termoshop.hr\/wp-content\/uploads\/2023\/06\/299-Klima-komplet-Terma-Arbora-12.jpg","contentUrl":"https:\/\/termoshop.hr\/wp-content\/uploads\/2023\/06\/299-Klima-komplet-Terma-Arbora-12.jpg","width":600,"height":800,"caption":"Klima komplet Terma Arbora 12"},{"@type":"BreadcrumbList","@id":"https:\/\/termoshop.hr\/?product=klima-komplet-terma-arbora-12#breadcrumb","itemListElement":[{"@type":"ListItem","position":1,"name":"Po\u010detna stranica","item":"https:\/\/termoshop.hr\/"},{"@type":"ListItem","position":2,"name":"Web trgovina","item":"https:\/\/termoshop.hr\/?page_id=7"},{"@type":"ListItem","position":3,"name":"Klima komplet Terma Arbora 12"}]},{"@type":"WebSite","@id":"https:\/\/termoshop.hr\/#website","url":"https:\/\/termoshop.hr\/","name":"Termoshop.hr","description":"Web trgovina","publisher":{"@id":"https:\/\/termoshop.hr\/#organization"},"alternateName":"Termoshop","potentialAction":[{"@type":"SearchAction","target":{"@type":"EntryPoint","urlTemplate":"https:\/\/termoshop.hr\/?s={search_term_string}"},"query-input":{"@type":"PropertyValueSpecification","valueRequired":true,"valueName":"search_term_string"}}],"inLanguage":"hr"},{"@type":"Organization","@id":"https:\/\/termoshop.hr\/#organization","name":"Termoshop","url":"https:\/\/termoshop.hr\/","logo":{"@type":"ImageObject","inLanguage":"hr","@id":"https:\/\/termoshop.hr\/#\/schema\/logo\/image\/","url":"https:\/\/termoshop.hr\/wp-content\/uploads\/2023\/10\/termo-shop-logo-1605741401.png","contentUrl":"https:\/\/termoshop.hr\/wp-content\/uploads\/2023\/10\/termo-shop-logo-1605741401.png","width":551,"height":96,"caption":"Termoshop"},"image":{"@id":"https:\/\/termoshop.hr\/#\/schema\/logo\/image\/"},"sameAs":["https:\/\/www.facebook.com\/promil.doo\/"]}]}},"_links":{"self":[{"href":"https:\/\/termoshop.hr\/index.php?rest_route=\/wp\/v2\/product\/490","targetHints":{"allow":["GET"]}}],"collection":[{"href":"https:\/\/termoshop.hr\/index.php?rest_route=\/wp\/v2\/product"}],"about":[{"href":"https:\/\/termoshop.hr\/index.php?rest_route=\/wp\/v2\/types\/product"}],"replies":[{"embeddable":true,"href":"https:\/\/termoshop.hr\/index.php?rest_route=%2Fwp%2Fv2%2Fcomments&post=490"}],"wp:featuredmedia":[{"embeddable":true,"href":"https:\/\/termoshop.hr\/index.php?rest_route=\/wp\/v2\/media\/489"}],"wp:attachment":[{"href":"https:\/\/termoshop.hr\/index.php?rest_route=%2Fwp%2Fv2%2Fmedia&parent=490"}],"wp:term":[{"taxonomy":"product_brand","embeddable":true,"href":"https:\/\/termoshop.hr\/index.php?rest_route=%2Fwp%2Fv2%2Fproduct_brand&post=490"},{"taxonomy":"product_cat","embeddable":true,"href":"https:\/\/termoshop.hr\/index.php?rest_route=%2Fwp%2Fv2%2Fproduct_cat&post=490"},{"taxonomy":"product_tag","embeddable":true,"href":"https:\/\/termoshop.hr\/index.php?rest_route=%2Fwp%2Fv2%2Fproduct_tag&post=490"}],"curies":[{"name":"wp","href":"https:\/\/api.w.org\/{rel}","templated":true}]}}