{"id":168,"date":"2026-02-25T12:13:11","date_gmt":"2026-02-25T11:13:11","guid":{"rendered":"https:\/\/termoshop.hr\/wp\/product\/starter-paket-radiator-s-3\/"},"modified":"2026-02-25T14:38:01","modified_gmt":"2026-02-25T13:38:01","slug":"starter-paket-radiator-s-3","status":"publish","type":"product","link":"https:\/\/termoshop.hr\/?product=starter-paket-radiator-s-3","title":{"rendered":"ViCare termostat za podno grijanje"},"content":{"rendered":"<p><strong>Viessmann ViCare podni termostat<\/strong> (Low-Power-Funk)<\/p>\n<ul>\n<li>Podni termostat za individualnu kontrolu prostorije zajedno s Vitoconnect tipom OPTO2 (prodaje se odvojeno).<\/li>\n<li>Kvalitetan dizajn i siguran rad<\/li>\n<li>Inteligentna kontrola podnog grijanja s do 6 zona grijanja (18 toplinskih pokreta\u010da)<\/li>\n<li>ViCare podni termostat ima kontakt bez potencijala (230 V) za upravljanje crpkom.<\/li>\n<li>Integrirana funkcija za\u0161tite od smrzavanja sprje\u010dava o\u0161te\u0107enje gra\u0111evinske tkanine.<\/li>\n<li>Funkcija protiv kamenca sprje\u010dava\u00a0zaglavljivanje upravlja\u010dkih ventila.<\/li>\n<li>Kompatibilno s toplinskim aktuatorima &#8220;bez struje otvoreno\/zatvoreno&#8221;.<\/li>\n<li>Upotreba u kombinaciji sa senzorom klime<\/li>\n<li>Mora biti instaliran od strane grijanja ili elektri\u010dara.<\/li>\n<\/ul>\n<p><strong>Opseg isporuke:<\/strong><\/p>\n<ul>\n<li>ViCare podni termostat<\/li>\n<li>Vanjska antena s priklju\u010dnim kabelom duljine 1,3 m<\/li>\n<li>Senzor temperature ugradnje s priklju\u010dnim kabelom, duljine 1,8 m<\/li>\n<li>stezaljka<\/li>\n<li>Priklju\u010dni kabel, duljine 1,2 m<\/li>\n<li>Monta\u017ene tiple<\/li>\n<\/ul>\n","protected":false},"excerpt":{"rendered":"<p>Podni termostat za individualnu kontrolu prostorije u kombinaciji s Vitoconnect tipom OPTO2 (prodaje se odvojeno).<\/p>\n","protected":false},"featured_media":164,"comment_status":"open","ping_status":"closed","template":"","meta":[],"product_brand":[],"product_cat":[20],"product_tag":[],"class_list":{"0":"post-168","1":"product","2":"type-product","3":"status-publish","4":"has-post-thumbnail","6":"product_cat-a2pametno-upravljanje","8":"first","9":"onbackorder","10":"sale","11":"taxable","12":"shipping-taxable","13":"purchasable","14":"product-type-simple"},"yoast_head":"<!-- This site is optimized with the Yoast SEO plugin v26.9 - https:\/\/yoast.com\/product\/yoast-seo-wordpress\/ -->\n<title>ViCare termostat za podno grijanje - Termoshop<\/title>\n<meta name=\"robots\" content=\"index, follow, max-snippet:-1, max-image-preview:large, max-video-preview:-1\" \/>\n<link rel=\"canonical\" href=\"https:\/\/termoshop.hr\/?product=starter-paket-radiator-s-3\" \/>\n<meta property=\"og:locale\" content=\"hr_HR\" \/>\n<meta property=\"og:type\" content=\"article\" \/>\n<meta property=\"og:title\" content=\"ViCare termostat za podno grijanje - Termoshop\" \/>\n<meta property=\"og:description\" content=\"Podni termostat za individualnu kontrolu prostorije u kombinaciji s Vitoconnect tipom OPTO2 (prodaje se odvojeno).\" \/>\n<meta property=\"og:url\" content=\"https:\/\/termoshop.hr\/?product=starter-paket-radiator-s-3\" \/>\n<meta property=\"og:site_name\" content=\"Termoshop\" \/>\n<meta property=\"article:publisher\" content=\"https:\/\/www.facebook.com\/promil.doo\/\" \/>\n<meta property=\"article:modified_time\" content=\"2026-02-25T13:38:01+00:00\" \/>\n<meta property=\"og:image\" content=\"https:\/\/termoshop.hr\/wp-content\/uploads\/2022\/04\/194-ViCare-termostat-za-podno-grijanje.jpg\" \/>\n\t<meta property=\"og:image:width\" content=\"600\" \/>\n\t<meta property=\"og:image:height\" content=\"221\" \/>\n\t<meta property=\"og:image:type\" content=\"image\/jpeg\" \/>\n<meta name=\"twitter:card\" content=\"summary_large_image\" \/>\n<meta name=\"twitter:label1\" content=\"Procijenjeno vrijeme \u010ditanja\" \/>\n\t<meta name=\"twitter:data1\" content=\"1 minuta\" \/>\n<script type=\"application\/ld+json\" class=\"yoast-schema-graph\">{\"@context\":\"https:\/\/schema.org\",\"@graph\":[{\"@type\":\"WebPage\",\"@id\":\"https:\/\/termoshop.hr\/?product=starter-paket-radiator-s-3\",\"url\":\"https:\/\/termoshop.hr\/?product=starter-paket-radiator-s-3\",\"name\":\"ViCare termostat za podno grijanje - Termoshop\",\"isPartOf\":{\"@id\":\"https:\/\/termoshop.hr\/#website\"},\"primaryImageOfPage\":{\"@id\":\"https:\/\/termoshop.hr\/?product=starter-paket-radiator-s-3#primaryimage\"},\"image\":{\"@id\":\"https:\/\/termoshop.hr\/?product=starter-paket-radiator-s-3#primaryimage\"},\"thumbnailUrl\":\"https:\/\/termoshop.hr\/wp-content\/uploads\/2022\/04\/194-ViCare-termostat-za-podno-grijanje.jpg\",\"datePublished\":\"2026-02-25T11:13:11+00:00\",\"dateModified\":\"2026-02-25T13:38:01+00:00\",\"breadcrumb\":{\"@id\":\"https:\/\/termoshop.hr\/?product=starter-paket-radiator-s-3#breadcrumb\"},\"inLanguage\":\"hr\",\"potentialAction\":[{\"@type\":\"ReadAction\",\"target\":[\"https:\/\/termoshop.hr\/?product=starter-paket-radiator-s-3\"]}]},{\"@type\":\"ImageObject\",\"inLanguage\":\"hr\",\"@id\":\"https:\/\/termoshop.hr\/?product=starter-paket-radiator-s-3#primaryimage\",\"url\":\"https:\/\/termoshop.hr\/wp-content\/uploads\/2022\/04\/194-ViCare-termostat-za-podno-grijanje.jpg\",\"contentUrl\":\"https:\/\/termoshop.hr\/wp-content\/uploads\/2022\/04\/194-ViCare-termostat-za-podno-grijanje.jpg\",\"width\":600,\"height\":221,\"caption\":\"ViCare termostat za podno grijanje\"},{\"@type\":\"BreadcrumbList\",\"@id\":\"https:\/\/termoshop.hr\/?product=starter-paket-radiator-s-3#breadcrumb\",\"itemListElement\":[{\"@type\":\"ListItem\",\"position\":1,\"name\":\"Po\u010detna stranica\",\"item\":\"https:\/\/termoshop.hr\/\"},{\"@type\":\"ListItem\",\"position\":2,\"name\":\"Web trgovina\",\"item\":\"https:\/\/termoshop.hr\/?page_id=7\"},{\"@type\":\"ListItem\",\"position\":3,\"name\":\"ViCare termostat za podno grijanje\"}]},{\"@type\":\"WebSite\",\"@id\":\"https:\/\/termoshop.hr\/#website\",\"url\":\"https:\/\/termoshop.hr\/\",\"name\":\"Termoshop.hr\",\"description\":\"Web trgovina\",\"publisher\":{\"@id\":\"https:\/\/termoshop.hr\/#organization\"},\"alternateName\":\"Termoshop\",\"potentialAction\":[{\"@type\":\"SearchAction\",\"target\":{\"@type\":\"EntryPoint\",\"urlTemplate\":\"https:\/\/termoshop.hr\/?s={search_term_string}\"},\"query-input\":{\"@type\":\"PropertyValueSpecification\",\"valueRequired\":true,\"valueName\":\"search_term_string\"}}],\"inLanguage\":\"hr\"},{\"@type\":\"Organization\",\"@id\":\"https:\/\/termoshop.hr\/#organization\",\"name\":\"Termoshop\",\"url\":\"https:\/\/termoshop.hr\/\",\"logo\":{\"@type\":\"ImageObject\",\"inLanguage\":\"hr\",\"@id\":\"https:\/\/termoshop.hr\/#\/schema\/logo\/image\/\",\"url\":\"https:\/\/termoshop.hr\/wp-content\/uploads\/2023\/10\/termo-shop-logo-1605741401.png\",\"contentUrl\":\"https:\/\/termoshop.hr\/wp-content\/uploads\/2023\/10\/termo-shop-logo-1605741401.png\",\"width\":551,\"height\":96,\"caption\":\"Termoshop\"},\"image\":{\"@id\":\"https:\/\/termoshop.hr\/#\/schema\/logo\/image\/\"},\"sameAs\":[\"https:\/\/www.facebook.com\/promil.doo\/\"]}]}<\/script>\n<!-- \/ Yoast SEO plugin. -->","yoast_head_json":{"title":"ViCare termostat za podno grijanje - Termoshop","robots":{"index":"index","follow":"follow","max-snippet":"max-snippet:-1","max-image-preview":"max-image-preview:large","max-video-preview":"max-video-preview:-1"},"canonical":"https:\/\/termoshop.hr\/?product=starter-paket-radiator-s-3","og_locale":"hr_HR","og_type":"article","og_title":"ViCare termostat za podno grijanje - Termoshop","og_description":"Podni termostat za individualnu kontrolu prostorije u kombinaciji s Vitoconnect tipom OPTO2 (prodaje se odvojeno).","og_url":"https:\/\/termoshop.hr\/?product=starter-paket-radiator-s-3","og_site_name":"Termoshop","article_publisher":"https:\/\/www.facebook.com\/promil.doo\/","article_modified_time":"2026-02-25T13:38:01+00:00","og_image":[{"width":600,"height":221,"url":"https:\/\/termoshop.hr\/wp-content\/uploads\/2022\/04\/194-ViCare-termostat-za-podno-grijanje.jpg","type":"image\/jpeg"}],"twitter_card":"summary_large_image","twitter_misc":{"Procijenjeno vrijeme \u010ditanja":"1 minuta"},"schema":{"@context":"https:\/\/schema.org","@graph":[{"@type":"WebPage","@id":"https:\/\/termoshop.hr\/?product=starter-paket-radiator-s-3","url":"https:\/\/termoshop.hr\/?product=starter-paket-radiator-s-3","name":"ViCare termostat za podno grijanje - Termoshop","isPartOf":{"@id":"https:\/\/termoshop.hr\/#website"},"primaryImageOfPage":{"@id":"https:\/\/termoshop.hr\/?product=starter-paket-radiator-s-3#primaryimage"},"image":{"@id":"https:\/\/termoshop.hr\/?product=starter-paket-radiator-s-3#primaryimage"},"thumbnailUrl":"https:\/\/termoshop.hr\/wp-content\/uploads\/2022\/04\/194-ViCare-termostat-za-podno-grijanje.jpg","datePublished":"2026-02-25T11:13:11+00:00","dateModified":"2026-02-25T13:38:01+00:00","breadcrumb":{"@id":"https:\/\/termoshop.hr\/?product=starter-paket-radiator-s-3#breadcrumb"},"inLanguage":"hr","potentialAction":[{"@type":"ReadAction","target":["https:\/\/termoshop.hr\/?product=starter-paket-radiator-s-3"]}]},{"@type":"ImageObject","inLanguage":"hr","@id":"https:\/\/termoshop.hr\/?product=starter-paket-radiator-s-3#primaryimage","url":"https:\/\/termoshop.hr\/wp-content\/uploads\/2022\/04\/194-ViCare-termostat-za-podno-grijanje.jpg","contentUrl":"https:\/\/termoshop.hr\/wp-content\/uploads\/2022\/04\/194-ViCare-termostat-za-podno-grijanje.jpg","width":600,"height":221,"caption":"ViCare termostat za podno grijanje"},{"@type":"BreadcrumbList","@id":"https:\/\/termoshop.hr\/?product=starter-paket-radiator-s-3#breadcrumb","itemListElement":[{"@type":"ListItem","position":1,"name":"Po\u010detna stranica","item":"https:\/\/termoshop.hr\/"},{"@type":"ListItem","position":2,"name":"Web trgovina","item":"https:\/\/termoshop.hr\/?page_id=7"},{"@type":"ListItem","position":3,"name":"ViCare termostat za podno grijanje"}]},{"@type":"WebSite","@id":"https:\/\/termoshop.hr\/#website","url":"https:\/\/termoshop.hr\/","name":"Termoshop.hr","description":"Web trgovina","publisher":{"@id":"https:\/\/termoshop.hr\/#organization"},"alternateName":"Termoshop","potentialAction":[{"@type":"SearchAction","target":{"@type":"EntryPoint","urlTemplate":"https:\/\/termoshop.hr\/?s={search_term_string}"},"query-input":{"@type":"PropertyValueSpecification","valueRequired":true,"valueName":"search_term_string"}}],"inLanguage":"hr"},{"@type":"Organization","@id":"https:\/\/termoshop.hr\/#organization","name":"Termoshop","url":"https:\/\/termoshop.hr\/","logo":{"@type":"ImageObject","inLanguage":"hr","@id":"https:\/\/termoshop.hr\/#\/schema\/logo\/image\/","url":"https:\/\/termoshop.hr\/wp-content\/uploads\/2023\/10\/termo-shop-logo-1605741401.png","contentUrl":"https:\/\/termoshop.hr\/wp-content\/uploads\/2023\/10\/termo-shop-logo-1605741401.png","width":551,"height":96,"caption":"Termoshop"},"image":{"@id":"https:\/\/termoshop.hr\/#\/schema\/logo\/image\/"},"sameAs":["https:\/\/www.facebook.com\/promil.doo\/"]}]}},"_links":{"self":[{"href":"https:\/\/termoshop.hr\/index.php?rest_route=\/wp\/v2\/product\/168","targetHints":{"allow":["GET"]}}],"collection":[{"href":"https:\/\/termoshop.hr\/index.php?rest_route=\/wp\/v2\/product"}],"about":[{"href":"https:\/\/termoshop.hr\/index.php?rest_route=\/wp\/v2\/types\/product"}],"replies":[{"embeddable":true,"href":"https:\/\/termoshop.hr\/index.php?rest_route=%2Fwp%2Fv2%2Fcomments&post=168"}],"wp:featuredmedia":[{"embeddable":true,"href":"https:\/\/termoshop.hr\/index.php?rest_route=\/wp\/v2\/media\/164"}],"wp:attachment":[{"href":"https:\/\/termoshop.hr\/index.php?rest_route=%2Fwp%2Fv2%2Fmedia&parent=168"}],"wp:term":[{"taxonomy":"product_brand","embeddable":true,"href":"https:\/\/termoshop.hr\/index.php?rest_route=%2Fwp%2Fv2%2Fproduct_brand&post=168"},{"taxonomy":"product_cat","embeddable":true,"href":"https:\/\/termoshop.hr\/index.php?rest_route=%2Fwp%2Fv2%2Fproduct_cat&post=168"},{"taxonomy":"product_tag","embeddable":true,"href":"https:\/\/termoshop.hr\/index.php?rest_route=%2Fwp%2Fv2%2Fproduct_tag&post=168"}],"curies":[{"name":"wp","href":"https:\/\/api.w.org\/{rel}","templated":true}]}}