{"id":1675,"date":"2025-05-21T10:13:31","date_gmt":"2025-05-21T08:13:31","guid":{"rendered":"https:\/\/termoshop.hr\/?post_type=product&#038;p=1675"},"modified":"2025-08-20T15:56:47","modified_gmt":"2025-08-20T13:56:47","slug":"cristallo-2-hiwall","status":"publish","type":"product","link":"https:\/\/termoshop.hr\/?product=cristallo-2-hiwall","title":{"rendered":"Clivet klima ure\u0111aj Cristallo 2 Hiwall 3,5 kw Wifi uklju\u010den"},"content":{"rendered":"","protected":false},"excerpt":{"rendered":"<ul>\n<li>PALTO Design plo\u010da sna\u017enih i elegantnih linija, mat zavr\u0161na obrada;<\/li>\n<li>filtar za pro\u010di\u0161\u0107avanje: aktivan protiv neugodnih mirisa, pra\u0161ine, hlapivih organskih spojeva (VOC), peludi, spora, bakterija;<\/li>\n<li>Pametno upravljanje kao standard: pomo\u0107u pametnog telefona s aplikacijom NetHome Plus i postavljanjem glasovne kontrole pomo\u0107u Amazon Alexa i Google Assistant aplikacija;<\/li>\n<li>u skladu sa SINGLESplit\/MULTISplit;<\/li>\n<\/ul>\n<p>Prednost:<\/p>\n<ul>\n<li>Vi\u0161esmjerni protok zraka;<\/li>\n<li>breeze away;<\/li>\n<li>filtar za pro\u010di\u0161\u0107avanje.<\/li>\n<\/ul>\n","protected":false},"featured_media":1674,"comment_status":"closed","ping_status":"closed","template":"","meta":[],"product_brand":[],"product_cat":[140],"product_tag":[],"class_list":{"0":"post-1675","1":"product","2":"type-product","3":"status-publish","4":"has-post-thumbnail","6":"product_cat-clivet","8":"first","9":"instock","10":"taxable","11":"shipping-taxable","12":"purchasable","13":"product-type-simple"},"yoast_head":"<!-- This site is optimized with the Yoast SEO plugin v26.9 - https:\/\/yoast.com\/product\/yoast-seo-wordpress\/ -->\n<title>Clivet klima ure\u0111aj Cristallo 2 Hiwall 3,5 kw Wifi uklju\u010den - Termoshop<\/title>\n<meta name=\"robots\" content=\"index, follow, max-snippet:-1, max-image-preview:large, max-video-preview:-1\" \/>\n<link rel=\"canonical\" href=\"https:\/\/termoshop.hr\/?product=cristallo-2-hiwall\" \/>\n<meta property=\"og:locale\" content=\"hr_HR\" \/>\n<meta property=\"og:type\" content=\"article\" \/>\n<meta property=\"og:title\" content=\"Clivet klima ure\u0111aj Cristallo 2 Hiwall 3,5 kw Wifi uklju\u010den - Termoshop\" \/>\n<meta property=\"og:description\" content=\"PALTO Design plo\u010da sna\u017enih i elegantnih linija, mat zavr\u0161na obrada;  filtar za pro\u010di\u0161\u0107avanje: aktivan protiv neugodnih mirisa, pra\u0161ine, hlapivih organskih spojeva (VOC), peludi, spora, bakterija;  Pametno upravljanje kao standard: pomo\u0107u pametnog telefona s aplikacijom NetHome Plus i postavljanjem glasovne kontrole pomo\u0107u Amazon Alexa i Google Assistant aplikacija;  u skladu sa SINGLESplit\/MULTISplit;  Prednost:   Vi\u0161esmjerni protok zraka;  breeze away;  filtar za pro\u010di\u0161\u0107avanje.\" \/>\n<meta property=\"og:url\" content=\"https:\/\/termoshop.hr\/?product=cristallo-2-hiwall\" \/>\n<meta property=\"og:site_name\" content=\"Termoshop\" \/>\n<meta property=\"article:publisher\" content=\"https:\/\/www.facebook.com\/promil.doo\/\" \/>\n<meta property=\"article:modified_time\" content=\"2025-08-20T13:56:47+00:00\" \/>\n<meta property=\"og:image\" content=\"https:\/\/termoshop.hr\/wp-content\/uploads\/2025\/05\/2.png\" \/>\n\t<meta property=\"og:image:width\" content=\"358\" \/>\n\t<meta property=\"og:image:height\" content=\"401\" \/>\n\t<meta property=\"og:image:type\" content=\"image\/png\" \/>\n<meta name=\"twitter:card\" content=\"summary_large_image\" \/>\n<meta name=\"twitter:label1\" content=\"Procijenjeno vrijeme \u010ditanja\" \/>\n\t<meta name=\"twitter:data1\" content=\"1 minuta\" \/>\n<script type=\"application\/ld+json\" class=\"yoast-schema-graph\">{\"@context\":\"https:\/\/schema.org\",\"@graph\":[{\"@type\":\"WebPage\",\"@id\":\"https:\/\/termoshop.hr\/?product=cristallo-2-hiwall\",\"url\":\"https:\/\/termoshop.hr\/?product=cristallo-2-hiwall\",\"name\":\"Clivet klima ure\u0111aj Cristallo 2 Hiwall 3,5 kw Wifi uklju\u010den - Termoshop\",\"isPartOf\":{\"@id\":\"https:\/\/termoshop.hr\/#website\"},\"primaryImageOfPage\":{\"@id\":\"https:\/\/termoshop.hr\/?product=cristallo-2-hiwall#primaryimage\"},\"image\":{\"@id\":\"https:\/\/termoshop.hr\/?product=cristallo-2-hiwall#primaryimage\"},\"thumbnailUrl\":\"https:\/\/termoshop.hr\/wp-content\/uploads\/2025\/05\/2.png\",\"datePublished\":\"2025-05-21T08:13:31+00:00\",\"dateModified\":\"2025-08-20T13:56:47+00:00\",\"breadcrumb\":{\"@id\":\"https:\/\/termoshop.hr\/?product=cristallo-2-hiwall#breadcrumb\"},\"inLanguage\":\"hr\",\"potentialAction\":[{\"@type\":\"ReadAction\",\"target\":[\"https:\/\/termoshop.hr\/?product=cristallo-2-hiwall\"]}]},{\"@type\":\"ImageObject\",\"inLanguage\":\"hr\",\"@id\":\"https:\/\/termoshop.hr\/?product=cristallo-2-hiwall#primaryimage\",\"url\":\"https:\/\/termoshop.hr\/wp-content\/uploads\/2025\/05\/2.png\",\"contentUrl\":\"https:\/\/termoshop.hr\/wp-content\/uploads\/2025\/05\/2.png\",\"width\":358,\"height\":401},{\"@type\":\"BreadcrumbList\",\"@id\":\"https:\/\/termoshop.hr\/?product=cristallo-2-hiwall#breadcrumb\",\"itemListElement\":[{\"@type\":\"ListItem\",\"position\":1,\"name\":\"Po\u010detna stranica\",\"item\":\"https:\/\/termoshop.hr\/\"},{\"@type\":\"ListItem\",\"position\":2,\"name\":\"Web trgovina\",\"item\":\"https:\/\/termoshop.hr\/?page_id=7\"},{\"@type\":\"ListItem\",\"position\":3,\"name\":\"Clivet klima ure\u0111aj Cristallo 2 Hiwall 3,5 kw Wifi uklju\u010den\"}]},{\"@type\":\"WebSite\",\"@id\":\"https:\/\/termoshop.hr\/#website\",\"url\":\"https:\/\/termoshop.hr\/\",\"name\":\"Termoshop.hr\",\"description\":\"Web trgovina\",\"publisher\":{\"@id\":\"https:\/\/termoshop.hr\/#organization\"},\"alternateName\":\"Termoshop\",\"potentialAction\":[{\"@type\":\"SearchAction\",\"target\":{\"@type\":\"EntryPoint\",\"urlTemplate\":\"https:\/\/termoshop.hr\/?s={search_term_string}\"},\"query-input\":{\"@type\":\"PropertyValueSpecification\",\"valueRequired\":true,\"valueName\":\"search_term_string\"}}],\"inLanguage\":\"hr\"},{\"@type\":\"Organization\",\"@id\":\"https:\/\/termoshop.hr\/#organization\",\"name\":\"Termoshop\",\"url\":\"https:\/\/termoshop.hr\/\",\"logo\":{\"@type\":\"ImageObject\",\"inLanguage\":\"hr\",\"@id\":\"https:\/\/termoshop.hr\/#\/schema\/logo\/image\/\",\"url\":\"https:\/\/termoshop.hr\/wp-content\/uploads\/2023\/10\/termo-shop-logo-1605741401.png\",\"contentUrl\":\"https:\/\/termoshop.hr\/wp-content\/uploads\/2023\/10\/termo-shop-logo-1605741401.png\",\"width\":551,\"height\":96,\"caption\":\"Termoshop\"},\"image\":{\"@id\":\"https:\/\/termoshop.hr\/#\/schema\/logo\/image\/\"},\"sameAs\":[\"https:\/\/www.facebook.com\/promil.doo\/\"]}]}<\/script>\n<!-- \/ Yoast SEO plugin. -->","yoast_head_json":{"title":"Clivet klima ure\u0111aj Cristallo 2 Hiwall 3,5 kw Wifi uklju\u010den - Termoshop","robots":{"index":"index","follow":"follow","max-snippet":"max-snippet:-1","max-image-preview":"max-image-preview:large","max-video-preview":"max-video-preview:-1"},"canonical":"https:\/\/termoshop.hr\/?product=cristallo-2-hiwall","og_locale":"hr_HR","og_type":"article","og_title":"Clivet klima ure\u0111aj Cristallo 2 Hiwall 3,5 kw Wifi uklju\u010den - Termoshop","og_description":"PALTO Design plo\u010da sna\u017enih i elegantnih linija, mat zavr\u0161na obrada;  filtar za pro\u010di\u0161\u0107avanje: aktivan protiv neugodnih mirisa, pra\u0161ine, hlapivih organskih spojeva (VOC), peludi, spora, bakterija;  Pametno upravljanje kao standard: pomo\u0107u pametnog telefona s aplikacijom NetHome Plus i postavljanjem glasovne kontrole pomo\u0107u Amazon Alexa i Google Assistant aplikacija;  u skladu sa SINGLESplit\/MULTISplit;  Prednost:   Vi\u0161esmjerni protok zraka;  breeze away;  filtar za pro\u010di\u0161\u0107avanje.","og_url":"https:\/\/termoshop.hr\/?product=cristallo-2-hiwall","og_site_name":"Termoshop","article_publisher":"https:\/\/www.facebook.com\/promil.doo\/","article_modified_time":"2025-08-20T13:56:47+00:00","og_image":[{"width":358,"height":401,"url":"https:\/\/termoshop.hr\/wp-content\/uploads\/2025\/05\/2.png","type":"image\/png"}],"twitter_card":"summary_large_image","twitter_misc":{"Procijenjeno vrijeme \u010ditanja":"1 minuta"},"schema":{"@context":"https:\/\/schema.org","@graph":[{"@type":"WebPage","@id":"https:\/\/termoshop.hr\/?product=cristallo-2-hiwall","url":"https:\/\/termoshop.hr\/?product=cristallo-2-hiwall","name":"Clivet klima ure\u0111aj Cristallo 2 Hiwall 3,5 kw Wifi uklju\u010den - Termoshop","isPartOf":{"@id":"https:\/\/termoshop.hr\/#website"},"primaryImageOfPage":{"@id":"https:\/\/termoshop.hr\/?product=cristallo-2-hiwall#primaryimage"},"image":{"@id":"https:\/\/termoshop.hr\/?product=cristallo-2-hiwall#primaryimage"},"thumbnailUrl":"https:\/\/termoshop.hr\/wp-content\/uploads\/2025\/05\/2.png","datePublished":"2025-05-21T08:13:31+00:00","dateModified":"2025-08-20T13:56:47+00:00","breadcrumb":{"@id":"https:\/\/termoshop.hr\/?product=cristallo-2-hiwall#breadcrumb"},"inLanguage":"hr","potentialAction":[{"@type":"ReadAction","target":["https:\/\/termoshop.hr\/?product=cristallo-2-hiwall"]}]},{"@type":"ImageObject","inLanguage":"hr","@id":"https:\/\/termoshop.hr\/?product=cristallo-2-hiwall#primaryimage","url":"https:\/\/termoshop.hr\/wp-content\/uploads\/2025\/05\/2.png","contentUrl":"https:\/\/termoshop.hr\/wp-content\/uploads\/2025\/05\/2.png","width":358,"height":401},{"@type":"BreadcrumbList","@id":"https:\/\/termoshop.hr\/?product=cristallo-2-hiwall#breadcrumb","itemListElement":[{"@type":"ListItem","position":1,"name":"Po\u010detna stranica","item":"https:\/\/termoshop.hr\/"},{"@type":"ListItem","position":2,"name":"Web trgovina","item":"https:\/\/termoshop.hr\/?page_id=7"},{"@type":"ListItem","position":3,"name":"Clivet klima ure\u0111aj Cristallo 2 Hiwall 3,5 kw Wifi uklju\u010den"}]},{"@type":"WebSite","@id":"https:\/\/termoshop.hr\/#website","url":"https:\/\/termoshop.hr\/","name":"Termoshop.hr","description":"Web trgovina","publisher":{"@id":"https:\/\/termoshop.hr\/#organization"},"alternateName":"Termoshop","potentialAction":[{"@type":"SearchAction","target":{"@type":"EntryPoint","urlTemplate":"https:\/\/termoshop.hr\/?s={search_term_string}"},"query-input":{"@type":"PropertyValueSpecification","valueRequired":true,"valueName":"search_term_string"}}],"inLanguage":"hr"},{"@type":"Organization","@id":"https:\/\/termoshop.hr\/#organization","name":"Termoshop","url":"https:\/\/termoshop.hr\/","logo":{"@type":"ImageObject","inLanguage":"hr","@id":"https:\/\/termoshop.hr\/#\/schema\/logo\/image\/","url":"https:\/\/termoshop.hr\/wp-content\/uploads\/2023\/10\/termo-shop-logo-1605741401.png","contentUrl":"https:\/\/termoshop.hr\/wp-content\/uploads\/2023\/10\/termo-shop-logo-1605741401.png","width":551,"height":96,"caption":"Termoshop"},"image":{"@id":"https:\/\/termoshop.hr\/#\/schema\/logo\/image\/"},"sameAs":["https:\/\/www.facebook.com\/promil.doo\/"]}]}},"_links":{"self":[{"href":"https:\/\/termoshop.hr\/index.php?rest_route=\/wp\/v2\/product\/1675","targetHints":{"allow":["GET"]}}],"collection":[{"href":"https:\/\/termoshop.hr\/index.php?rest_route=\/wp\/v2\/product"}],"about":[{"href":"https:\/\/termoshop.hr\/index.php?rest_route=\/wp\/v2\/types\/product"}],"replies":[{"embeddable":true,"href":"https:\/\/termoshop.hr\/index.php?rest_route=%2Fwp%2Fv2%2Fcomments&post=1675"}],"wp:featuredmedia":[{"embeddable":true,"href":"https:\/\/termoshop.hr\/index.php?rest_route=\/wp\/v2\/media\/1674"}],"wp:attachment":[{"href":"https:\/\/termoshop.hr\/index.php?rest_route=%2Fwp%2Fv2%2Fmedia&parent=1675"}],"wp:term":[{"taxonomy":"product_brand","embeddable":true,"href":"https:\/\/termoshop.hr\/index.php?rest_route=%2Fwp%2Fv2%2Fproduct_brand&post=1675"},{"taxonomy":"product_cat","embeddable":true,"href":"https:\/\/termoshop.hr\/index.php?rest_route=%2Fwp%2Fv2%2Fproduct_cat&post=1675"},{"taxonomy":"product_tag","embeddable":true,"href":"https:\/\/termoshop.hr\/index.php?rest_route=%2Fwp%2Fv2%2Fproduct_tag&post=1675"}],"curies":[{"name":"wp","href":"https:\/\/api.w.org\/{rel}","templated":true}]}}