{"id":1583,"date":"2024-11-05T13:51:35","date_gmt":"2024-11-05T12:51:35","guid":{"rendered":"https:\/\/termoshop.hr\/?post_type=product&#038;p=1583"},"modified":"2024-11-19T12:10:29","modified_gmt":"2024-11-19T11:10:29","slug":"clivet-dizalica-topline-elfoenergy-edge-evo-2","status":"publish","type":"product","link":"https:\/\/termoshop.hr\/?product=clivet-dizalica-topline-elfoenergy-edge-evo-2","title":{"rendered":"Clivet dizalica topline ELFOEnergy EDGE EVO 2.0 R32 WISAN-YME 6.1 12,10 KW Monoblok"},"content":{"rendered":"","protected":false},"excerpt":{"rendered":"<p><span style=\"color: #ff0000;\">Kona\u010dnu cijenu mo\u017eete zatra\u017eiti na upit<\/span><\/p>\n<p>\u2713 U\u0161teda prostora: instalacija na otvorenom, nije potrebna unutarnja jedinica<br \/>\n\u2713 Projektirana za prosje\u010dne klimatske uvjete: izvrsne performanse na niskim<br \/>\ntemperaturama i opcijski dodatni grija\u010di od 3 do 9 kW<br \/>\n\u2713 Istovremena proizvodnja PTV-a i hla\u0111enje\/grijanje (verzija Hybrid)<br \/>\n\u2713 Modularna: mogu\u0107nost kombinacije do 6 jedinica u kaskadi za u\u010din do 180 kW<br \/>\n\u2713 Napredna povezivost: upravljanje putem namjenske aplikacije MSmartHome ili<br \/>\nputem priklju\u010dka Modbus sa sustavom CONTROL4 NRG u sklopu serijske opreme<\/p>\n","protected":false},"featured_media":1573,"comment_status":"closed","ping_status":"closed","template":"","meta":[],"product_brand":[],"product_cat":[136,139,36],"product_tag":[],"class_list":{"0":"post-1583","1":"product","2":"type-product","3":"status-publish","4":"has-post-thumbnail","6":"product_cat-clivet-dizalice-topline","7":"product_cat-edge-evo-2-0-exc-r32-monoblok","8":"product_cat-a1dizalice-topline-2","10":"first","11":"instock","12":"taxable","13":"shipping-taxable","14":"purchasable","15":"product-type-simple"},"yoast_head":"<!-- This site is optimized with the Yoast SEO plugin v26.9 - https:\/\/yoast.com\/product\/yoast-seo-wordpress\/ -->\n<title>Clivet dizalica topline ELFOEnergy EDGE EVO - Termoshop<\/title>\n<meta name=\"description\" content=\"Clivet dizalica topline ELFOEnergy EDGE EVO 2.0 R32 WISAN-YME 6.1 12,10 KW Monoblok. U\u0161teda prostora: instalacija na otvorenom, nije potrebna unutarnja...\" \/>\n<meta name=\"robots\" content=\"index, follow, max-snippet:-1, max-image-preview:large, max-video-preview:-1\" \/>\n<link rel=\"canonical\" href=\"https:\/\/termoshop.hr\/?product=clivet-dizalica-topline-elfoenergy-edge-evo-2\" \/>\n<meta property=\"og:locale\" content=\"hr_HR\" \/>\n<meta property=\"og:type\" content=\"article\" \/>\n<meta property=\"og:title\" content=\"Clivet dizalica topline ELFOEnergy EDGE EVO - Termoshop\" \/>\n<meta property=\"og:description\" content=\"Clivet dizalica topline ELFOEnergy EDGE EVO 2.0 R32 WISAN-YME 6.1 12,10 KW Monoblok. U\u0161teda prostora: instalacija na otvorenom, nije potrebna unutarnja...\" \/>\n<meta property=\"og:url\" content=\"https:\/\/termoshop.hr\/?product=clivet-dizalica-topline-elfoenergy-edge-evo-2\" \/>\n<meta property=\"og:site_name\" content=\"Termoshop\" \/>\n<meta property=\"article:publisher\" content=\"https:\/\/www.facebook.com\/promil.doo\/\" \/>\n<meta property=\"article:modified_time\" content=\"2024-11-19T11:10:29+00:00\" \/>\n<meta property=\"og:image\" content=\"https:\/\/termoshop.hr\/wp-content\/uploads\/2024\/11\/Snimka-zaslona-2024-11-05-115907.png\" \/>\n\t<meta property=\"og:image:width\" content=\"500\" \/>\n\t<meta property=\"og:image:height\" content=\"500\" \/>\n\t<meta property=\"og:image:type\" content=\"image\/png\" \/>\n<meta name=\"twitter:card\" content=\"summary_large_image\" \/>\n<meta name=\"twitter:label1\" content=\"Procijenjeno vrijeme \u010ditanja\" \/>\n\t<meta name=\"twitter:data1\" content=\"1 minuta\" \/>\n<script type=\"application\/ld+json\" class=\"yoast-schema-graph\">{\"@context\":\"https:\/\/schema.org\",\"@graph\":[{\"@type\":\"WebPage\",\"@id\":\"https:\/\/termoshop.hr\/?product=clivet-dizalica-topline-elfoenergy-edge-evo-2\",\"url\":\"https:\/\/termoshop.hr\/?product=clivet-dizalica-topline-elfoenergy-edge-evo-2\",\"name\":\"Clivet dizalica topline ELFOEnergy EDGE EVO - Termoshop\",\"isPartOf\":{\"@id\":\"https:\/\/termoshop.hr\/#website\"},\"primaryImageOfPage\":{\"@id\":\"https:\/\/termoshop.hr\/?product=clivet-dizalica-topline-elfoenergy-edge-evo-2#primaryimage\"},\"image\":{\"@id\":\"https:\/\/termoshop.hr\/?product=clivet-dizalica-topline-elfoenergy-edge-evo-2#primaryimage\"},\"thumbnailUrl\":\"https:\/\/termoshop.hr\/wp-content\/uploads\/2024\/11\/Snimka-zaslona-2024-11-05-115907.png\",\"datePublished\":\"2024-11-05T12:51:35+00:00\",\"dateModified\":\"2024-11-19T11:10:29+00:00\",\"description\":\"Clivet dizalica topline ELFOEnergy EDGE EVO 2.0 R32 WISAN-YME 6.1 12,10 KW Monoblok. U\u0161teda prostora: instalacija na otvorenom, nije potrebna unutarnja...\",\"breadcrumb\":{\"@id\":\"https:\/\/termoshop.hr\/?product=clivet-dizalica-topline-elfoenergy-edge-evo-2#breadcrumb\"},\"inLanguage\":\"hr\",\"potentialAction\":[{\"@type\":\"ReadAction\",\"target\":[\"https:\/\/termoshop.hr\/?product=clivet-dizalica-topline-elfoenergy-edge-evo-2\"]}]},{\"@type\":\"ImageObject\",\"inLanguage\":\"hr\",\"@id\":\"https:\/\/termoshop.hr\/?product=clivet-dizalica-topline-elfoenergy-edge-evo-2#primaryimage\",\"url\":\"https:\/\/termoshop.hr\/wp-content\/uploads\/2024\/11\/Snimka-zaslona-2024-11-05-115907.png\",\"contentUrl\":\"https:\/\/termoshop.hr\/wp-content\/uploads\/2024\/11\/Snimka-zaslona-2024-11-05-115907.png\",\"width\":500,\"height\":500},{\"@type\":\"BreadcrumbList\",\"@id\":\"https:\/\/termoshop.hr\/?product=clivet-dizalica-topline-elfoenergy-edge-evo-2#breadcrumb\",\"itemListElement\":[{\"@type\":\"ListItem\",\"position\":1,\"name\":\"Po\u010detna stranica\",\"item\":\"https:\/\/termoshop.hr\/\"},{\"@type\":\"ListItem\",\"position\":2,\"name\":\"Web trgovina\",\"item\":\"https:\/\/termoshop.hr\/?page_id=7\"},{\"@type\":\"ListItem\",\"position\":3,\"name\":\"Clivet dizalica topline ELFOEnergy EDGE EVO 2.0 R32 WISAN-YME 6.1 12,10 KW Monoblok\"}]},{\"@type\":\"WebSite\",\"@id\":\"https:\/\/termoshop.hr\/#website\",\"url\":\"https:\/\/termoshop.hr\/\",\"name\":\"Termoshop.hr\",\"description\":\"Web trgovina\",\"publisher\":{\"@id\":\"https:\/\/termoshop.hr\/#organization\"},\"alternateName\":\"Termoshop\",\"potentialAction\":[{\"@type\":\"SearchAction\",\"target\":{\"@type\":\"EntryPoint\",\"urlTemplate\":\"https:\/\/termoshop.hr\/?s={search_term_string}\"},\"query-input\":{\"@type\":\"PropertyValueSpecification\",\"valueRequired\":true,\"valueName\":\"search_term_string\"}}],\"inLanguage\":\"hr\"},{\"@type\":\"Organization\",\"@id\":\"https:\/\/termoshop.hr\/#organization\",\"name\":\"Termoshop\",\"url\":\"https:\/\/termoshop.hr\/\",\"logo\":{\"@type\":\"ImageObject\",\"inLanguage\":\"hr\",\"@id\":\"https:\/\/termoshop.hr\/#\/schema\/logo\/image\/\",\"url\":\"https:\/\/termoshop.hr\/wp-content\/uploads\/2023\/10\/termo-shop-logo-1605741401.png\",\"contentUrl\":\"https:\/\/termoshop.hr\/wp-content\/uploads\/2023\/10\/termo-shop-logo-1605741401.png\",\"width\":551,\"height\":96,\"caption\":\"Termoshop\"},\"image\":{\"@id\":\"https:\/\/termoshop.hr\/#\/schema\/logo\/image\/\"},\"sameAs\":[\"https:\/\/www.facebook.com\/promil.doo\/\"]}]}<\/script>\n<!-- \/ Yoast SEO plugin. -->","yoast_head_json":{"title":"Clivet dizalica topline ELFOEnergy EDGE EVO - Termoshop","description":"Clivet dizalica topline ELFOEnergy EDGE EVO 2.0 R32 WISAN-YME 6.1 12,10 KW Monoblok. U\u0161teda prostora: instalacija na otvorenom, nije potrebna unutarnja...","robots":{"index":"index","follow":"follow","max-snippet":"max-snippet:-1","max-image-preview":"max-image-preview:large","max-video-preview":"max-video-preview:-1"},"canonical":"https:\/\/termoshop.hr\/?product=clivet-dizalica-topline-elfoenergy-edge-evo-2","og_locale":"hr_HR","og_type":"article","og_title":"Clivet dizalica topline ELFOEnergy EDGE EVO - Termoshop","og_description":"Clivet dizalica topline ELFOEnergy EDGE EVO 2.0 R32 WISAN-YME 6.1 12,10 KW Monoblok. U\u0161teda prostora: instalacija na otvorenom, nije potrebna unutarnja...","og_url":"https:\/\/termoshop.hr\/?product=clivet-dizalica-topline-elfoenergy-edge-evo-2","og_site_name":"Termoshop","article_publisher":"https:\/\/www.facebook.com\/promil.doo\/","article_modified_time":"2024-11-19T11:10:29+00:00","og_image":[{"width":500,"height":500,"url":"https:\/\/termoshop.hr\/wp-content\/uploads\/2024\/11\/Snimka-zaslona-2024-11-05-115907.png","type":"image\/png"}],"twitter_card":"summary_large_image","twitter_misc":{"Procijenjeno vrijeme \u010ditanja":"1 minuta"},"schema":{"@context":"https:\/\/schema.org","@graph":[{"@type":"WebPage","@id":"https:\/\/termoshop.hr\/?product=clivet-dizalica-topline-elfoenergy-edge-evo-2","url":"https:\/\/termoshop.hr\/?product=clivet-dizalica-topline-elfoenergy-edge-evo-2","name":"Clivet dizalica topline ELFOEnergy EDGE EVO - Termoshop","isPartOf":{"@id":"https:\/\/termoshop.hr\/#website"},"primaryImageOfPage":{"@id":"https:\/\/termoshop.hr\/?product=clivet-dizalica-topline-elfoenergy-edge-evo-2#primaryimage"},"image":{"@id":"https:\/\/termoshop.hr\/?product=clivet-dizalica-topline-elfoenergy-edge-evo-2#primaryimage"},"thumbnailUrl":"https:\/\/termoshop.hr\/wp-content\/uploads\/2024\/11\/Snimka-zaslona-2024-11-05-115907.png","datePublished":"2024-11-05T12:51:35+00:00","dateModified":"2024-11-19T11:10:29+00:00","description":"Clivet dizalica topline ELFOEnergy EDGE EVO 2.0 R32 WISAN-YME 6.1 12,10 KW Monoblok. U\u0161teda prostora: instalacija na otvorenom, nije potrebna unutarnja...","breadcrumb":{"@id":"https:\/\/termoshop.hr\/?product=clivet-dizalica-topline-elfoenergy-edge-evo-2#breadcrumb"},"inLanguage":"hr","potentialAction":[{"@type":"ReadAction","target":["https:\/\/termoshop.hr\/?product=clivet-dizalica-topline-elfoenergy-edge-evo-2"]}]},{"@type":"ImageObject","inLanguage":"hr","@id":"https:\/\/termoshop.hr\/?product=clivet-dizalica-topline-elfoenergy-edge-evo-2#primaryimage","url":"https:\/\/termoshop.hr\/wp-content\/uploads\/2024\/11\/Snimka-zaslona-2024-11-05-115907.png","contentUrl":"https:\/\/termoshop.hr\/wp-content\/uploads\/2024\/11\/Snimka-zaslona-2024-11-05-115907.png","width":500,"height":500},{"@type":"BreadcrumbList","@id":"https:\/\/termoshop.hr\/?product=clivet-dizalica-topline-elfoenergy-edge-evo-2#breadcrumb","itemListElement":[{"@type":"ListItem","position":1,"name":"Po\u010detna stranica","item":"https:\/\/termoshop.hr\/"},{"@type":"ListItem","position":2,"name":"Web trgovina","item":"https:\/\/termoshop.hr\/?page_id=7"},{"@type":"ListItem","position":3,"name":"Clivet dizalica topline ELFOEnergy EDGE EVO 2.0 R32 WISAN-YME 6.1 12,10 KW Monoblok"}]},{"@type":"WebSite","@id":"https:\/\/termoshop.hr\/#website","url":"https:\/\/termoshop.hr\/","name":"Termoshop.hr","description":"Web trgovina","publisher":{"@id":"https:\/\/termoshop.hr\/#organization"},"alternateName":"Termoshop","potentialAction":[{"@type":"SearchAction","target":{"@type":"EntryPoint","urlTemplate":"https:\/\/termoshop.hr\/?s={search_term_string}"},"query-input":{"@type":"PropertyValueSpecification","valueRequired":true,"valueName":"search_term_string"}}],"inLanguage":"hr"},{"@type":"Organization","@id":"https:\/\/termoshop.hr\/#organization","name":"Termoshop","url":"https:\/\/termoshop.hr\/","logo":{"@type":"ImageObject","inLanguage":"hr","@id":"https:\/\/termoshop.hr\/#\/schema\/logo\/image\/","url":"https:\/\/termoshop.hr\/wp-content\/uploads\/2023\/10\/termo-shop-logo-1605741401.png","contentUrl":"https:\/\/termoshop.hr\/wp-content\/uploads\/2023\/10\/termo-shop-logo-1605741401.png","width":551,"height":96,"caption":"Termoshop"},"image":{"@id":"https:\/\/termoshop.hr\/#\/schema\/logo\/image\/"},"sameAs":["https:\/\/www.facebook.com\/promil.doo\/"]}]}},"_links":{"self":[{"href":"https:\/\/termoshop.hr\/index.php?rest_route=\/wp\/v2\/product\/1583","targetHints":{"allow":["GET"]}}],"collection":[{"href":"https:\/\/termoshop.hr\/index.php?rest_route=\/wp\/v2\/product"}],"about":[{"href":"https:\/\/termoshop.hr\/index.php?rest_route=\/wp\/v2\/types\/product"}],"replies":[{"embeddable":true,"href":"https:\/\/termoshop.hr\/index.php?rest_route=%2Fwp%2Fv2%2Fcomments&post=1583"}],"wp:featuredmedia":[{"embeddable":true,"href":"https:\/\/termoshop.hr\/index.php?rest_route=\/wp\/v2\/media\/1573"}],"wp:attachment":[{"href":"https:\/\/termoshop.hr\/index.php?rest_route=%2Fwp%2Fv2%2Fmedia&parent=1583"}],"wp:term":[{"taxonomy":"product_brand","embeddable":true,"href":"https:\/\/termoshop.hr\/index.php?rest_route=%2Fwp%2Fv2%2Fproduct_brand&post=1583"},{"taxonomy":"product_cat","embeddable":true,"href":"https:\/\/termoshop.hr\/index.php?rest_route=%2Fwp%2Fv2%2Fproduct_cat&post=1583"},{"taxonomy":"product_tag","embeddable":true,"href":"https:\/\/termoshop.hr\/index.php?rest_route=%2Fwp%2Fv2%2Fproduct_tag&post=1583"}],"curies":[{"name":"wp","href":"https:\/\/api.w.org\/{rel}","templated":true}]}}