{"id":1552,"date":"2024-11-04T09:11:37","date_gmt":"2024-11-04T08:11:37","guid":{"rendered":"https:\/\/termoshop.hr\/?post_type=product&#038;p=1552"},"modified":"2024-11-20T10:37:36","modified_gmt":"2024-11-20T09:37:36","slug":"clivet-dizalica-topline-sphera-evo","status":"publish","type":"product","link":"https:\/\/termoshop.hr\/?product=clivet-dizalica-topline-sphera-evo","title":{"rendered":"Clivet dizalica topline Sphera Evo 2.0 Box R32 SQKN-YEE1 BC 8.1\/MISAN-YEE 1S 8.1 T  16,01 KW   380V"},"content":{"rendered":"","protected":false},"excerpt":{"rendered":"<p>Dizalica topline s vanjskom i unutarnjom jedinicom za ku\u0107e sa srednjom i visokom<br \/>\npotro\u0161njom energije<\/p>\n<p>\u2713 Manja veli\u010dina: mo\u017ee se postaviti u stubi\u0161te, smo\u010dnicu, praonicu ili<br \/>\nunutar kuhinjskog elementa<br \/>\n\u2713 Komfor \u010dak i u ote\u017eanim klimatskim uvjetima: dodatni elektro grija\u010d kao<br \/>\nopcija od 2\/3\/4\/6\/9 kW<br \/>\n\u2713 Idealno za sustave s dvije temperaturne zone<br \/>\n\u2713 Mogu\u0107a kombinacija sa spremnicima PTV-a razli\u010ditih volumena ovisno o<br \/>\nzahtjevima korisnika<br \/>\n\u2713 Napredna povezivost: upravljanje putem namjenske aplikacije<br \/>\nMSmartHome ili putem priklju\u010dka Modbus sa sustavom Control4 NRG<\/p>\n","protected":false},"featured_media":1539,"comment_status":"closed","ping_status":"closed","template":"","meta":[],"product_brand":[],"product_cat":[136,137,36],"product_tag":[],"class_list":{"0":"post-1552","1":"product","2":"type-product","3":"status-publish","4":"has-post-thumbnail","6":"product_cat-clivet-dizalice-topline","7":"product_cat-spera-evo-2-0-box-r32","8":"product_cat-a1dizalice-topline-2","10":"first","11":"instock","12":"taxable","13":"shipping-taxable","14":"purchasable","15":"product-type-simple"},"yoast_head":"<!-- This site is optimized with the Yoast SEO plugin v26.9 - https:\/\/yoast.com\/product\/yoast-seo-wordpress\/ -->\n<title>Clivet dizalica topline Sphera Evo 2.0 Box R32 SQKN-YEE1 BC 8.1\/MISAN-YEE 1S 8.1 T 16,01 KW  380V - Termoshop<\/title>\n<meta name=\"description\" content=\"Clivet dizalica topline Sphera Evo 2.0 Box R32 SQKN-YEE1 BC 8.1\/MISAN-YEE 1S 8.1 T 16,01 KW - 380V. Komfor \u010dak i u ote\u017eanim klimatskim uvjetima.\" \/>\n<meta name=\"robots\" content=\"index, follow, max-snippet:-1, max-image-preview:large, max-video-preview:-1\" \/>\n<link rel=\"canonical\" href=\"https:\/\/termoshop.hr\/?product=clivet-dizalica-topline-sphera-evo\" \/>\n<meta property=\"og:locale\" content=\"hr_HR\" \/>\n<meta property=\"og:type\" content=\"article\" \/>\n<meta property=\"og:title\" content=\"Clivet dizalica topline Sphera Evo 2.0 Box R32 SQKN-YEE1 BC 8.1\/MISAN-YEE 1S 8.1 T 16,01 KW  380V - Termoshop\" \/>\n<meta property=\"og:description\" content=\"Clivet dizalica topline Sphera Evo 2.0 Box R32 SQKN-YEE1 BC 8.1\/MISAN-YEE 1S 8.1 T 16,01 KW - 380V. Komfor \u010dak i u ote\u017eanim klimatskim uvjetima.\" \/>\n<meta property=\"og:url\" content=\"https:\/\/termoshop.hr\/?product=clivet-dizalica-topline-sphera-evo\" \/>\n<meta property=\"og:site_name\" content=\"Termoshop\" \/>\n<meta property=\"article:publisher\" content=\"https:\/\/www.facebook.com\/promil.doo\/\" \/>\n<meta property=\"article:modified_time\" content=\"2024-11-20T09:37:36+00:00\" \/>\n<meta property=\"og:image\" content=\"https:\/\/termoshop.hr\/wp-content\/uploads\/2024\/11\/clivet-evo-spera-2.0.png\" \/>\n\t<meta property=\"og:image:width\" content=\"500\" \/>\n\t<meta property=\"og:image:height\" content=\"500\" \/>\n\t<meta property=\"og:image:type\" content=\"image\/png\" \/>\n<meta name=\"twitter:card\" content=\"summary_large_image\" \/>\n<meta name=\"twitter:label1\" content=\"Procijenjeno vrijeme \u010ditanja\" \/>\n\t<meta name=\"twitter:data1\" content=\"1 minuta\" \/>\n<script type=\"application\/ld+json\" class=\"yoast-schema-graph\">{\"@context\":\"https:\/\/schema.org\",\"@graph\":[{\"@type\":\"WebPage\",\"@id\":\"https:\/\/termoshop.hr\/?product=clivet-dizalica-topline-sphera-evo\",\"url\":\"https:\/\/termoshop.hr\/?product=clivet-dizalica-topline-sphera-evo\",\"name\":\"Clivet dizalica topline Sphera Evo 2.0 Box R32 SQKN-YEE1 BC 8.1\/MISAN-YEE 1S 8.1 T 16,01 KW 380V - Termoshop\",\"isPartOf\":{\"@id\":\"https:\/\/termoshop.hr\/#website\"},\"primaryImageOfPage\":{\"@id\":\"https:\/\/termoshop.hr\/?product=clivet-dizalica-topline-sphera-evo#primaryimage\"},\"image\":{\"@id\":\"https:\/\/termoshop.hr\/?product=clivet-dizalica-topline-sphera-evo#primaryimage\"},\"thumbnailUrl\":\"https:\/\/termoshop.hr\/wp-content\/uploads\/2024\/11\/clivet-evo-spera-2.0.png\",\"datePublished\":\"2024-11-04T08:11:37+00:00\",\"dateModified\":\"2024-11-20T09:37:36+00:00\",\"description\":\"Clivet dizalica topline Sphera Evo 2.0 Box R32 SQKN-YEE1 BC 8.1\/MISAN-YEE 1S 8.1 T 16,01 KW - 380V. Komfor \u010dak i u ote\u017eanim klimatskim uvjetima.\",\"breadcrumb\":{\"@id\":\"https:\/\/termoshop.hr\/?product=clivet-dizalica-topline-sphera-evo#breadcrumb\"},\"inLanguage\":\"hr\",\"potentialAction\":[{\"@type\":\"ReadAction\",\"target\":[\"https:\/\/termoshop.hr\/?product=clivet-dizalica-topline-sphera-evo\"]}]},{\"@type\":\"ImageObject\",\"inLanguage\":\"hr\",\"@id\":\"https:\/\/termoshop.hr\/?product=clivet-dizalica-topline-sphera-evo#primaryimage\",\"url\":\"https:\/\/termoshop.hr\/wp-content\/uploads\/2024\/11\/clivet-evo-spera-2.0.png\",\"contentUrl\":\"https:\/\/termoshop.hr\/wp-content\/uploads\/2024\/11\/clivet-evo-spera-2.0.png\",\"width\":500,\"height\":500},{\"@type\":\"BreadcrumbList\",\"@id\":\"https:\/\/termoshop.hr\/?product=clivet-dizalica-topline-sphera-evo#breadcrumb\",\"itemListElement\":[{\"@type\":\"ListItem\",\"position\":1,\"name\":\"Po\u010detna stranica\",\"item\":\"https:\/\/termoshop.hr\/\"},{\"@type\":\"ListItem\",\"position\":2,\"name\":\"Web trgovina\",\"item\":\"https:\/\/termoshop.hr\/?page_id=7\"},{\"@type\":\"ListItem\",\"position\":3,\"name\":\"Clivet dizalica topline Sphera Evo 2.0 Box R32 SQKN-YEE1 BC 8.1\/MISAN-YEE 1S 8.1 T 16,01 KW 380V\"}]},{\"@type\":\"WebSite\",\"@id\":\"https:\/\/termoshop.hr\/#website\",\"url\":\"https:\/\/termoshop.hr\/\",\"name\":\"Termoshop.hr\",\"description\":\"Web trgovina\",\"publisher\":{\"@id\":\"https:\/\/termoshop.hr\/#organization\"},\"alternateName\":\"Termoshop\",\"potentialAction\":[{\"@type\":\"SearchAction\",\"target\":{\"@type\":\"EntryPoint\",\"urlTemplate\":\"https:\/\/termoshop.hr\/?s={search_term_string}\"},\"query-input\":{\"@type\":\"PropertyValueSpecification\",\"valueRequired\":true,\"valueName\":\"search_term_string\"}}],\"inLanguage\":\"hr\"},{\"@type\":\"Organization\",\"@id\":\"https:\/\/termoshop.hr\/#organization\",\"name\":\"Termoshop\",\"url\":\"https:\/\/termoshop.hr\/\",\"logo\":{\"@type\":\"ImageObject\",\"inLanguage\":\"hr\",\"@id\":\"https:\/\/termoshop.hr\/#\/schema\/logo\/image\/\",\"url\":\"https:\/\/termoshop.hr\/wp-content\/uploads\/2023\/10\/termo-shop-logo-1605741401.png\",\"contentUrl\":\"https:\/\/termoshop.hr\/wp-content\/uploads\/2023\/10\/termo-shop-logo-1605741401.png\",\"width\":551,\"height\":96,\"caption\":\"Termoshop\"},\"image\":{\"@id\":\"https:\/\/termoshop.hr\/#\/schema\/logo\/image\/\"},\"sameAs\":[\"https:\/\/www.facebook.com\/promil.doo\/\"]}]}<\/script>\n<!-- \/ Yoast SEO plugin. -->","yoast_head_json":{"title":"Clivet dizalica topline Sphera Evo 2.0 Box R32 SQKN-YEE1 BC 8.1\/MISAN-YEE 1S 8.1 T 16,01 KW  380V - Termoshop","description":"Clivet dizalica topline Sphera Evo 2.0 Box R32 SQKN-YEE1 BC 8.1\/MISAN-YEE 1S 8.1 T 16,01 KW - 380V. Komfor \u010dak i u ote\u017eanim klimatskim uvjetima.","robots":{"index":"index","follow":"follow","max-snippet":"max-snippet:-1","max-image-preview":"max-image-preview:large","max-video-preview":"max-video-preview:-1"},"canonical":"https:\/\/termoshop.hr\/?product=clivet-dizalica-topline-sphera-evo","og_locale":"hr_HR","og_type":"article","og_title":"Clivet dizalica topline Sphera Evo 2.0 Box R32 SQKN-YEE1 BC 8.1\/MISAN-YEE 1S 8.1 T 16,01 KW  380V - Termoshop","og_description":"Clivet dizalica topline Sphera Evo 2.0 Box R32 SQKN-YEE1 BC 8.1\/MISAN-YEE 1S 8.1 T 16,01 KW - 380V. Komfor \u010dak i u ote\u017eanim klimatskim uvjetima.","og_url":"https:\/\/termoshop.hr\/?product=clivet-dizalica-topline-sphera-evo","og_site_name":"Termoshop","article_publisher":"https:\/\/www.facebook.com\/promil.doo\/","article_modified_time":"2024-11-20T09:37:36+00:00","og_image":[{"width":500,"height":500,"url":"https:\/\/termoshop.hr\/wp-content\/uploads\/2024\/11\/clivet-evo-spera-2.0.png","type":"image\/png"}],"twitter_card":"summary_large_image","twitter_misc":{"Procijenjeno vrijeme \u010ditanja":"1 minuta"},"schema":{"@context":"https:\/\/schema.org","@graph":[{"@type":"WebPage","@id":"https:\/\/termoshop.hr\/?product=clivet-dizalica-topline-sphera-evo","url":"https:\/\/termoshop.hr\/?product=clivet-dizalica-topline-sphera-evo","name":"Clivet dizalica topline Sphera Evo 2.0 Box R32 SQKN-YEE1 BC 8.1\/MISAN-YEE 1S 8.1 T 16,01 KW 380V - Termoshop","isPartOf":{"@id":"https:\/\/termoshop.hr\/#website"},"primaryImageOfPage":{"@id":"https:\/\/termoshop.hr\/?product=clivet-dizalica-topline-sphera-evo#primaryimage"},"image":{"@id":"https:\/\/termoshop.hr\/?product=clivet-dizalica-topline-sphera-evo#primaryimage"},"thumbnailUrl":"https:\/\/termoshop.hr\/wp-content\/uploads\/2024\/11\/clivet-evo-spera-2.0.png","datePublished":"2024-11-04T08:11:37+00:00","dateModified":"2024-11-20T09:37:36+00:00","description":"Clivet dizalica topline Sphera Evo 2.0 Box R32 SQKN-YEE1 BC 8.1\/MISAN-YEE 1S 8.1 T 16,01 KW - 380V. Komfor \u010dak i u ote\u017eanim klimatskim uvjetima.","breadcrumb":{"@id":"https:\/\/termoshop.hr\/?product=clivet-dizalica-topline-sphera-evo#breadcrumb"},"inLanguage":"hr","potentialAction":[{"@type":"ReadAction","target":["https:\/\/termoshop.hr\/?product=clivet-dizalica-topline-sphera-evo"]}]},{"@type":"ImageObject","inLanguage":"hr","@id":"https:\/\/termoshop.hr\/?product=clivet-dizalica-topline-sphera-evo#primaryimage","url":"https:\/\/termoshop.hr\/wp-content\/uploads\/2024\/11\/clivet-evo-spera-2.0.png","contentUrl":"https:\/\/termoshop.hr\/wp-content\/uploads\/2024\/11\/clivet-evo-spera-2.0.png","width":500,"height":500},{"@type":"BreadcrumbList","@id":"https:\/\/termoshop.hr\/?product=clivet-dizalica-topline-sphera-evo#breadcrumb","itemListElement":[{"@type":"ListItem","position":1,"name":"Po\u010detna stranica","item":"https:\/\/termoshop.hr\/"},{"@type":"ListItem","position":2,"name":"Web trgovina","item":"https:\/\/termoshop.hr\/?page_id=7"},{"@type":"ListItem","position":3,"name":"Clivet dizalica topline Sphera Evo 2.0 Box R32 SQKN-YEE1 BC 8.1\/MISAN-YEE 1S 8.1 T 16,01 KW 380V"}]},{"@type":"WebSite","@id":"https:\/\/termoshop.hr\/#website","url":"https:\/\/termoshop.hr\/","name":"Termoshop.hr","description":"Web trgovina","publisher":{"@id":"https:\/\/termoshop.hr\/#organization"},"alternateName":"Termoshop","potentialAction":[{"@type":"SearchAction","target":{"@type":"EntryPoint","urlTemplate":"https:\/\/termoshop.hr\/?s={search_term_string}"},"query-input":{"@type":"PropertyValueSpecification","valueRequired":true,"valueName":"search_term_string"}}],"inLanguage":"hr"},{"@type":"Organization","@id":"https:\/\/termoshop.hr\/#organization","name":"Termoshop","url":"https:\/\/termoshop.hr\/","logo":{"@type":"ImageObject","inLanguage":"hr","@id":"https:\/\/termoshop.hr\/#\/schema\/logo\/image\/","url":"https:\/\/termoshop.hr\/wp-content\/uploads\/2023\/10\/termo-shop-logo-1605741401.png","contentUrl":"https:\/\/termoshop.hr\/wp-content\/uploads\/2023\/10\/termo-shop-logo-1605741401.png","width":551,"height":96,"caption":"Termoshop"},"image":{"@id":"https:\/\/termoshop.hr\/#\/schema\/logo\/image\/"},"sameAs":["https:\/\/www.facebook.com\/promil.doo\/"]}]}},"_links":{"self":[{"href":"https:\/\/termoshop.hr\/index.php?rest_route=\/wp\/v2\/product\/1552","targetHints":{"allow":["GET"]}}],"collection":[{"href":"https:\/\/termoshop.hr\/index.php?rest_route=\/wp\/v2\/product"}],"about":[{"href":"https:\/\/termoshop.hr\/index.php?rest_route=\/wp\/v2\/types\/product"}],"replies":[{"embeddable":true,"href":"https:\/\/termoshop.hr\/index.php?rest_route=%2Fwp%2Fv2%2Fcomments&post=1552"}],"wp:featuredmedia":[{"embeddable":true,"href":"https:\/\/termoshop.hr\/index.php?rest_route=\/wp\/v2\/media\/1539"}],"wp:attachment":[{"href":"https:\/\/termoshop.hr\/index.php?rest_route=%2Fwp%2Fv2%2Fmedia&parent=1552"}],"wp:term":[{"taxonomy":"product_brand","embeddable":true,"href":"https:\/\/termoshop.hr\/index.php?rest_route=%2Fwp%2Fv2%2Fproduct_brand&post=1552"},{"taxonomy":"product_cat","embeddable":true,"href":"https:\/\/termoshop.hr\/index.php?rest_route=%2Fwp%2Fv2%2Fproduct_cat&post=1552"},{"taxonomy":"product_tag","embeddable":true,"href":"https:\/\/termoshop.hr\/index.php?rest_route=%2Fwp%2Fv2%2Fproduct_tag&post=1552"}],"curies":[{"name":"wp","href":"https:\/\/api.w.org\/{rel}","templated":true}]}}