{"id":1420,"date":"2025-02-10T10:24:34","date_gmt":"2025-02-10T09:24:34","guid":{"rendered":"https:\/\/termoshop.hr\/?post_type=product&#038;p=1420"},"modified":"2025-06-03T10:39:58","modified_gmt":"2025-06-03T08:39:58","slug":"airy-gwh12avcxd-k6dna1a-igwh12avcxd-k6dna1a-o-35-kw-bijela","status":"publish","type":"product","link":"https:\/\/termoshop.hr\/?product=airy-gwh12avcxd-k6dna1a-igwh12avcxd-k6dna1a-o-35-kw-bijela","title":{"rendered":"Airy GWH12AVCXD-K6DNA1A\/I+GWH12AVCXD-K6DNA1A\/O 3,5 kw (bijela)"},"content":{"rendered":"","protected":false},"excerpt":{"rendered":"<p>\u2022 Wi-Fi su\u010delje<br \/>\n\u2022 Led display<br \/>\n\u2022 7 brzina ventilatora<br \/>\n\u2022 I-Feel funkcija<br \/>\n\u2022 Samodijagnoza<br \/>\n\u2022 Vertikalno i horizontalno<br \/>\nzakretanje krilaca<br \/>\n\u2022 Cold Plasma filter za<br \/>\nioniziranje zraka<br \/>\n\u2022 Grija\u010d vanjske jedinice<br \/>\n\u2022 Inteligentno<br \/>\npredzagrijavanje i<br \/>\nodmrzavanje<br \/>\n\u2022 No\u0107ni na\u010din rada (3<br \/>\nno\u0107ne krivulje)<br \/>\n\u2022 UV-C UV svjetlo za<br \/>\nsterilizaciju<\/p>\n","protected":false},"featured_media":1688,"comment_status":"closed","ping_status":"closed","template":"","meta":[],"product_brand":[],"product_cat":[135,108,24],"product_tag":[],"class_list":{"0":"post-1420","1":"product","2":"type-product","3":"status-publish","4":"has-post-thumbnail","6":"product_cat-airy-gree-klima-uredaji","7":"product_cat-gree-klima-uredaji","8":"product_cat-a4-2klima-uredaji","10":"first","11":"instock","12":"sale","13":"taxable","14":"shipping-taxable","15":"purchasable","16":"product-type-simple"},"yoast_head":"<!-- This site is optimized with the Yoast SEO plugin v26.9 - https:\/\/yoast.com\/product\/yoast-seo-wordpress\/ -->\n<title>Airy GWH12AVCXD-K6DNA1A\/I+GWH12AVCXD-K6DNA1A\/O 3,5 kw (bijela) - Termoshop<\/title>\n<meta name=\"robots\" content=\"index, follow, max-snippet:-1, max-image-preview:large, max-video-preview:-1\" \/>\n<link rel=\"canonical\" href=\"https:\/\/termoshop.hr\/?product=airy-gwh12avcxd-k6dna1a-igwh12avcxd-k6dna1a-o-35-kw-bijela\" \/>\n<meta property=\"og:locale\" content=\"hr_HR\" \/>\n<meta property=\"og:type\" content=\"article\" \/>\n<meta property=\"og:title\" content=\"Airy GWH12AVCXD-K6DNA1A\/I+GWH12AVCXD-K6DNA1A\/O 3,5 kw (bijela) - Termoshop\" \/>\n<meta property=\"og:description\" content=\"\u2022 Wi-Fi su\u010delje \u2022 Led display \u2022 7 brzina ventilatora \u2022 I-Feel funkcija \u2022 Samodijagnoza \u2022 Vertikalno i horizontalno zakretanje krilaca \u2022 Cold Plasma filter za ioniziranje zraka \u2022 Grija\u010d vanjske jedinice \u2022 Inteligentno predzagrijavanje i odmrzavanje \u2022 No\u0107ni na\u010din rada (3 no\u0107ne krivulje) \u2022 UV-C UV svjetlo za sterilizaciju\" \/>\n<meta property=\"og:url\" content=\"https:\/\/termoshop.hr\/?product=airy-gwh12avcxd-k6dna1a-igwh12avcxd-k6dna1a-o-35-kw-bijela\" \/>\n<meta property=\"og:site_name\" content=\"Termoshop\" \/>\n<meta property=\"article:publisher\" content=\"https:\/\/www.facebook.com\/promil.doo\/\" \/>\n<meta property=\"article:modified_time\" content=\"2025-06-03T08:39:58+00:00\" \/>\n<meta property=\"og:image\" content=\"https:\/\/termoshop.hr\/wp-content\/uploads\/2025\/02\/Untitled-1-2.png\" \/>\n\t<meta property=\"og:image:width\" content=\"344\" \/>\n\t<meta property=\"og:image:height\" content=\"291\" \/>\n\t<meta property=\"og:image:type\" content=\"image\/png\" \/>\n<meta name=\"twitter:card\" content=\"summary_large_image\" \/>\n<meta name=\"twitter:label1\" content=\"Procijenjeno vrijeme \u010ditanja\" \/>\n\t<meta name=\"twitter:data1\" content=\"1 minuta\" \/>\n<script type=\"application\/ld+json\" class=\"yoast-schema-graph\">{\"@context\":\"https:\/\/schema.org\",\"@graph\":[{\"@type\":\"WebPage\",\"@id\":\"https:\/\/termoshop.hr\/?product=airy-gwh12avcxd-k6dna1a-igwh12avcxd-k6dna1a-o-35-kw-bijela\",\"url\":\"https:\/\/termoshop.hr\/?product=airy-gwh12avcxd-k6dna1a-igwh12avcxd-k6dna1a-o-35-kw-bijela\",\"name\":\"Airy GWH12AVCXD-K6DNA1A\/I+GWH12AVCXD-K6DNA1A\/O 3,5 kw (bijela) - Termoshop\",\"isPartOf\":{\"@id\":\"https:\/\/termoshop.hr\/#website\"},\"primaryImageOfPage\":{\"@id\":\"https:\/\/termoshop.hr\/?product=airy-gwh12avcxd-k6dna1a-igwh12avcxd-k6dna1a-o-35-kw-bijela#primaryimage\"},\"image\":{\"@id\":\"https:\/\/termoshop.hr\/?product=airy-gwh12avcxd-k6dna1a-igwh12avcxd-k6dna1a-o-35-kw-bijela#primaryimage\"},\"thumbnailUrl\":\"https:\/\/termoshop.hr\/wp-content\/uploads\/2025\/02\/Untitled-1-2.png\",\"datePublished\":\"2025-02-10T09:24:34+00:00\",\"dateModified\":\"2025-06-03T08:39:58+00:00\",\"breadcrumb\":{\"@id\":\"https:\/\/termoshop.hr\/?product=airy-gwh12avcxd-k6dna1a-igwh12avcxd-k6dna1a-o-35-kw-bijela#breadcrumb\"},\"inLanguage\":\"hr\",\"potentialAction\":[{\"@type\":\"ReadAction\",\"target\":[\"https:\/\/termoshop.hr\/?product=airy-gwh12avcxd-k6dna1a-igwh12avcxd-k6dna1a-o-35-kw-bijela\"]}]},{\"@type\":\"ImageObject\",\"inLanguage\":\"hr\",\"@id\":\"https:\/\/termoshop.hr\/?product=airy-gwh12avcxd-k6dna1a-igwh12avcxd-k6dna1a-o-35-kw-bijela#primaryimage\",\"url\":\"https:\/\/termoshop.hr\/wp-content\/uploads\/2025\/02\/Untitled-1-2.png\",\"contentUrl\":\"https:\/\/termoshop.hr\/wp-content\/uploads\/2025\/02\/Untitled-1-2.png\",\"width\":344,\"height\":291},{\"@type\":\"BreadcrumbList\",\"@id\":\"https:\/\/termoshop.hr\/?product=airy-gwh12avcxd-k6dna1a-igwh12avcxd-k6dna1a-o-35-kw-bijela#breadcrumb\",\"itemListElement\":[{\"@type\":\"ListItem\",\"position\":1,\"name\":\"Po\u010detna stranica\",\"item\":\"https:\/\/termoshop.hr\/\"},{\"@type\":\"ListItem\",\"position\":2,\"name\":\"Web trgovina\",\"item\":\"https:\/\/termoshop.hr\/?page_id=7\"},{\"@type\":\"ListItem\",\"position\":3,\"name\":\"Airy GWH12AVCXD-K6DNA1A\/I+GWH12AVCXD-K6DNA1A\/O 3,5 kw (bijela)\"}]},{\"@type\":\"WebSite\",\"@id\":\"https:\/\/termoshop.hr\/#website\",\"url\":\"https:\/\/termoshop.hr\/\",\"name\":\"Termoshop.hr\",\"description\":\"Web trgovina\",\"publisher\":{\"@id\":\"https:\/\/termoshop.hr\/#organization\"},\"alternateName\":\"Termoshop\",\"potentialAction\":[{\"@type\":\"SearchAction\",\"target\":{\"@type\":\"EntryPoint\",\"urlTemplate\":\"https:\/\/termoshop.hr\/?s={search_term_string}\"},\"query-input\":{\"@type\":\"PropertyValueSpecification\",\"valueRequired\":true,\"valueName\":\"search_term_string\"}}],\"inLanguage\":\"hr\"},{\"@type\":\"Organization\",\"@id\":\"https:\/\/termoshop.hr\/#organization\",\"name\":\"Termoshop\",\"url\":\"https:\/\/termoshop.hr\/\",\"logo\":{\"@type\":\"ImageObject\",\"inLanguage\":\"hr\",\"@id\":\"https:\/\/termoshop.hr\/#\/schema\/logo\/image\/\",\"url\":\"https:\/\/termoshop.hr\/wp-content\/uploads\/2023\/10\/termo-shop-logo-1605741401.png\",\"contentUrl\":\"https:\/\/termoshop.hr\/wp-content\/uploads\/2023\/10\/termo-shop-logo-1605741401.png\",\"width\":551,\"height\":96,\"caption\":\"Termoshop\"},\"image\":{\"@id\":\"https:\/\/termoshop.hr\/#\/schema\/logo\/image\/\"},\"sameAs\":[\"https:\/\/www.facebook.com\/promil.doo\/\"]}]}<\/script>\n<!-- \/ Yoast SEO plugin. -->","yoast_head_json":{"title":"Airy GWH12AVCXD-K6DNA1A\/I+GWH12AVCXD-K6DNA1A\/O 3,5 kw (bijela) - Termoshop","robots":{"index":"index","follow":"follow","max-snippet":"max-snippet:-1","max-image-preview":"max-image-preview:large","max-video-preview":"max-video-preview:-1"},"canonical":"https:\/\/termoshop.hr\/?product=airy-gwh12avcxd-k6dna1a-igwh12avcxd-k6dna1a-o-35-kw-bijela","og_locale":"hr_HR","og_type":"article","og_title":"Airy GWH12AVCXD-K6DNA1A\/I+GWH12AVCXD-K6DNA1A\/O 3,5 kw (bijela) - Termoshop","og_description":"\u2022 Wi-Fi su\u010delje \u2022 Led display \u2022 7 brzina ventilatora \u2022 I-Feel funkcija \u2022 Samodijagnoza \u2022 Vertikalno i horizontalno zakretanje krilaca \u2022 Cold Plasma filter za ioniziranje zraka \u2022 Grija\u010d vanjske jedinice \u2022 Inteligentno predzagrijavanje i odmrzavanje \u2022 No\u0107ni na\u010din rada (3 no\u0107ne krivulje) \u2022 UV-C UV svjetlo za sterilizaciju","og_url":"https:\/\/termoshop.hr\/?product=airy-gwh12avcxd-k6dna1a-igwh12avcxd-k6dna1a-o-35-kw-bijela","og_site_name":"Termoshop","article_publisher":"https:\/\/www.facebook.com\/promil.doo\/","article_modified_time":"2025-06-03T08:39:58+00:00","og_image":[{"width":344,"height":291,"url":"https:\/\/termoshop.hr\/wp-content\/uploads\/2025\/02\/Untitled-1-2.png","type":"image\/png"}],"twitter_card":"summary_large_image","twitter_misc":{"Procijenjeno vrijeme \u010ditanja":"1 minuta"},"schema":{"@context":"https:\/\/schema.org","@graph":[{"@type":"WebPage","@id":"https:\/\/termoshop.hr\/?product=airy-gwh12avcxd-k6dna1a-igwh12avcxd-k6dna1a-o-35-kw-bijela","url":"https:\/\/termoshop.hr\/?product=airy-gwh12avcxd-k6dna1a-igwh12avcxd-k6dna1a-o-35-kw-bijela","name":"Airy GWH12AVCXD-K6DNA1A\/I+GWH12AVCXD-K6DNA1A\/O 3,5 kw (bijela) - Termoshop","isPartOf":{"@id":"https:\/\/termoshop.hr\/#website"},"primaryImageOfPage":{"@id":"https:\/\/termoshop.hr\/?product=airy-gwh12avcxd-k6dna1a-igwh12avcxd-k6dna1a-o-35-kw-bijela#primaryimage"},"image":{"@id":"https:\/\/termoshop.hr\/?product=airy-gwh12avcxd-k6dna1a-igwh12avcxd-k6dna1a-o-35-kw-bijela#primaryimage"},"thumbnailUrl":"https:\/\/termoshop.hr\/wp-content\/uploads\/2025\/02\/Untitled-1-2.png","datePublished":"2025-02-10T09:24:34+00:00","dateModified":"2025-06-03T08:39:58+00:00","breadcrumb":{"@id":"https:\/\/termoshop.hr\/?product=airy-gwh12avcxd-k6dna1a-igwh12avcxd-k6dna1a-o-35-kw-bijela#breadcrumb"},"inLanguage":"hr","potentialAction":[{"@type":"ReadAction","target":["https:\/\/termoshop.hr\/?product=airy-gwh12avcxd-k6dna1a-igwh12avcxd-k6dna1a-o-35-kw-bijela"]}]},{"@type":"ImageObject","inLanguage":"hr","@id":"https:\/\/termoshop.hr\/?product=airy-gwh12avcxd-k6dna1a-igwh12avcxd-k6dna1a-o-35-kw-bijela#primaryimage","url":"https:\/\/termoshop.hr\/wp-content\/uploads\/2025\/02\/Untitled-1-2.png","contentUrl":"https:\/\/termoshop.hr\/wp-content\/uploads\/2025\/02\/Untitled-1-2.png","width":344,"height":291},{"@type":"BreadcrumbList","@id":"https:\/\/termoshop.hr\/?product=airy-gwh12avcxd-k6dna1a-igwh12avcxd-k6dna1a-o-35-kw-bijela#breadcrumb","itemListElement":[{"@type":"ListItem","position":1,"name":"Po\u010detna stranica","item":"https:\/\/termoshop.hr\/"},{"@type":"ListItem","position":2,"name":"Web trgovina","item":"https:\/\/termoshop.hr\/?page_id=7"},{"@type":"ListItem","position":3,"name":"Airy GWH12AVCXD-K6DNA1A\/I+GWH12AVCXD-K6DNA1A\/O 3,5 kw (bijela)"}]},{"@type":"WebSite","@id":"https:\/\/termoshop.hr\/#website","url":"https:\/\/termoshop.hr\/","name":"Termoshop.hr","description":"Web trgovina","publisher":{"@id":"https:\/\/termoshop.hr\/#organization"},"alternateName":"Termoshop","potentialAction":[{"@type":"SearchAction","target":{"@type":"EntryPoint","urlTemplate":"https:\/\/termoshop.hr\/?s={search_term_string}"},"query-input":{"@type":"PropertyValueSpecification","valueRequired":true,"valueName":"search_term_string"}}],"inLanguage":"hr"},{"@type":"Organization","@id":"https:\/\/termoshop.hr\/#organization","name":"Termoshop","url":"https:\/\/termoshop.hr\/","logo":{"@type":"ImageObject","inLanguage":"hr","@id":"https:\/\/termoshop.hr\/#\/schema\/logo\/image\/","url":"https:\/\/termoshop.hr\/wp-content\/uploads\/2023\/10\/termo-shop-logo-1605741401.png","contentUrl":"https:\/\/termoshop.hr\/wp-content\/uploads\/2023\/10\/termo-shop-logo-1605741401.png","width":551,"height":96,"caption":"Termoshop"},"image":{"@id":"https:\/\/termoshop.hr\/#\/schema\/logo\/image\/"},"sameAs":["https:\/\/www.facebook.com\/promil.doo\/"]}]}},"_links":{"self":[{"href":"https:\/\/termoshop.hr\/index.php?rest_route=\/wp\/v2\/product\/1420","targetHints":{"allow":["GET"]}}],"collection":[{"href":"https:\/\/termoshop.hr\/index.php?rest_route=\/wp\/v2\/product"}],"about":[{"href":"https:\/\/termoshop.hr\/index.php?rest_route=\/wp\/v2\/types\/product"}],"replies":[{"embeddable":true,"href":"https:\/\/termoshop.hr\/index.php?rest_route=%2Fwp%2Fv2%2Fcomments&post=1420"}],"wp:featuredmedia":[{"embeddable":true,"href":"https:\/\/termoshop.hr\/index.php?rest_route=\/wp\/v2\/media\/1688"}],"wp:attachment":[{"href":"https:\/\/termoshop.hr\/index.php?rest_route=%2Fwp%2Fv2%2Fmedia&parent=1420"}],"wp:term":[{"taxonomy":"product_brand","embeddable":true,"href":"https:\/\/termoshop.hr\/index.php?rest_route=%2Fwp%2Fv2%2Fproduct_brand&post=1420"},{"taxonomy":"product_cat","embeddable":true,"href":"https:\/\/termoshop.hr\/index.php?rest_route=%2Fwp%2Fv2%2Fproduct_cat&post=1420"},{"taxonomy":"product_tag","embeddable":true,"href":"https:\/\/termoshop.hr\/index.php?rest_route=%2Fwp%2Fv2%2Fproduct_tag&post=1420"}],"curies":[{"name":"wp","href":"https:\/\/api.w.org\/{rel}","templated":true}]}}