{"id":140,"date":"2026-02-25T11:12:48","date_gmt":"2026-02-25T10:12:48","guid":{"rendered":"https:\/\/termoshop.hr\/wp\/product\/vitoclima-200-s-3\/"},"modified":"2026-02-25T14:05:06","modified_gmt":"2026-02-25T13:05:06","slug":"vitoclima-200-s-3","status":"publish","type":"product","link":"https:\/\/termoshop.hr\/?product=vitoclima-200-s-3","title":{"rendered":"Vitocal 060-A tip T0S-R290  pogon na okolni zrak 251 lit"},"content":{"rendered":"<p>Dizalica topline za PTV za pogon s okolnim ili vanjskim zrakom s\u00a0izmjenjiva\u010dem topline za priklju\u010dak jednog vanjskog proizvo\u0111a\u010da topline ili solarnih kolektora.<\/p>\n<p>Za postavljanje u prostoriji (minimalni volumen prostora 20 m3).<\/p>\n<p>Pogon na vanjski ili okolni zrak.<\/p>\n<p>Volumen: 251 litara<\/p>\n<p><strong>Zna\u010dajke:<\/strong><\/p>\n<ul>\n<li>Visoke u\u010dinske vrijednosti u oba pogona.<\/li>\n<\/ul>\n<ul>\n<li>Jednostavno pu\u0161tanje u pogon preko o\u017ei\u010denja spremnog za priklju\u010denje i preko unaprijed pode\u0161ene regulacije.<\/li>\n<\/ul>\n<ul>\n<li>Predmontirana regulacijska jedinica za intuitivno i jednostavno upravljanje.<\/li>\n<\/ul>\n<ul>\n<li>Zagrijavanje pitke vode na 62 \u00b0C putem modula dizalice topline pri temperaturi zraka preko 5\u00b0C.<\/li>\n<li>Funkcija brzog zagrijavanja s elektri\u010dnim grija\u010dem (u opsegu isporuke tipa T0E)<\/li>\n<\/ul>\n<p><strong>Dimenzije:<\/strong><\/p>\n<p>&#8211; duljina: 734 mm<\/p>\n<p>&#8211; \u0161irina: 631 mm<\/p>\n<p>&#8211; visina: 1755 mm<\/p>\n<p>&#8211; te\u017eina: 110 kg<\/p>\n<p>Vi\u0161e informacija mo\u017eete na\u0107i u tehni\u010dkoj dokumentaciji na: www.viessmann.hr<\/p>\n","protected":false},"excerpt":{"rendered":"<p>Dizalica topline za PTV za pogon s okolnim ili vanjskim zrakom s izmjenjiva\u010dem topline za priklju\u010dak jednog vanjskog proizvo\u0111a\u010da topline ili solarnih kolektora.<\/p>\n<p>Sve cijene ure\u0111aja navedene su za ure\u0111aj bez monta\u017ee i pu\u0161tanja u rad. Kontaktirajte nas na info@termoshop.hr za upite o mogu\u0107nostima, cijenama i terminima monta\u017ee.<\/p>\n","protected":false},"featured_media":136,"comment_status":"open","ping_status":"closed","template":"","meta":[],"product_brand":[],"product_cat":[58],"product_tag":[],"class_list":{"0":"post-140","1":"product","2":"type-product","3":"status-publish","4":"has-post-thumbnail","6":"product_cat-b1dizalice-topline-za-toplu-vodu","8":"first","9":"instock","10":"sale","11":"taxable","12":"shipping-taxable","13":"purchasable","14":"product-type-simple"},"yoast_head":"<!-- This site is optimized with the Yoast SEO plugin v26.9 - https:\/\/yoast.com\/product\/yoast-seo-wordpress\/ -->\n<title>Vitocal 060-A tip T0S-R290 pogon na okolni zrak 251 lit - Termoshop<\/title>\n<meta name=\"robots\" content=\"index, follow, max-snippet:-1, max-image-preview:large, max-video-preview:-1\" \/>\n<link rel=\"canonical\" href=\"https:\/\/termoshop.hr\/?product=vitoclima-200-s-3\" \/>\n<meta property=\"og:locale\" content=\"hr_HR\" \/>\n<meta property=\"og:type\" content=\"article\" \/>\n<meta property=\"og:title\" content=\"Vitocal 060-A tip T0S-R290 pogon na okolni zrak 251 lit - Termoshop\" \/>\n<meta property=\"og:description\" content=\"Dizalica topline za PTV za pogon s okolnim ili vanjskim zrakom s izmjenjiva\u010dem topline za priklju\u010dak jednog vanjskog proizvo\u0111a\u010da topline ili solarnih kolektora.  Sve cijene ure\u0111aja navedene su za ure\u0111aj bez monta\u017ee i pu\u0161tanja u rad. Kontaktirajte nas na info@termoshop.hr za upite o mogu\u0107nostima, cijenama i terminima monta\u017ee.\" \/>\n<meta property=\"og:url\" content=\"https:\/\/termoshop.hr\/?product=vitoclima-200-s-3\" \/>\n<meta property=\"og:site_name\" content=\"Termoshop\" \/>\n<meta property=\"article:publisher\" content=\"https:\/\/www.facebook.com\/promil.doo\/\" \/>\n<meta property=\"article:modified_time\" content=\"2026-02-25T13:05:06+00:00\" \/>\n<meta property=\"og:image\" content=\"https:\/\/termoshop.hr\/wp-content\/uploads\/2021\/01\/150-Vitocal-060-A-tip-T0S.jpg\" \/>\n\t<meta property=\"og:image:width\" content=\"594\" \/>\n\t<meta property=\"og:image:height\" content=\"1134\" \/>\n\t<meta property=\"og:image:type\" content=\"image\/jpeg\" \/>\n<meta name=\"twitter:card\" content=\"summary_large_image\" \/>\n<meta name=\"twitter:label1\" content=\"Procijenjeno vrijeme \u010ditanja\" \/>\n\t<meta name=\"twitter:data1\" content=\"1 minuta\" \/>\n<script type=\"application\/ld+json\" class=\"yoast-schema-graph\">{\"@context\":\"https:\/\/schema.org\",\"@graph\":[{\"@type\":\"WebPage\",\"@id\":\"https:\/\/termoshop.hr\/?product=vitoclima-200-s-3\",\"url\":\"https:\/\/termoshop.hr\/?product=vitoclima-200-s-3\",\"name\":\"Vitocal 060-A tip T0S-R290 pogon na okolni zrak 251 lit - Termoshop\",\"isPartOf\":{\"@id\":\"https:\/\/termoshop.hr\/#website\"},\"primaryImageOfPage\":{\"@id\":\"https:\/\/termoshop.hr\/?product=vitoclima-200-s-3#primaryimage\"},\"image\":{\"@id\":\"https:\/\/termoshop.hr\/?product=vitoclima-200-s-3#primaryimage\"},\"thumbnailUrl\":\"https:\/\/termoshop.hr\/wp-content\/uploads\/2021\/01\/150-Vitocal-060-A-tip-T0S.jpg\",\"datePublished\":\"2026-02-25T10:12:48+00:00\",\"dateModified\":\"2026-02-25T13:05:06+00:00\",\"breadcrumb\":{\"@id\":\"https:\/\/termoshop.hr\/?product=vitoclima-200-s-3#breadcrumb\"},\"inLanguage\":\"hr\",\"potentialAction\":[{\"@type\":\"ReadAction\",\"target\":[\"https:\/\/termoshop.hr\/?product=vitoclima-200-s-3\"]}]},{\"@type\":\"ImageObject\",\"inLanguage\":\"hr\",\"@id\":\"https:\/\/termoshop.hr\/?product=vitoclima-200-s-3#primaryimage\",\"url\":\"https:\/\/termoshop.hr\/wp-content\/uploads\/2021\/01\/150-Vitocal-060-A-tip-T0S.jpg\",\"contentUrl\":\"https:\/\/termoshop.hr\/wp-content\/uploads\/2021\/01\/150-Vitocal-060-A-tip-T0S.jpg\",\"width\":594,\"height\":1134,\"caption\":\"Vitocal 060-A tip T0S\"},{\"@type\":\"BreadcrumbList\",\"@id\":\"https:\/\/termoshop.hr\/?product=vitoclima-200-s-3#breadcrumb\",\"itemListElement\":[{\"@type\":\"ListItem\",\"position\":1,\"name\":\"Po\u010detna stranica\",\"item\":\"https:\/\/termoshop.hr\/\"},{\"@type\":\"ListItem\",\"position\":2,\"name\":\"Web trgovina\",\"item\":\"https:\/\/termoshop.hr\/?page_id=7\"},{\"@type\":\"ListItem\",\"position\":3,\"name\":\"Vitocal 060-A tip T0S-R290 pogon na okolni zrak 251 lit\"}]},{\"@type\":\"WebSite\",\"@id\":\"https:\/\/termoshop.hr\/#website\",\"url\":\"https:\/\/termoshop.hr\/\",\"name\":\"Termoshop.hr\",\"description\":\"Web trgovina\",\"publisher\":{\"@id\":\"https:\/\/termoshop.hr\/#organization\"},\"alternateName\":\"Termoshop\",\"potentialAction\":[{\"@type\":\"SearchAction\",\"target\":{\"@type\":\"EntryPoint\",\"urlTemplate\":\"https:\/\/termoshop.hr\/?s={search_term_string}\"},\"query-input\":{\"@type\":\"PropertyValueSpecification\",\"valueRequired\":true,\"valueName\":\"search_term_string\"}}],\"inLanguage\":\"hr\"},{\"@type\":\"Organization\",\"@id\":\"https:\/\/termoshop.hr\/#organization\",\"name\":\"Termoshop\",\"url\":\"https:\/\/termoshop.hr\/\",\"logo\":{\"@type\":\"ImageObject\",\"inLanguage\":\"hr\",\"@id\":\"https:\/\/termoshop.hr\/#\/schema\/logo\/image\/\",\"url\":\"https:\/\/termoshop.hr\/wp-content\/uploads\/2023\/10\/termo-shop-logo-1605741401.png\",\"contentUrl\":\"https:\/\/termoshop.hr\/wp-content\/uploads\/2023\/10\/termo-shop-logo-1605741401.png\",\"width\":551,\"height\":96,\"caption\":\"Termoshop\"},\"image\":{\"@id\":\"https:\/\/termoshop.hr\/#\/schema\/logo\/image\/\"},\"sameAs\":[\"https:\/\/www.facebook.com\/promil.doo\/\"]}]}<\/script>\n<!-- \/ Yoast SEO plugin. -->","yoast_head_json":{"title":"Vitocal 060-A tip T0S-R290 pogon na okolni zrak 251 lit - Termoshop","robots":{"index":"index","follow":"follow","max-snippet":"max-snippet:-1","max-image-preview":"max-image-preview:large","max-video-preview":"max-video-preview:-1"},"canonical":"https:\/\/termoshop.hr\/?product=vitoclima-200-s-3","og_locale":"hr_HR","og_type":"article","og_title":"Vitocal 060-A tip T0S-R290 pogon na okolni zrak 251 lit - Termoshop","og_description":"Dizalica topline za PTV za pogon s okolnim ili vanjskim zrakom s izmjenjiva\u010dem topline za priklju\u010dak jednog vanjskog proizvo\u0111a\u010da topline ili solarnih kolektora.  Sve cijene ure\u0111aja navedene su za ure\u0111aj bez monta\u017ee i pu\u0161tanja u rad. Kontaktirajte nas na info@termoshop.hr za upite o mogu\u0107nostima, cijenama i terminima monta\u017ee.","og_url":"https:\/\/termoshop.hr\/?product=vitoclima-200-s-3","og_site_name":"Termoshop","article_publisher":"https:\/\/www.facebook.com\/promil.doo\/","article_modified_time":"2026-02-25T13:05:06+00:00","og_image":[{"width":594,"height":1134,"url":"https:\/\/termoshop.hr\/wp-content\/uploads\/2021\/01\/150-Vitocal-060-A-tip-T0S.jpg","type":"image\/jpeg"}],"twitter_card":"summary_large_image","twitter_misc":{"Procijenjeno vrijeme \u010ditanja":"1 minuta"},"schema":{"@context":"https:\/\/schema.org","@graph":[{"@type":"WebPage","@id":"https:\/\/termoshop.hr\/?product=vitoclima-200-s-3","url":"https:\/\/termoshop.hr\/?product=vitoclima-200-s-3","name":"Vitocal 060-A tip T0S-R290 pogon na okolni zrak 251 lit - Termoshop","isPartOf":{"@id":"https:\/\/termoshop.hr\/#website"},"primaryImageOfPage":{"@id":"https:\/\/termoshop.hr\/?product=vitoclima-200-s-3#primaryimage"},"image":{"@id":"https:\/\/termoshop.hr\/?product=vitoclima-200-s-3#primaryimage"},"thumbnailUrl":"https:\/\/termoshop.hr\/wp-content\/uploads\/2021\/01\/150-Vitocal-060-A-tip-T0S.jpg","datePublished":"2026-02-25T10:12:48+00:00","dateModified":"2026-02-25T13:05:06+00:00","breadcrumb":{"@id":"https:\/\/termoshop.hr\/?product=vitoclima-200-s-3#breadcrumb"},"inLanguage":"hr","potentialAction":[{"@type":"ReadAction","target":["https:\/\/termoshop.hr\/?product=vitoclima-200-s-3"]}]},{"@type":"ImageObject","inLanguage":"hr","@id":"https:\/\/termoshop.hr\/?product=vitoclima-200-s-3#primaryimage","url":"https:\/\/termoshop.hr\/wp-content\/uploads\/2021\/01\/150-Vitocal-060-A-tip-T0S.jpg","contentUrl":"https:\/\/termoshop.hr\/wp-content\/uploads\/2021\/01\/150-Vitocal-060-A-tip-T0S.jpg","width":594,"height":1134,"caption":"Vitocal 060-A tip T0S"},{"@type":"BreadcrumbList","@id":"https:\/\/termoshop.hr\/?product=vitoclima-200-s-3#breadcrumb","itemListElement":[{"@type":"ListItem","position":1,"name":"Po\u010detna stranica","item":"https:\/\/termoshop.hr\/"},{"@type":"ListItem","position":2,"name":"Web trgovina","item":"https:\/\/termoshop.hr\/?page_id=7"},{"@type":"ListItem","position":3,"name":"Vitocal 060-A tip T0S-R290 pogon na okolni zrak 251 lit"}]},{"@type":"WebSite","@id":"https:\/\/termoshop.hr\/#website","url":"https:\/\/termoshop.hr\/","name":"Termoshop.hr","description":"Web trgovina","publisher":{"@id":"https:\/\/termoshop.hr\/#organization"},"alternateName":"Termoshop","potentialAction":[{"@type":"SearchAction","target":{"@type":"EntryPoint","urlTemplate":"https:\/\/termoshop.hr\/?s={search_term_string}"},"query-input":{"@type":"PropertyValueSpecification","valueRequired":true,"valueName":"search_term_string"}}],"inLanguage":"hr"},{"@type":"Organization","@id":"https:\/\/termoshop.hr\/#organization","name":"Termoshop","url":"https:\/\/termoshop.hr\/","logo":{"@type":"ImageObject","inLanguage":"hr","@id":"https:\/\/termoshop.hr\/#\/schema\/logo\/image\/","url":"https:\/\/termoshop.hr\/wp-content\/uploads\/2023\/10\/termo-shop-logo-1605741401.png","contentUrl":"https:\/\/termoshop.hr\/wp-content\/uploads\/2023\/10\/termo-shop-logo-1605741401.png","width":551,"height":96,"caption":"Termoshop"},"image":{"@id":"https:\/\/termoshop.hr\/#\/schema\/logo\/image\/"},"sameAs":["https:\/\/www.facebook.com\/promil.doo\/"]}]}},"_links":{"self":[{"href":"https:\/\/termoshop.hr\/index.php?rest_route=\/wp\/v2\/product\/140","targetHints":{"allow":["GET"]}}],"collection":[{"href":"https:\/\/termoshop.hr\/index.php?rest_route=\/wp\/v2\/product"}],"about":[{"href":"https:\/\/termoshop.hr\/index.php?rest_route=\/wp\/v2\/types\/product"}],"replies":[{"embeddable":true,"href":"https:\/\/termoshop.hr\/index.php?rest_route=%2Fwp%2Fv2%2Fcomments&post=140"}],"wp:featuredmedia":[{"embeddable":true,"href":"https:\/\/termoshop.hr\/index.php?rest_route=\/wp\/v2\/media\/136"}],"wp:attachment":[{"href":"https:\/\/termoshop.hr\/index.php?rest_route=%2Fwp%2Fv2%2Fmedia&parent=140"}],"wp:term":[{"taxonomy":"product_brand","embeddable":true,"href":"https:\/\/termoshop.hr\/index.php?rest_route=%2Fwp%2Fv2%2Fproduct_brand&post=140"},{"taxonomy":"product_cat","embeddable":true,"href":"https:\/\/termoshop.hr\/index.php?rest_route=%2Fwp%2Fv2%2Fproduct_cat&post=140"},{"taxonomy":"product_tag","embeddable":true,"href":"https:\/\/termoshop.hr\/index.php?rest_route=%2Fwp%2Fv2%2Fproduct_tag&post=140"}],"curies":[{"name":"wp","href":"https:\/\/api.w.org\/{rel}","templated":true}]}}