{"id":1317,"date":"2024-04-02T11:33:02","date_gmt":"2024-04-02T09:33:02","guid":{"rendered":"https:\/\/termoshop.hr\/?post_type=product&#038;p=1317"},"modified":"2025-06-04T15:46:05","modified_gmt":"2025-06-04T13:46:05","slug":"gree-shiny-gpc09ak-k5nna3a-26-kw","status":"publish","type":"product","link":"https:\/\/termoshop.hr\/?product=gree-shiny-gpc09ak-k5nna3a-26-kw","title":{"rendered":"Gree Shiny GPC09AK-K5NNA3A 2,6 kw"},"content":{"rendered":"<p>Odr\u017eite Va\u0161 dom ugodnim tijekom cijele godine s ovim<br \/>\njedinstvenim klima ure\u0111ajima. Odlikuje ih visoka<br \/>\nu\u010dinkovitost i tihi rad.<\/p>\n","protected":false},"excerpt":{"rendered":"<p>-Uklju\u010den be\u017ei\u010dni daljinski upravlja\u010d<br \/>\n-Mogu\u0107nost kontrole na samom ure\u0111aju<br \/>\n-Funkcija odvla\u017eivanja<\/p>\n","protected":false},"featured_media":1711,"comment_status":"closed","ping_status":"closed","template":"","meta":[],"product_brand":[],"product_cat":[108,123,122,24],"product_tag":[],"class_list":{"0":"post-1317","1":"product","2":"type-product","3":"status-publish","4":"has-post-thumbnail","6":"product_cat-gree-klima-uredaji","7":"product_cat-mona","8":"product_cat-prijenosni-klima-uredaji","9":"product_cat-a4-2klima-uredaji","11":"first","12":"instock","13":"sale","14":"taxable","15":"shipping-taxable","16":"purchasable","17":"product-type-simple"},"yoast_head":"<!-- This site is optimized with the Yoast SEO plugin v26.9 - https:\/\/yoast.com\/product\/yoast-seo-wordpress\/ -->\n<title>Gree Shiny GPC09AK-K5NNA3A 2,6 kw - Termoshop<\/title>\n<meta name=\"robots\" content=\"index, follow, max-snippet:-1, max-image-preview:large, max-video-preview:-1\" \/>\n<link rel=\"canonical\" href=\"https:\/\/termoshop.hr\/?product=gree-shiny-gpc09ak-k5nna3a-26-kw\" \/>\n<meta property=\"og:locale\" content=\"hr_HR\" \/>\n<meta property=\"og:type\" content=\"article\" \/>\n<meta property=\"og:title\" content=\"Gree Shiny GPC09AK-K5NNA3A 2,6 kw - Termoshop\" \/>\n<meta property=\"og:description\" content=\"-Uklju\u010den be\u017ei\u010dni daljinski upravlja\u010d -Mogu\u0107nost kontrole na samom ure\u0111aju -Funkcija odvla\u017eivanja\" \/>\n<meta property=\"og:url\" content=\"https:\/\/termoshop.hr\/?product=gree-shiny-gpc09ak-k5nna3a-26-kw\" \/>\n<meta property=\"og:site_name\" content=\"Termoshop\" \/>\n<meta property=\"article:publisher\" content=\"https:\/\/www.facebook.com\/promil.doo\/\" \/>\n<meta property=\"article:modified_time\" content=\"2025-06-04T13:46:05+00:00\" \/>\n<meta property=\"og:image\" content=\"https:\/\/termoshop.hr\/wp-content\/uploads\/2024\/04\/zadn.png\" \/>\n\t<meta property=\"og:image:width\" content=\"342\" \/>\n\t<meta property=\"og:image:height\" content=\"327\" \/>\n\t<meta property=\"og:image:type\" content=\"image\/png\" \/>\n<meta name=\"twitter:card\" content=\"summary_large_image\" \/>\n<meta name=\"twitter:label1\" content=\"Procijenjeno vrijeme \u010ditanja\" \/>\n\t<meta name=\"twitter:data1\" content=\"1 minuta\" \/>\n<script type=\"application\/ld+json\" class=\"yoast-schema-graph\">{\"@context\":\"https:\/\/schema.org\",\"@graph\":[{\"@type\":\"WebPage\",\"@id\":\"https:\/\/termoshop.hr\/?product=gree-shiny-gpc09ak-k5nna3a-26-kw\",\"url\":\"https:\/\/termoshop.hr\/?product=gree-shiny-gpc09ak-k5nna3a-26-kw\",\"name\":\"Gree Shiny GPC09AK-K5NNA3A 2,6 kw - Termoshop\",\"isPartOf\":{\"@id\":\"https:\/\/termoshop.hr\/#website\"},\"primaryImageOfPage\":{\"@id\":\"https:\/\/termoshop.hr\/?product=gree-shiny-gpc09ak-k5nna3a-26-kw#primaryimage\"},\"image\":{\"@id\":\"https:\/\/termoshop.hr\/?product=gree-shiny-gpc09ak-k5nna3a-26-kw#primaryimage\"},\"thumbnailUrl\":\"https:\/\/termoshop.hr\/wp-content\/uploads\/2024\/04\/zadn.png\",\"datePublished\":\"2024-04-02T09:33:02+00:00\",\"dateModified\":\"2025-06-04T13:46:05+00:00\",\"breadcrumb\":{\"@id\":\"https:\/\/termoshop.hr\/?product=gree-shiny-gpc09ak-k5nna3a-26-kw#breadcrumb\"},\"inLanguage\":\"hr\",\"potentialAction\":[{\"@type\":\"ReadAction\",\"target\":[\"https:\/\/termoshop.hr\/?product=gree-shiny-gpc09ak-k5nna3a-26-kw\"]}]},{\"@type\":\"ImageObject\",\"inLanguage\":\"hr\",\"@id\":\"https:\/\/termoshop.hr\/?product=gree-shiny-gpc09ak-k5nna3a-26-kw#primaryimage\",\"url\":\"https:\/\/termoshop.hr\/wp-content\/uploads\/2024\/04\/zadn.png\",\"contentUrl\":\"https:\/\/termoshop.hr\/wp-content\/uploads\/2024\/04\/zadn.png\",\"width\":342,\"height\":327},{\"@type\":\"BreadcrumbList\",\"@id\":\"https:\/\/termoshop.hr\/?product=gree-shiny-gpc09ak-k5nna3a-26-kw#breadcrumb\",\"itemListElement\":[{\"@type\":\"ListItem\",\"position\":1,\"name\":\"Po\u010detna stranica\",\"item\":\"https:\/\/termoshop.hr\/\"},{\"@type\":\"ListItem\",\"position\":2,\"name\":\"Web trgovina\",\"item\":\"https:\/\/termoshop.hr\/?page_id=7\"},{\"@type\":\"ListItem\",\"position\":3,\"name\":\"Gree Shiny GPC09AK-K5NNA3A 2,6 kw\"}]},{\"@type\":\"WebSite\",\"@id\":\"https:\/\/termoshop.hr\/#website\",\"url\":\"https:\/\/termoshop.hr\/\",\"name\":\"Termoshop.hr\",\"description\":\"Web trgovina\",\"publisher\":{\"@id\":\"https:\/\/termoshop.hr\/#organization\"},\"alternateName\":\"Termoshop\",\"potentialAction\":[{\"@type\":\"SearchAction\",\"target\":{\"@type\":\"EntryPoint\",\"urlTemplate\":\"https:\/\/termoshop.hr\/?s={search_term_string}\"},\"query-input\":{\"@type\":\"PropertyValueSpecification\",\"valueRequired\":true,\"valueName\":\"search_term_string\"}}],\"inLanguage\":\"hr\"},{\"@type\":\"Organization\",\"@id\":\"https:\/\/termoshop.hr\/#organization\",\"name\":\"Termoshop\",\"url\":\"https:\/\/termoshop.hr\/\",\"logo\":{\"@type\":\"ImageObject\",\"inLanguage\":\"hr\",\"@id\":\"https:\/\/termoshop.hr\/#\/schema\/logo\/image\/\",\"url\":\"https:\/\/termoshop.hr\/wp-content\/uploads\/2023\/10\/termo-shop-logo-1605741401.png\",\"contentUrl\":\"https:\/\/termoshop.hr\/wp-content\/uploads\/2023\/10\/termo-shop-logo-1605741401.png\",\"width\":551,\"height\":96,\"caption\":\"Termoshop\"},\"image\":{\"@id\":\"https:\/\/termoshop.hr\/#\/schema\/logo\/image\/\"},\"sameAs\":[\"https:\/\/www.facebook.com\/promil.doo\/\"]}]}<\/script>\n<!-- \/ Yoast SEO plugin. -->","yoast_head_json":{"title":"Gree Shiny GPC09AK-K5NNA3A 2,6 kw - Termoshop","robots":{"index":"index","follow":"follow","max-snippet":"max-snippet:-1","max-image-preview":"max-image-preview:large","max-video-preview":"max-video-preview:-1"},"canonical":"https:\/\/termoshop.hr\/?product=gree-shiny-gpc09ak-k5nna3a-26-kw","og_locale":"hr_HR","og_type":"article","og_title":"Gree Shiny GPC09AK-K5NNA3A 2,6 kw - Termoshop","og_description":"-Uklju\u010den be\u017ei\u010dni daljinski upravlja\u010d -Mogu\u0107nost kontrole na samom ure\u0111aju -Funkcija odvla\u017eivanja","og_url":"https:\/\/termoshop.hr\/?product=gree-shiny-gpc09ak-k5nna3a-26-kw","og_site_name":"Termoshop","article_publisher":"https:\/\/www.facebook.com\/promil.doo\/","article_modified_time":"2025-06-04T13:46:05+00:00","og_image":[{"width":342,"height":327,"url":"https:\/\/termoshop.hr\/wp-content\/uploads\/2024\/04\/zadn.png","type":"image\/png"}],"twitter_card":"summary_large_image","twitter_misc":{"Procijenjeno vrijeme \u010ditanja":"1 minuta"},"schema":{"@context":"https:\/\/schema.org","@graph":[{"@type":"WebPage","@id":"https:\/\/termoshop.hr\/?product=gree-shiny-gpc09ak-k5nna3a-26-kw","url":"https:\/\/termoshop.hr\/?product=gree-shiny-gpc09ak-k5nna3a-26-kw","name":"Gree Shiny GPC09AK-K5NNA3A 2,6 kw - Termoshop","isPartOf":{"@id":"https:\/\/termoshop.hr\/#website"},"primaryImageOfPage":{"@id":"https:\/\/termoshop.hr\/?product=gree-shiny-gpc09ak-k5nna3a-26-kw#primaryimage"},"image":{"@id":"https:\/\/termoshop.hr\/?product=gree-shiny-gpc09ak-k5nna3a-26-kw#primaryimage"},"thumbnailUrl":"https:\/\/termoshop.hr\/wp-content\/uploads\/2024\/04\/zadn.png","datePublished":"2024-04-02T09:33:02+00:00","dateModified":"2025-06-04T13:46:05+00:00","breadcrumb":{"@id":"https:\/\/termoshop.hr\/?product=gree-shiny-gpc09ak-k5nna3a-26-kw#breadcrumb"},"inLanguage":"hr","potentialAction":[{"@type":"ReadAction","target":["https:\/\/termoshop.hr\/?product=gree-shiny-gpc09ak-k5nna3a-26-kw"]}]},{"@type":"ImageObject","inLanguage":"hr","@id":"https:\/\/termoshop.hr\/?product=gree-shiny-gpc09ak-k5nna3a-26-kw#primaryimage","url":"https:\/\/termoshop.hr\/wp-content\/uploads\/2024\/04\/zadn.png","contentUrl":"https:\/\/termoshop.hr\/wp-content\/uploads\/2024\/04\/zadn.png","width":342,"height":327},{"@type":"BreadcrumbList","@id":"https:\/\/termoshop.hr\/?product=gree-shiny-gpc09ak-k5nna3a-26-kw#breadcrumb","itemListElement":[{"@type":"ListItem","position":1,"name":"Po\u010detna stranica","item":"https:\/\/termoshop.hr\/"},{"@type":"ListItem","position":2,"name":"Web trgovina","item":"https:\/\/termoshop.hr\/?page_id=7"},{"@type":"ListItem","position":3,"name":"Gree Shiny GPC09AK-K5NNA3A 2,6 kw"}]},{"@type":"WebSite","@id":"https:\/\/termoshop.hr\/#website","url":"https:\/\/termoshop.hr\/","name":"Termoshop.hr","description":"Web trgovina","publisher":{"@id":"https:\/\/termoshop.hr\/#organization"},"alternateName":"Termoshop","potentialAction":[{"@type":"SearchAction","target":{"@type":"EntryPoint","urlTemplate":"https:\/\/termoshop.hr\/?s={search_term_string}"},"query-input":{"@type":"PropertyValueSpecification","valueRequired":true,"valueName":"search_term_string"}}],"inLanguage":"hr"},{"@type":"Organization","@id":"https:\/\/termoshop.hr\/#organization","name":"Termoshop","url":"https:\/\/termoshop.hr\/","logo":{"@type":"ImageObject","inLanguage":"hr","@id":"https:\/\/termoshop.hr\/#\/schema\/logo\/image\/","url":"https:\/\/termoshop.hr\/wp-content\/uploads\/2023\/10\/termo-shop-logo-1605741401.png","contentUrl":"https:\/\/termoshop.hr\/wp-content\/uploads\/2023\/10\/termo-shop-logo-1605741401.png","width":551,"height":96,"caption":"Termoshop"},"image":{"@id":"https:\/\/termoshop.hr\/#\/schema\/logo\/image\/"},"sameAs":["https:\/\/www.facebook.com\/promil.doo\/"]}]}},"_links":{"self":[{"href":"https:\/\/termoshop.hr\/index.php?rest_route=\/wp\/v2\/product\/1317","targetHints":{"allow":["GET"]}}],"collection":[{"href":"https:\/\/termoshop.hr\/index.php?rest_route=\/wp\/v2\/product"}],"about":[{"href":"https:\/\/termoshop.hr\/index.php?rest_route=\/wp\/v2\/types\/product"}],"replies":[{"embeddable":true,"href":"https:\/\/termoshop.hr\/index.php?rest_route=%2Fwp%2Fv2%2Fcomments&post=1317"}],"wp:featuredmedia":[{"embeddable":true,"href":"https:\/\/termoshop.hr\/index.php?rest_route=\/wp\/v2\/media\/1711"}],"wp:attachment":[{"href":"https:\/\/termoshop.hr\/index.php?rest_route=%2Fwp%2Fv2%2Fmedia&parent=1317"}],"wp:term":[{"taxonomy":"product_brand","embeddable":true,"href":"https:\/\/termoshop.hr\/index.php?rest_route=%2Fwp%2Fv2%2Fproduct_brand&post=1317"},{"taxonomy":"product_cat","embeddable":true,"href":"https:\/\/termoshop.hr\/index.php?rest_route=%2Fwp%2Fv2%2Fproduct_cat&post=1317"},{"taxonomy":"product_tag","embeddable":true,"href":"https:\/\/termoshop.hr\/index.php?rest_route=%2Fwp%2Fv2%2Fproduct_tag&post=1317"}],"curies":[{"name":"wp","href":"https:\/\/api.w.org\/{rel}","templated":true}]}}