{"id":1239,"date":"2024-12-06T11:01:47","date_gmt":"2024-12-06T10:01:47","guid":{"rendered":"https:\/\/termoshop.hr\/?post_type=product&#038;p=1239"},"modified":"2024-12-06T13:35:28","modified_gmt":"2024-12-06T12:35:28","slug":"3","status":"publish","type":"product","link":"https:\/\/termoshop.hr\/?product=3","title":{"rendered":"Mehani\u010dki 3 stupanjski  regulator brzine s termostatom  TS"},"content":{"rendered":"","protected":false},"excerpt":{"rendered":"<p>najjednostavnija mehani\u010dka regulacija<br \/>\n3-brzinskih ventilatora. Radom grija\u010da<br \/>\nzraka s ventilatorom upravlja se u 3 koraka<br \/>\nupravlja\u010da brzine rada s termostatom.<\/p>\n","protected":false},"featured_media":1240,"comment_status":"closed","ping_status":"closed","template":"","meta":[],"product_brand":[],"product_cat":[105],"product_tag":[],"class_list":{"0":"post-1239","1":"product","2":"type-product","3":"status-publish","4":"has-post-thumbnail","6":"product_cat-a5toplovodni-grijaci-zraka","8":"first","9":"instock","10":"taxable","11":"shipping-taxable","12":"purchasable","13":"product-type-simple"},"yoast_head":"<!-- This site is optimized with the Yoast SEO plugin v26.9 - https:\/\/yoast.com\/product\/yoast-seo-wordpress\/ -->\n<title>Mehani\u010dki 3 stupanjski regulator brzine s termostatom TS - Termoshop<\/title>\n<meta name=\"description\" content=\"Mehani\u010dki 3 stupanjski regulator brzine s termostatom. Radom grija\u010da zraka s ventilatorom upravlja se u 3 koraka upravlja\u010da brzine rada s termostatom.\" \/>\n<meta name=\"robots\" content=\"index, follow, max-snippet:-1, max-image-preview:large, max-video-preview:-1\" \/>\n<link rel=\"canonical\" href=\"https:\/\/termoshop.hr\/?product=3\" \/>\n<meta property=\"og:locale\" content=\"hr_HR\" \/>\n<meta property=\"og:type\" content=\"article\" \/>\n<meta property=\"og:title\" content=\"Mehani\u010dki 3 stupanjski regulator brzine s termostatom TS - Termoshop\" \/>\n<meta property=\"og:description\" content=\"Mehani\u010dki 3 stupanjski regulator brzine s termostatom. Radom grija\u010da zraka s ventilatorom upravlja se u 3 koraka upravlja\u010da brzine rada s termostatom.\" \/>\n<meta property=\"og:url\" content=\"https:\/\/termoshop.hr\/?product=3\" \/>\n<meta property=\"og:site_name\" content=\"Termoshop\" \/>\n<meta property=\"article:publisher\" content=\"https:\/\/www.facebook.com\/promil.doo\/\" \/>\n<meta property=\"article:modified_time\" content=\"2024-12-06T12:35:28+00:00\" \/>\n<meta property=\"og:image\" content=\"https:\/\/termoshop.hr\/wp-content\/uploads\/2024\/03\/termostat-.png\" \/>\n\t<meta property=\"og:image:width\" content=\"497\" \/>\n\t<meta property=\"og:image:height\" content=\"496\" \/>\n\t<meta property=\"og:image:type\" content=\"image\/png\" \/>\n<meta name=\"twitter:card\" content=\"summary_large_image\" \/>\n<meta name=\"twitter:label1\" content=\"Procijenjeno vrijeme \u010ditanja\" \/>\n\t<meta name=\"twitter:data1\" content=\"1 minuta\" \/>\n<script type=\"application\/ld+json\" class=\"yoast-schema-graph\">{\"@context\":\"https:\/\/schema.org\",\"@graph\":[{\"@type\":\"WebPage\",\"@id\":\"https:\/\/termoshop.hr\/?product=3\",\"url\":\"https:\/\/termoshop.hr\/?product=3\",\"name\":\"Mehani\u010dki 3 stupanjski regulator brzine s termostatom TS - Termoshop\",\"isPartOf\":{\"@id\":\"https:\/\/termoshop.hr\/#website\"},\"primaryImageOfPage\":{\"@id\":\"https:\/\/termoshop.hr\/?product=3#primaryimage\"},\"image\":{\"@id\":\"https:\/\/termoshop.hr\/?product=3#primaryimage\"},\"thumbnailUrl\":\"https:\/\/termoshop.hr\/wp-content\/uploads\/2024\/03\/termostat-.png\",\"datePublished\":\"2024-12-06T10:01:47+00:00\",\"dateModified\":\"2024-12-06T12:35:28+00:00\",\"description\":\"Mehani\u010dki 3 stupanjski regulator brzine s termostatom. Radom grija\u010da zraka s ventilatorom upravlja se u 3 koraka upravlja\u010da brzine rada s termostatom.\",\"breadcrumb\":{\"@id\":\"https:\/\/termoshop.hr\/?product=3#breadcrumb\"},\"inLanguage\":\"hr\",\"potentialAction\":[{\"@type\":\"ReadAction\",\"target\":[\"https:\/\/termoshop.hr\/?product=3\"]}]},{\"@type\":\"ImageObject\",\"inLanguage\":\"hr\",\"@id\":\"https:\/\/termoshop.hr\/?product=3#primaryimage\",\"url\":\"https:\/\/termoshop.hr\/wp-content\/uploads\/2024\/03\/termostat-.png\",\"contentUrl\":\"https:\/\/termoshop.hr\/wp-content\/uploads\/2024\/03\/termostat-.png\",\"width\":497,\"height\":496},{\"@type\":\"BreadcrumbList\",\"@id\":\"https:\/\/termoshop.hr\/?product=3#breadcrumb\",\"itemListElement\":[{\"@type\":\"ListItem\",\"position\":1,\"name\":\"Po\u010detna stranica\",\"item\":\"https:\/\/termoshop.hr\/\"},{\"@type\":\"ListItem\",\"position\":2,\"name\":\"Web trgovina\",\"item\":\"https:\/\/termoshop.hr\/?page_id=7\"},{\"@type\":\"ListItem\",\"position\":3,\"name\":\"Mehani\u010dki 3 stupanjski regulator brzine s termostatom TS\"}]},{\"@type\":\"WebSite\",\"@id\":\"https:\/\/termoshop.hr\/#website\",\"url\":\"https:\/\/termoshop.hr\/\",\"name\":\"Termoshop.hr\",\"description\":\"Web trgovina\",\"publisher\":{\"@id\":\"https:\/\/termoshop.hr\/#organization\"},\"alternateName\":\"Termoshop\",\"potentialAction\":[{\"@type\":\"SearchAction\",\"target\":{\"@type\":\"EntryPoint\",\"urlTemplate\":\"https:\/\/termoshop.hr\/?s={search_term_string}\"},\"query-input\":{\"@type\":\"PropertyValueSpecification\",\"valueRequired\":true,\"valueName\":\"search_term_string\"}}],\"inLanguage\":\"hr\"},{\"@type\":\"Organization\",\"@id\":\"https:\/\/termoshop.hr\/#organization\",\"name\":\"Termoshop\",\"url\":\"https:\/\/termoshop.hr\/\",\"logo\":{\"@type\":\"ImageObject\",\"inLanguage\":\"hr\",\"@id\":\"https:\/\/termoshop.hr\/#\/schema\/logo\/image\/\",\"url\":\"https:\/\/termoshop.hr\/wp-content\/uploads\/2023\/10\/termo-shop-logo-1605741401.png\",\"contentUrl\":\"https:\/\/termoshop.hr\/wp-content\/uploads\/2023\/10\/termo-shop-logo-1605741401.png\",\"width\":551,\"height\":96,\"caption\":\"Termoshop\"},\"image\":{\"@id\":\"https:\/\/termoshop.hr\/#\/schema\/logo\/image\/\"},\"sameAs\":[\"https:\/\/www.facebook.com\/promil.doo\/\"]}]}<\/script>\n<!-- \/ Yoast SEO plugin. -->","yoast_head_json":{"title":"Mehani\u010dki 3 stupanjski regulator brzine s termostatom TS - Termoshop","description":"Mehani\u010dki 3 stupanjski regulator brzine s termostatom. Radom grija\u010da zraka s ventilatorom upravlja se u 3 koraka upravlja\u010da brzine rada s termostatom.","robots":{"index":"index","follow":"follow","max-snippet":"max-snippet:-1","max-image-preview":"max-image-preview:large","max-video-preview":"max-video-preview:-1"},"canonical":"https:\/\/termoshop.hr\/?product=3","og_locale":"hr_HR","og_type":"article","og_title":"Mehani\u010dki 3 stupanjski regulator brzine s termostatom TS - Termoshop","og_description":"Mehani\u010dki 3 stupanjski regulator brzine s termostatom. Radom grija\u010da zraka s ventilatorom upravlja se u 3 koraka upravlja\u010da brzine rada s termostatom.","og_url":"https:\/\/termoshop.hr\/?product=3","og_site_name":"Termoshop","article_publisher":"https:\/\/www.facebook.com\/promil.doo\/","article_modified_time":"2024-12-06T12:35:28+00:00","og_image":[{"width":497,"height":496,"url":"https:\/\/termoshop.hr\/wp-content\/uploads\/2024\/03\/termostat-.png","type":"image\/png"}],"twitter_card":"summary_large_image","twitter_misc":{"Procijenjeno vrijeme \u010ditanja":"1 minuta"},"schema":{"@context":"https:\/\/schema.org","@graph":[{"@type":"WebPage","@id":"https:\/\/termoshop.hr\/?product=3","url":"https:\/\/termoshop.hr\/?product=3","name":"Mehani\u010dki 3 stupanjski regulator brzine s termostatom TS - Termoshop","isPartOf":{"@id":"https:\/\/termoshop.hr\/#website"},"primaryImageOfPage":{"@id":"https:\/\/termoshop.hr\/?product=3#primaryimage"},"image":{"@id":"https:\/\/termoshop.hr\/?product=3#primaryimage"},"thumbnailUrl":"https:\/\/termoshop.hr\/wp-content\/uploads\/2024\/03\/termostat-.png","datePublished":"2024-12-06T10:01:47+00:00","dateModified":"2024-12-06T12:35:28+00:00","description":"Mehani\u010dki 3 stupanjski regulator brzine s termostatom. Radom grija\u010da zraka s ventilatorom upravlja se u 3 koraka upravlja\u010da brzine rada s termostatom.","breadcrumb":{"@id":"https:\/\/termoshop.hr\/?product=3#breadcrumb"},"inLanguage":"hr","potentialAction":[{"@type":"ReadAction","target":["https:\/\/termoshop.hr\/?product=3"]}]},{"@type":"ImageObject","inLanguage":"hr","@id":"https:\/\/termoshop.hr\/?product=3#primaryimage","url":"https:\/\/termoshop.hr\/wp-content\/uploads\/2024\/03\/termostat-.png","contentUrl":"https:\/\/termoshop.hr\/wp-content\/uploads\/2024\/03\/termostat-.png","width":497,"height":496},{"@type":"BreadcrumbList","@id":"https:\/\/termoshop.hr\/?product=3#breadcrumb","itemListElement":[{"@type":"ListItem","position":1,"name":"Po\u010detna stranica","item":"https:\/\/termoshop.hr\/"},{"@type":"ListItem","position":2,"name":"Web trgovina","item":"https:\/\/termoshop.hr\/?page_id=7"},{"@type":"ListItem","position":3,"name":"Mehani\u010dki 3 stupanjski regulator brzine s termostatom TS"}]},{"@type":"WebSite","@id":"https:\/\/termoshop.hr\/#website","url":"https:\/\/termoshop.hr\/","name":"Termoshop.hr","description":"Web trgovina","publisher":{"@id":"https:\/\/termoshop.hr\/#organization"},"alternateName":"Termoshop","potentialAction":[{"@type":"SearchAction","target":{"@type":"EntryPoint","urlTemplate":"https:\/\/termoshop.hr\/?s={search_term_string}"},"query-input":{"@type":"PropertyValueSpecification","valueRequired":true,"valueName":"search_term_string"}}],"inLanguage":"hr"},{"@type":"Organization","@id":"https:\/\/termoshop.hr\/#organization","name":"Termoshop","url":"https:\/\/termoshop.hr\/","logo":{"@type":"ImageObject","inLanguage":"hr","@id":"https:\/\/termoshop.hr\/#\/schema\/logo\/image\/","url":"https:\/\/termoshop.hr\/wp-content\/uploads\/2023\/10\/termo-shop-logo-1605741401.png","contentUrl":"https:\/\/termoshop.hr\/wp-content\/uploads\/2023\/10\/termo-shop-logo-1605741401.png","width":551,"height":96,"caption":"Termoshop"},"image":{"@id":"https:\/\/termoshop.hr\/#\/schema\/logo\/image\/"},"sameAs":["https:\/\/www.facebook.com\/promil.doo\/"]}]}},"_links":{"self":[{"href":"https:\/\/termoshop.hr\/index.php?rest_route=\/wp\/v2\/product\/1239","targetHints":{"allow":["GET"]}}],"collection":[{"href":"https:\/\/termoshop.hr\/index.php?rest_route=\/wp\/v2\/product"}],"about":[{"href":"https:\/\/termoshop.hr\/index.php?rest_route=\/wp\/v2\/types\/product"}],"replies":[{"embeddable":true,"href":"https:\/\/termoshop.hr\/index.php?rest_route=%2Fwp%2Fv2%2Fcomments&post=1239"}],"wp:featuredmedia":[{"embeddable":true,"href":"https:\/\/termoshop.hr\/index.php?rest_route=\/wp\/v2\/media\/1240"}],"wp:attachment":[{"href":"https:\/\/termoshop.hr\/index.php?rest_route=%2Fwp%2Fv2%2Fmedia&parent=1239"}],"wp:term":[{"taxonomy":"product_brand","embeddable":true,"href":"https:\/\/termoshop.hr\/index.php?rest_route=%2Fwp%2Fv2%2Fproduct_brand&post=1239"},{"taxonomy":"product_cat","embeddable":true,"href":"https:\/\/termoshop.hr\/index.php?rest_route=%2Fwp%2Fv2%2Fproduct_cat&post=1239"},{"taxonomy":"product_tag","embeddable":true,"href":"https:\/\/termoshop.hr\/index.php?rest_route=%2Fwp%2Fv2%2Fproduct_tag&post=1239"}],"curies":[{"name":"wp","href":"https:\/\/api.w.org\/{rel}","templated":true}]}}