{"id":1235,"date":"2024-12-06T11:55:03","date_gmt":"2024-12-06T10:55:03","guid":{"rendered":"https:\/\/termoshop.hr\/?post_type=product&#038;p=1235"},"modified":"2025-01-27T09:56:22","modified_gmt":"2025-01-27T08:56:22","slug":"flowair-basic","status":"publish","type":"product","link":"https:\/\/termoshop.hr\/?product=flowair-basic","title":{"rendered":"Toplovodni grija\u010d zraka  Flowair Basic LEO L3 65.2 [kW] +  zidna konzola"},"content":{"rendered":"<p><iframe title=\"Flowair LEO kaloriferi za grijanje\" width=\"640\" height=\"360\" src=\"https:\/\/www.youtube.com\/embed\/OPcdq2UBguA?feature=oembed\" frameborder=\"0\" allow=\"accelerometer; autoplay; clipboard-write; encrypted-media; gyroscope; picture-in-picture; web-share\" referrerpolicy=\"strict-origin-when-cross-origin\" allowfullscreen><\/iframe><\/p>\n","protected":false},"excerpt":{"rendered":"<p style=\"text-align: center;\"><strong>Grija\u010di zraka (kaloriferi)<\/strong>\u00a0su elektri\u010dni ure\u0111aji koji se ugra\u0111uju u unutarnje prostore velikih volumena kako bi svojim sna\u017enim ventilatorima osigurali brz prijenos toplinske energije u svrhu zagrijavanja skladi\u0161ta, proizvodnih pogona i industrijskih hala. Grija\u010di zraka mogu koristiti izvor topline spajanjem na sustav centralnog grijanja ili integriranim elektri\u010dnim grija\u010dima.<\/p>\n","protected":false},"featured_media":1197,"comment_status":"closed","ping_status":"closed","template":"","meta":[],"product_brand":[],"product_cat":[105],"product_tag":[],"class_list":{"0":"post-1235","1":"product","2":"type-product","3":"status-publish","4":"has-post-thumbnail","6":"product_cat-a5toplovodni-grijaci-zraka","8":"first","9":"instock","10":"taxable","11":"shipping-taxable","12":"purchasable","13":"product-type-simple"},"yoast_head":"<!-- This site is optimized with the Yoast SEO plugin v26.9 - https:\/\/yoast.com\/product\/yoast-seo-wordpress\/ -->\n<title>Toplovodni grija\u010d zraka Flowair Basic LEO L3 65.2 [kW] + zidna konzola - Termoshop<\/title>\n<meta name=\"description\" content=\"Grija\u010di zraka (kaloriferi)\u00a0su elektri\u010dni ure\u0111aji koji se ugra\u0111uju u unutarnje prostore velikih volumena kako bi svojim sna\u017enim ventilatorima...\" \/>\n<meta name=\"robots\" content=\"index, follow, max-snippet:-1, max-image-preview:large, max-video-preview:-1\" \/>\n<link rel=\"canonical\" href=\"https:\/\/termoshop.hr\/?product=flowair-basic\" \/>\n<meta property=\"og:locale\" content=\"hr_HR\" \/>\n<meta property=\"og:type\" content=\"article\" \/>\n<meta property=\"og:title\" content=\"Toplovodni grija\u010d zraka Flowair Basic LEO L3 65.2 [kW] + zidna konzola - Termoshop\" \/>\n<meta property=\"og:description\" content=\"Grija\u010di zraka (kaloriferi)\u00a0su elektri\u010dni ure\u0111aji koji se ugra\u0111uju u unutarnje prostore velikih volumena kako bi svojim sna\u017enim ventilatorima...\" \/>\n<meta property=\"og:url\" content=\"https:\/\/termoshop.hr\/?product=flowair-basic\" \/>\n<meta property=\"og:site_name\" content=\"Termoshop\" \/>\n<meta property=\"article:publisher\" content=\"https:\/\/www.facebook.com\/promil.doo\/\" \/>\n<meta property=\"article:modified_time\" content=\"2025-01-27T08:56:22+00:00\" \/>\n<meta property=\"og:image\" content=\"https:\/\/termoshop.hr\/wp-content\/uploads\/2024\/03\/grijaci-zraka-.png\" \/>\n\t<meta property=\"og:image:width\" content=\"584\" \/>\n\t<meta property=\"og:image:height\" content=\"449\" \/>\n\t<meta property=\"og:image:type\" content=\"image\/png\" \/>\n<meta name=\"twitter:card\" content=\"summary_large_image\" \/>\n<meta name=\"twitter:label1\" content=\"Procijenjeno vrijeme \u010ditanja\" \/>\n\t<meta name=\"twitter:data1\" content=\"1 minuta\" \/>\n<script type=\"application\/ld+json\" class=\"yoast-schema-graph\">{\"@context\":\"https:\/\/schema.org\",\"@graph\":[{\"@type\":\"WebPage\",\"@id\":\"https:\/\/termoshop.hr\/?product=flowair-basic\",\"url\":\"https:\/\/termoshop.hr\/?product=flowair-basic\",\"name\":\"Toplovodni grija\u010d zraka Flowair Basic LEO L3 65.2 [kW] + zidna konzola - Termoshop\",\"isPartOf\":{\"@id\":\"https:\/\/termoshop.hr\/#website\"},\"primaryImageOfPage\":{\"@id\":\"https:\/\/termoshop.hr\/?product=flowair-basic#primaryimage\"},\"image\":{\"@id\":\"https:\/\/termoshop.hr\/?product=flowair-basic#primaryimage\"},\"thumbnailUrl\":\"https:\/\/termoshop.hr\/wp-content\/uploads\/2024\/03\/grijaci-zraka-.png\",\"datePublished\":\"2024-12-06T10:55:03+00:00\",\"dateModified\":\"2025-01-27T08:56:22+00:00\",\"description\":\"Grija\u010di zraka (kaloriferi)\u00a0su elektri\u010dni ure\u0111aji koji se ugra\u0111uju u unutarnje prostore velikih volumena kako bi svojim sna\u017enim ventilatorima...\",\"breadcrumb\":{\"@id\":\"https:\/\/termoshop.hr\/?product=flowair-basic#breadcrumb\"},\"inLanguage\":\"hr\",\"potentialAction\":[{\"@type\":\"ReadAction\",\"target\":[\"https:\/\/termoshop.hr\/?product=flowair-basic\"]}]},{\"@type\":\"ImageObject\",\"inLanguage\":\"hr\",\"@id\":\"https:\/\/termoshop.hr\/?product=flowair-basic#primaryimage\",\"url\":\"https:\/\/termoshop.hr\/wp-content\/uploads\/2024\/03\/grijaci-zraka-.png\",\"contentUrl\":\"https:\/\/termoshop.hr\/wp-content\/uploads\/2024\/03\/grijaci-zraka-.png\",\"width\":584,\"height\":449},{\"@type\":\"BreadcrumbList\",\"@id\":\"https:\/\/termoshop.hr\/?product=flowair-basic#breadcrumb\",\"itemListElement\":[{\"@type\":\"ListItem\",\"position\":1,\"name\":\"Po\u010detna stranica\",\"item\":\"https:\/\/termoshop.hr\/\"},{\"@type\":\"ListItem\",\"position\":2,\"name\":\"Web trgovina\",\"item\":\"https:\/\/termoshop.hr\/?page_id=7\"},{\"@type\":\"ListItem\",\"position\":3,\"name\":\"Toplovodni grija\u010d zraka Flowair Basic LEO L3 65.2 [kW] + zidna konzola\"}]},{\"@type\":\"WebSite\",\"@id\":\"https:\/\/termoshop.hr\/#website\",\"url\":\"https:\/\/termoshop.hr\/\",\"name\":\"Termoshop.hr\",\"description\":\"Web trgovina\",\"publisher\":{\"@id\":\"https:\/\/termoshop.hr\/#organization\"},\"alternateName\":\"Termoshop\",\"potentialAction\":[{\"@type\":\"SearchAction\",\"target\":{\"@type\":\"EntryPoint\",\"urlTemplate\":\"https:\/\/termoshop.hr\/?s={search_term_string}\"},\"query-input\":{\"@type\":\"PropertyValueSpecification\",\"valueRequired\":true,\"valueName\":\"search_term_string\"}}],\"inLanguage\":\"hr\"},{\"@type\":\"Organization\",\"@id\":\"https:\/\/termoshop.hr\/#organization\",\"name\":\"Termoshop\",\"url\":\"https:\/\/termoshop.hr\/\",\"logo\":{\"@type\":\"ImageObject\",\"inLanguage\":\"hr\",\"@id\":\"https:\/\/termoshop.hr\/#\/schema\/logo\/image\/\",\"url\":\"https:\/\/termoshop.hr\/wp-content\/uploads\/2023\/10\/termo-shop-logo-1605741401.png\",\"contentUrl\":\"https:\/\/termoshop.hr\/wp-content\/uploads\/2023\/10\/termo-shop-logo-1605741401.png\",\"width\":551,\"height\":96,\"caption\":\"Termoshop\"},\"image\":{\"@id\":\"https:\/\/termoshop.hr\/#\/schema\/logo\/image\/\"},\"sameAs\":[\"https:\/\/www.facebook.com\/promil.doo\/\"]}]}<\/script>\n<!-- \/ Yoast SEO plugin. -->","yoast_head_json":{"title":"Toplovodni grija\u010d zraka Flowair Basic LEO L3 65.2 [kW] + zidna konzola - Termoshop","description":"Grija\u010di zraka (kaloriferi)\u00a0su elektri\u010dni ure\u0111aji koji se ugra\u0111uju u unutarnje prostore velikih volumena kako bi svojim sna\u017enim ventilatorima...","robots":{"index":"index","follow":"follow","max-snippet":"max-snippet:-1","max-image-preview":"max-image-preview:large","max-video-preview":"max-video-preview:-1"},"canonical":"https:\/\/termoshop.hr\/?product=flowair-basic","og_locale":"hr_HR","og_type":"article","og_title":"Toplovodni grija\u010d zraka Flowair Basic LEO L3 65.2 [kW] + zidna konzola - Termoshop","og_description":"Grija\u010di zraka (kaloriferi)\u00a0su elektri\u010dni ure\u0111aji koji se ugra\u0111uju u unutarnje prostore velikih volumena kako bi svojim sna\u017enim ventilatorima...","og_url":"https:\/\/termoshop.hr\/?product=flowair-basic","og_site_name":"Termoshop","article_publisher":"https:\/\/www.facebook.com\/promil.doo\/","article_modified_time":"2025-01-27T08:56:22+00:00","og_image":[{"width":584,"height":449,"url":"https:\/\/termoshop.hr\/wp-content\/uploads\/2024\/03\/grijaci-zraka-.png","type":"image\/png"}],"twitter_card":"summary_large_image","twitter_misc":{"Procijenjeno vrijeme \u010ditanja":"1 minuta"},"schema":{"@context":"https:\/\/schema.org","@graph":[{"@type":"WebPage","@id":"https:\/\/termoshop.hr\/?product=flowair-basic","url":"https:\/\/termoshop.hr\/?product=flowair-basic","name":"Toplovodni grija\u010d zraka Flowair Basic LEO L3 65.2 [kW] + zidna konzola - Termoshop","isPartOf":{"@id":"https:\/\/termoshop.hr\/#website"},"primaryImageOfPage":{"@id":"https:\/\/termoshop.hr\/?product=flowair-basic#primaryimage"},"image":{"@id":"https:\/\/termoshop.hr\/?product=flowair-basic#primaryimage"},"thumbnailUrl":"https:\/\/termoshop.hr\/wp-content\/uploads\/2024\/03\/grijaci-zraka-.png","datePublished":"2024-12-06T10:55:03+00:00","dateModified":"2025-01-27T08:56:22+00:00","description":"Grija\u010di zraka (kaloriferi)\u00a0su elektri\u010dni ure\u0111aji koji se ugra\u0111uju u unutarnje prostore velikih volumena kako bi svojim sna\u017enim ventilatorima...","breadcrumb":{"@id":"https:\/\/termoshop.hr\/?product=flowair-basic#breadcrumb"},"inLanguage":"hr","potentialAction":[{"@type":"ReadAction","target":["https:\/\/termoshop.hr\/?product=flowair-basic"]}]},{"@type":"ImageObject","inLanguage":"hr","@id":"https:\/\/termoshop.hr\/?product=flowair-basic#primaryimage","url":"https:\/\/termoshop.hr\/wp-content\/uploads\/2024\/03\/grijaci-zraka-.png","contentUrl":"https:\/\/termoshop.hr\/wp-content\/uploads\/2024\/03\/grijaci-zraka-.png","width":584,"height":449},{"@type":"BreadcrumbList","@id":"https:\/\/termoshop.hr\/?product=flowair-basic#breadcrumb","itemListElement":[{"@type":"ListItem","position":1,"name":"Po\u010detna stranica","item":"https:\/\/termoshop.hr\/"},{"@type":"ListItem","position":2,"name":"Web trgovina","item":"https:\/\/termoshop.hr\/?page_id=7"},{"@type":"ListItem","position":3,"name":"Toplovodni grija\u010d zraka Flowair Basic LEO L3 65.2 [kW] + zidna konzola"}]},{"@type":"WebSite","@id":"https:\/\/termoshop.hr\/#website","url":"https:\/\/termoshop.hr\/","name":"Termoshop.hr","description":"Web trgovina","publisher":{"@id":"https:\/\/termoshop.hr\/#organization"},"alternateName":"Termoshop","potentialAction":[{"@type":"SearchAction","target":{"@type":"EntryPoint","urlTemplate":"https:\/\/termoshop.hr\/?s={search_term_string}"},"query-input":{"@type":"PropertyValueSpecification","valueRequired":true,"valueName":"search_term_string"}}],"inLanguage":"hr"},{"@type":"Organization","@id":"https:\/\/termoshop.hr\/#organization","name":"Termoshop","url":"https:\/\/termoshop.hr\/","logo":{"@type":"ImageObject","inLanguage":"hr","@id":"https:\/\/termoshop.hr\/#\/schema\/logo\/image\/","url":"https:\/\/termoshop.hr\/wp-content\/uploads\/2023\/10\/termo-shop-logo-1605741401.png","contentUrl":"https:\/\/termoshop.hr\/wp-content\/uploads\/2023\/10\/termo-shop-logo-1605741401.png","width":551,"height":96,"caption":"Termoshop"},"image":{"@id":"https:\/\/termoshop.hr\/#\/schema\/logo\/image\/"},"sameAs":["https:\/\/www.facebook.com\/promil.doo\/"]}]}},"_links":{"self":[{"href":"https:\/\/termoshop.hr\/index.php?rest_route=\/wp\/v2\/product\/1235","targetHints":{"allow":["GET"]}}],"collection":[{"href":"https:\/\/termoshop.hr\/index.php?rest_route=\/wp\/v2\/product"}],"about":[{"href":"https:\/\/termoshop.hr\/index.php?rest_route=\/wp\/v2\/types\/product"}],"replies":[{"embeddable":true,"href":"https:\/\/termoshop.hr\/index.php?rest_route=%2Fwp%2Fv2%2Fcomments&post=1235"}],"wp:featuredmedia":[{"embeddable":true,"href":"https:\/\/termoshop.hr\/index.php?rest_route=\/wp\/v2\/media\/1197"}],"wp:attachment":[{"href":"https:\/\/termoshop.hr\/index.php?rest_route=%2Fwp%2Fv2%2Fmedia&parent=1235"}],"wp:term":[{"taxonomy":"product_brand","embeddable":true,"href":"https:\/\/termoshop.hr\/index.php?rest_route=%2Fwp%2Fv2%2Fproduct_brand&post=1235"},{"taxonomy":"product_cat","embeddable":true,"href":"https:\/\/termoshop.hr\/index.php?rest_route=%2Fwp%2Fv2%2Fproduct_cat&post=1235"},{"taxonomy":"product_tag","embeddable":true,"href":"https:\/\/termoshop.hr\/index.php?rest_route=%2Fwp%2Fv2%2Fproduct_tag&post=1235"}],"curies":[{"name":"wp","href":"https:\/\/api.w.org\/{rel}","templated":true}]}}