{"id":1221,"date":"2024-11-28T11:20:18","date_gmt":"2024-11-28T10:20:18","guid":{"rendered":"https:\/\/termoshop.hr\/?post_type=product&#038;p=1221"},"modified":"2024-12-04T10:07:45","modified_gmt":"2024-12-04T09:07:45","slug":"elektricni-radijator-midi-1950-sa-ugradenim-kontrolerom-i-zidnim-nosacima","status":"publish","type":"product","link":"https:\/\/termoshop.hr\/?product=elektricni-radijator-midi-1950-sa-ugradenim-kontrolerom-i-zidnim-nosacima","title":{"rendered":"Elektri\u010dni radijator MIDI 1950 sa ugra\u0111enim kontrolerom i zidnim nosa\u010dima"},"content":{"rendered":"<ul>\n<li>Otkrijte budu\u0107nost grijanja s elektri\u010dnim akumulacijskim radijatorima. Elektri\u010dni radijatori s akumulacijskom jezgrom od \u0161amota spajaju prednosti klasi\u010dnog akumulacijskog grijanja i izravnog grijanja. Brzo se zagrijavaju i zadr\u017eavaju toplinu bez potrebe za prekomjernom potro\u0161njom elektri\u010dne energije. Osnovni elementi ovdje su \u0161amotna opeka i posebno razvijena rebra. Uz 100% pretvorbu energije i najbolju mogu\u0107u konvekciju, nude ne samo maksimalnu u\u010dinkovitost ve\u0107 i ravnomjernu raspodjelu topline &#8211; idealno za osobe koje pate od alergija. I \u0161to je najbolje od svega, ne morate brinuti o dodatnim tro\u0161kovima zbog odr\u017eavanja ili dimnja\u010dara kao kod ostalih sustava grijanja. Elektri\u010dni akumulacijski radijatori su isplativa zamjena za zastarjele no\u0107ne akumulacijske radijatore i dolaze s impresivnim 30-godi\u0161njim jamstvom proizvo\u0111a\u010da. Prilago\u0111ene kontrole omogu\u0107uju Vam da elektri\u010dni radijator prilagodite svojim potrebama. Osim toga, na\u0161i se elektri\u010dni grija\u010di besprijekorno integriraju s foto naponskim sustavima te rade tiho i bez mirisa. Pouzdajte se u kvalitetu &#8220;Made in Germany&#8221; i iskusite jednostavnu instalaciju kao i jednostavno spajanje. Svaki radijator dolazi sa na sebi ugra\u0111enim termostatom, priklju\u010dnim kabelom od 1.5 [m] i utika\u010dem (230 V) te dodatno dolaze zidni nosa\u010di. Grijanje na\u0161im elektri\u010dnim radijatorima je pametno, u\u010dinkovito i ekolo\u0161ki prihvatljivo. Nabavite na\u0161e elektri\u010dne akumulacijske radijatore danas i do\u017eivite udobnost na novoj razini. <strong>Specifikacije<\/strong><br \/>\n<table width=\"549\">\n<tbody>\n<tr>\n<td width=\"207\">Ugradnja na zid:<\/td>\n<td width=\"343\">uklju\u010deni zidni nosa\u010di<\/td>\n<\/tr>\n<tr>\n<td width=\"207\">Na\u010dini upravljanja:<\/td>\n<td width=\"343\">Ru\u010dni na\u010din rada ili mogu\u0107e grijanje prema rasporedu<\/td>\n<\/tr>\n<tr>\n<td width=\"207\">Snaga:<\/td>\n<td width=\"343\">1950 [W]<\/td>\n<\/tr>\n<tr>\n<td width=\"207\">Potro\u0161nja u stanju mirovanja:<\/td>\n<td width=\"343\">&lt; 0,1 [W]<\/td>\n<\/tr>\n<tr>\n<td width=\"207\">Zaklju\u010davanje tipkovnice:<\/td>\n<td width=\"343\">Da<\/td>\n<\/tr>\n<tr>\n<td width=\"207\">Osvjetljenje zaslona:<\/td>\n<td width=\"343\">Da (Automatsko isklju\u010divanje)<\/td>\n<\/tr>\n<tr>\n<td width=\"207\">Funkcija poja\u010danja:<\/td>\n<td width=\"343\">Da<\/td>\n<\/tr>\n<tr>\n<td width=\"207\">Detekcija otvorenog prozora:<\/td>\n<td width=\"343\">Da<\/td>\n<\/tr>\n<tr>\n<td width=\"207\">Dimenzije (\u0160xVxD):<\/td>\n<td width=\"343\">980 x 610 x 90 [mm]<\/td>\n<\/tr>\n<tr>\n<td width=\"207\">Masa:<\/td>\n<td width=\"343\">42 [kg]<\/td>\n<\/tr>\n<tr>\n<td width=\"207\">Premaz:<\/td>\n<td width=\"343\">\u010celik s visokokvalitetnim premazom u prahu<\/td>\n<\/tr>\n<tr>\n<td width=\"207\">Boja:<\/td>\n<td width=\"343\">RAL 9010 \u010disto bijela<\/td>\n<\/tr>\n<tr>\n<td width=\"207\">Prikladno za prostor:<\/td>\n<td width=\"343\">15 [m2] (lo\u0161e izolirano) &#8211; 30 [m2] (dobro izolirano)<\/td>\n<\/tr>\n<\/tbody>\n<\/table>\n<p><strong>\u00a0<\/strong><\/p>\n<p><strong>Zahtjevi: <\/strong><\/p>\n<ul>\n<li>Uti\u010dnica sa za\u0161titnim kontaktom 230V,<\/li>\n<li>16A-osigura\u010d u el. ormaru,<\/li>\n<li>Stabilna zidana konstrukcija za ugradnju na zid.<\/li>\n<\/ul>\n<p>.<\/li>\n<\/ul>\n","protected":false},"excerpt":{"rendered":"<p><span style=\"color: #ff6600;\"> NA\u0160A POTVRDA KVALITETE<\/span><br \/>\n30 godina jamstva<br \/>\nOtpornost na hr\u0111u zbog upotrebe<br \/>\nvru\u0107e pocin\u010danog \u010delika<br \/>\nZavareni poklopci i bo\u010dne plo\u010de<br \/>\nVisokokvalitetni premaz tako\u0111er<br \/>\ni unutar proizvoda<\/p>\n<p><span style=\"color: #ff6600;\"> VISOKA RAZINA SIGURNOSTI<\/span><br \/>\nIndividualni segment isklju\u010divanja<br \/>\nIzbjegavanje kratkih spojeva,<br \/>\njer su svi kabeli u<br \/>\ntermoskupljaju\u0107im bu\u017eirima<\/p>\n<p><span style=\"color: #ff6600;\"> UGODNA TOPLINA<\/span><br \/>\nAktivno grijana \u0161amotna jezgra<br \/>\npo cijeloj povr\u0161ini<br \/>\nVe\u0107a toplinska snaga zahvaljuju\u0107i odvojenim<br \/>\nzonama grijanja<br \/>\nApsolutno bez mirisa i buke<br \/>\nNema tinjaju\u0107e pra\u0161ine<\/p>\n<p><span style=\"color: #ff6600;\">OPCIJE PROFESIONALNE <\/span><br \/>\n<span style=\"color: #ff6600;\">KONTROLE<\/span><br \/>\nJednostavno rukovanje<br \/>\nFlexiSmart<br \/>\nru\u010dno upravljanje, plan<br \/>\ngrijanja na ure\u0111aju<br \/>\nili putem aplikacije<br \/>\nILI<br \/>\nBe\u017ei\u010dni termostat X3D<br \/>\ns radio kontrolom<br \/>\nili putem aplikacije<\/p>\n<p><span style=\"color: #ff6600;\"> DOBRO ZA U\u0160TEDU<\/span><br \/>\nNiska cijena<br \/>\nJednostavna ugradnja<br \/>\nBez odr\u017eavanja, stoga nema dodatnih tro\u0161kova<br \/>\nza dimnja\u010dara ili potrebe za dodatna odr\u017eavanja<br \/>\nZa jedan sat grijanja potrebno je samo 20 minuta<br \/>\nelektri\u010dne energije zahvaljuju\u0107i jezgri od \u0161amota<br \/>\nMo\u017ee se integrirati u fotonaponske sustave<br \/>\nMo\u017ee se koristiti kao dodatno ili glavno grijanje<\/p>\n","protected":false},"featured_media":1210,"comment_status":"closed","ping_status":"closed","template":"","meta":[],"product_brand":[],"product_cat":[104],"product_tag":[],"class_list":{"0":"post-1221","1":"product","2":"type-product","3":"status-publish","4":"has-post-thumbnail","6":"product_cat-a9-2radijatori-elektricni","8":"first","9":"instock","10":"taxable","11":"shipping-taxable","12":"purchasable","13":"product-type-simple"},"yoast_head":"<!-- This site is optimized with the Yoast SEO plugin v26.9 - https:\/\/yoast.com\/product\/yoast-seo-wordpress\/ -->\n<title>Elektri\u010dni radijator MIDI 1950 sa ugra\u0111enim kontrolerom i zidnim nosa\u010dima - Termoshop<\/title>\n<meta name=\"description\" content=\"Otkrijte budu\u0107nost grijanja s elektri\u010dnim akumulacijskim radijatorima. Elektri\u010dni radijatori s akumulacijskom jezgrom od \u0161amota spajaju prednosti...\" \/>\n<meta name=\"robots\" content=\"index, follow, max-snippet:-1, max-image-preview:large, max-video-preview:-1\" \/>\n<link rel=\"canonical\" href=\"https:\/\/termoshop.hr\/?product=elektricni-radijator-midi-1950-sa-ugradenim-kontrolerom-i-zidnim-nosacima\" \/>\n<meta property=\"og:locale\" content=\"hr_HR\" \/>\n<meta property=\"og:type\" content=\"article\" \/>\n<meta property=\"og:title\" content=\"Elektri\u010dni radijator MIDI 1950 sa ugra\u0111enim kontrolerom i zidnim nosa\u010dima - Termoshop\" \/>\n<meta property=\"og:description\" content=\"Otkrijte budu\u0107nost grijanja s elektri\u010dnim akumulacijskim radijatorima. Elektri\u010dni radijatori s akumulacijskom jezgrom od \u0161amota spajaju prednosti...\" \/>\n<meta property=\"og:url\" content=\"https:\/\/termoshop.hr\/?product=elektricni-radijator-midi-1950-sa-ugradenim-kontrolerom-i-zidnim-nosacima\" \/>\n<meta property=\"og:site_name\" content=\"Termoshop\" \/>\n<meta property=\"article:publisher\" content=\"https:\/\/www.facebook.com\/promil.doo\/\" \/>\n<meta property=\"article:modified_time\" content=\"2024-12-04T09:07:45+00:00\" \/>\n<meta property=\"og:image\" content=\"https:\/\/termoshop.hr\/wp-content\/uploads\/2024\/03\/Bez-naslova-2.png\" \/>\n\t<meta property=\"og:image:width\" content=\"500\" \/>\n\t<meta property=\"og:image:height\" content=\"380\" \/>\n\t<meta property=\"og:image:type\" content=\"image\/png\" \/>\n<meta name=\"twitter:card\" content=\"summary_large_image\" \/>\n<meta name=\"twitter:label1\" content=\"Procijenjeno vrijeme \u010ditanja\" \/>\n\t<meta name=\"twitter:data1\" content=\"2 minute\" \/>\n<script type=\"application\/ld+json\" class=\"yoast-schema-graph\">{\"@context\":\"https:\/\/schema.org\",\"@graph\":[{\"@type\":\"WebPage\",\"@id\":\"https:\/\/termoshop.hr\/?product=elektricni-radijator-midi-1950-sa-ugradenim-kontrolerom-i-zidnim-nosacima\",\"url\":\"https:\/\/termoshop.hr\/?product=elektricni-radijator-midi-1950-sa-ugradenim-kontrolerom-i-zidnim-nosacima\",\"name\":\"Elektri\u010dni radijator MIDI 1950 sa ugra\u0111enim kontrolerom i zidnim nosa\u010dima - Termoshop\",\"isPartOf\":{\"@id\":\"https:\/\/termoshop.hr\/#website\"},\"primaryImageOfPage\":{\"@id\":\"https:\/\/termoshop.hr\/?product=elektricni-radijator-midi-1950-sa-ugradenim-kontrolerom-i-zidnim-nosacima#primaryimage\"},\"image\":{\"@id\":\"https:\/\/termoshop.hr\/?product=elektricni-radijator-midi-1950-sa-ugradenim-kontrolerom-i-zidnim-nosacima#primaryimage\"},\"thumbnailUrl\":\"https:\/\/termoshop.hr\/wp-content\/uploads\/2024\/03\/Bez-naslova-2.png\",\"datePublished\":\"2024-11-28T10:20:18+00:00\",\"dateModified\":\"2024-12-04T09:07:45+00:00\",\"description\":\"Otkrijte budu\u0107nost grijanja s elektri\u010dnim akumulacijskim radijatorima. Elektri\u010dni radijatori s akumulacijskom jezgrom od \u0161amota spajaju prednosti...\",\"breadcrumb\":{\"@id\":\"https:\/\/termoshop.hr\/?product=elektricni-radijator-midi-1950-sa-ugradenim-kontrolerom-i-zidnim-nosacima#breadcrumb\"},\"inLanguage\":\"hr\",\"potentialAction\":[{\"@type\":\"ReadAction\",\"target\":[\"https:\/\/termoshop.hr\/?product=elektricni-radijator-midi-1950-sa-ugradenim-kontrolerom-i-zidnim-nosacima\"]}]},{\"@type\":\"ImageObject\",\"inLanguage\":\"hr\",\"@id\":\"https:\/\/termoshop.hr\/?product=elektricni-radijator-midi-1950-sa-ugradenim-kontrolerom-i-zidnim-nosacima#primaryimage\",\"url\":\"https:\/\/termoshop.hr\/wp-content\/uploads\/2024\/03\/Bez-naslova-2.png\",\"contentUrl\":\"https:\/\/termoshop.hr\/wp-content\/uploads\/2024\/03\/Bez-naslova-2.png\",\"width\":500,\"height\":380},{\"@type\":\"BreadcrumbList\",\"@id\":\"https:\/\/termoshop.hr\/?product=elektricni-radijator-midi-1950-sa-ugradenim-kontrolerom-i-zidnim-nosacima#breadcrumb\",\"itemListElement\":[{\"@type\":\"ListItem\",\"position\":1,\"name\":\"Po\u010detna stranica\",\"item\":\"https:\/\/termoshop.hr\/\"},{\"@type\":\"ListItem\",\"position\":2,\"name\":\"Web trgovina\",\"item\":\"https:\/\/termoshop.hr\/?page_id=7\"},{\"@type\":\"ListItem\",\"position\":3,\"name\":\"Elektri\u010dni radijator MIDI 1950 sa ugra\u0111enim kontrolerom i zidnim nosa\u010dima\"}]},{\"@type\":\"WebSite\",\"@id\":\"https:\/\/termoshop.hr\/#website\",\"url\":\"https:\/\/termoshop.hr\/\",\"name\":\"Termoshop.hr\",\"description\":\"Web trgovina\",\"publisher\":{\"@id\":\"https:\/\/termoshop.hr\/#organization\"},\"alternateName\":\"Termoshop\",\"potentialAction\":[{\"@type\":\"SearchAction\",\"target\":{\"@type\":\"EntryPoint\",\"urlTemplate\":\"https:\/\/termoshop.hr\/?s={search_term_string}\"},\"query-input\":{\"@type\":\"PropertyValueSpecification\",\"valueRequired\":true,\"valueName\":\"search_term_string\"}}],\"inLanguage\":\"hr\"},{\"@type\":\"Organization\",\"@id\":\"https:\/\/termoshop.hr\/#organization\",\"name\":\"Termoshop\",\"url\":\"https:\/\/termoshop.hr\/\",\"logo\":{\"@type\":\"ImageObject\",\"inLanguage\":\"hr\",\"@id\":\"https:\/\/termoshop.hr\/#\/schema\/logo\/image\/\",\"url\":\"https:\/\/termoshop.hr\/wp-content\/uploads\/2023\/10\/termo-shop-logo-1605741401.png\",\"contentUrl\":\"https:\/\/termoshop.hr\/wp-content\/uploads\/2023\/10\/termo-shop-logo-1605741401.png\",\"width\":551,\"height\":96,\"caption\":\"Termoshop\"},\"image\":{\"@id\":\"https:\/\/termoshop.hr\/#\/schema\/logo\/image\/\"},\"sameAs\":[\"https:\/\/www.facebook.com\/promil.doo\/\"]}]}<\/script>\n<!-- \/ Yoast SEO plugin. -->","yoast_head_json":{"title":"Elektri\u010dni radijator MIDI 1950 sa ugra\u0111enim kontrolerom i zidnim nosa\u010dima - Termoshop","description":"Otkrijte budu\u0107nost grijanja s elektri\u010dnim akumulacijskim radijatorima. Elektri\u010dni radijatori s akumulacijskom jezgrom od \u0161amota spajaju prednosti...","robots":{"index":"index","follow":"follow","max-snippet":"max-snippet:-1","max-image-preview":"max-image-preview:large","max-video-preview":"max-video-preview:-1"},"canonical":"https:\/\/termoshop.hr\/?product=elektricni-radijator-midi-1950-sa-ugradenim-kontrolerom-i-zidnim-nosacima","og_locale":"hr_HR","og_type":"article","og_title":"Elektri\u010dni radijator MIDI 1950 sa ugra\u0111enim kontrolerom i zidnim nosa\u010dima - Termoshop","og_description":"Otkrijte budu\u0107nost grijanja s elektri\u010dnim akumulacijskim radijatorima. Elektri\u010dni radijatori s akumulacijskom jezgrom od \u0161amota spajaju prednosti...","og_url":"https:\/\/termoshop.hr\/?product=elektricni-radijator-midi-1950-sa-ugradenim-kontrolerom-i-zidnim-nosacima","og_site_name":"Termoshop","article_publisher":"https:\/\/www.facebook.com\/promil.doo\/","article_modified_time":"2024-12-04T09:07:45+00:00","og_image":[{"width":500,"height":380,"url":"https:\/\/termoshop.hr\/wp-content\/uploads\/2024\/03\/Bez-naslova-2.png","type":"image\/png"}],"twitter_card":"summary_large_image","twitter_misc":{"Procijenjeno vrijeme \u010ditanja":"2 minute"},"schema":{"@context":"https:\/\/schema.org","@graph":[{"@type":"WebPage","@id":"https:\/\/termoshop.hr\/?product=elektricni-radijator-midi-1950-sa-ugradenim-kontrolerom-i-zidnim-nosacima","url":"https:\/\/termoshop.hr\/?product=elektricni-radijator-midi-1950-sa-ugradenim-kontrolerom-i-zidnim-nosacima","name":"Elektri\u010dni radijator MIDI 1950 sa ugra\u0111enim kontrolerom i zidnim nosa\u010dima - Termoshop","isPartOf":{"@id":"https:\/\/termoshop.hr\/#website"},"primaryImageOfPage":{"@id":"https:\/\/termoshop.hr\/?product=elektricni-radijator-midi-1950-sa-ugradenim-kontrolerom-i-zidnim-nosacima#primaryimage"},"image":{"@id":"https:\/\/termoshop.hr\/?product=elektricni-radijator-midi-1950-sa-ugradenim-kontrolerom-i-zidnim-nosacima#primaryimage"},"thumbnailUrl":"https:\/\/termoshop.hr\/wp-content\/uploads\/2024\/03\/Bez-naslova-2.png","datePublished":"2024-11-28T10:20:18+00:00","dateModified":"2024-12-04T09:07:45+00:00","description":"Otkrijte budu\u0107nost grijanja s elektri\u010dnim akumulacijskim radijatorima. Elektri\u010dni radijatori s akumulacijskom jezgrom od \u0161amota spajaju prednosti...","breadcrumb":{"@id":"https:\/\/termoshop.hr\/?product=elektricni-radijator-midi-1950-sa-ugradenim-kontrolerom-i-zidnim-nosacima#breadcrumb"},"inLanguage":"hr","potentialAction":[{"@type":"ReadAction","target":["https:\/\/termoshop.hr\/?product=elektricni-radijator-midi-1950-sa-ugradenim-kontrolerom-i-zidnim-nosacima"]}]},{"@type":"ImageObject","inLanguage":"hr","@id":"https:\/\/termoshop.hr\/?product=elektricni-radijator-midi-1950-sa-ugradenim-kontrolerom-i-zidnim-nosacima#primaryimage","url":"https:\/\/termoshop.hr\/wp-content\/uploads\/2024\/03\/Bez-naslova-2.png","contentUrl":"https:\/\/termoshop.hr\/wp-content\/uploads\/2024\/03\/Bez-naslova-2.png","width":500,"height":380},{"@type":"BreadcrumbList","@id":"https:\/\/termoshop.hr\/?product=elektricni-radijator-midi-1950-sa-ugradenim-kontrolerom-i-zidnim-nosacima#breadcrumb","itemListElement":[{"@type":"ListItem","position":1,"name":"Po\u010detna stranica","item":"https:\/\/termoshop.hr\/"},{"@type":"ListItem","position":2,"name":"Web trgovina","item":"https:\/\/termoshop.hr\/?page_id=7"},{"@type":"ListItem","position":3,"name":"Elektri\u010dni radijator MIDI 1950 sa ugra\u0111enim kontrolerom i zidnim nosa\u010dima"}]},{"@type":"WebSite","@id":"https:\/\/termoshop.hr\/#website","url":"https:\/\/termoshop.hr\/","name":"Termoshop.hr","description":"Web trgovina","publisher":{"@id":"https:\/\/termoshop.hr\/#organization"},"alternateName":"Termoshop","potentialAction":[{"@type":"SearchAction","target":{"@type":"EntryPoint","urlTemplate":"https:\/\/termoshop.hr\/?s={search_term_string}"},"query-input":{"@type":"PropertyValueSpecification","valueRequired":true,"valueName":"search_term_string"}}],"inLanguage":"hr"},{"@type":"Organization","@id":"https:\/\/termoshop.hr\/#organization","name":"Termoshop","url":"https:\/\/termoshop.hr\/","logo":{"@type":"ImageObject","inLanguage":"hr","@id":"https:\/\/termoshop.hr\/#\/schema\/logo\/image\/","url":"https:\/\/termoshop.hr\/wp-content\/uploads\/2023\/10\/termo-shop-logo-1605741401.png","contentUrl":"https:\/\/termoshop.hr\/wp-content\/uploads\/2023\/10\/termo-shop-logo-1605741401.png","width":551,"height":96,"caption":"Termoshop"},"image":{"@id":"https:\/\/termoshop.hr\/#\/schema\/logo\/image\/"},"sameAs":["https:\/\/www.facebook.com\/promil.doo\/"]}]}},"_links":{"self":[{"href":"https:\/\/termoshop.hr\/index.php?rest_route=\/wp\/v2\/product\/1221","targetHints":{"allow":["GET"]}}],"collection":[{"href":"https:\/\/termoshop.hr\/index.php?rest_route=\/wp\/v2\/product"}],"about":[{"href":"https:\/\/termoshop.hr\/index.php?rest_route=\/wp\/v2\/types\/product"}],"replies":[{"embeddable":true,"href":"https:\/\/termoshop.hr\/index.php?rest_route=%2Fwp%2Fv2%2Fcomments&post=1221"}],"wp:featuredmedia":[{"embeddable":true,"href":"https:\/\/termoshop.hr\/index.php?rest_route=\/wp\/v2\/media\/1210"}],"wp:attachment":[{"href":"https:\/\/termoshop.hr\/index.php?rest_route=%2Fwp%2Fv2%2Fmedia&parent=1221"}],"wp:term":[{"taxonomy":"product_brand","embeddable":true,"href":"https:\/\/termoshop.hr\/index.php?rest_route=%2Fwp%2Fv2%2Fproduct_brand&post=1221"},{"taxonomy":"product_cat","embeddable":true,"href":"https:\/\/termoshop.hr\/index.php?rest_route=%2Fwp%2Fv2%2Fproduct_cat&post=1221"},{"taxonomy":"product_tag","embeddable":true,"href":"https:\/\/termoshop.hr\/index.php?rest_route=%2Fwp%2Fv2%2Fproduct_tag&post=1221"}],"curies":[{"name":"wp","href":"https:\/\/api.w.org\/{rel}","templated":true}]}}