{"id":1139,"date":"2026-02-25T12:00:42","date_gmt":"2026-02-25T11:00:42","guid":{"rendered":"https:\/\/termoshop.hr\/?post_type=product&#038;p=1139"},"modified":"2026-02-25T14:29:07","modified_gmt":"2026-02-25T13:29:07","slug":"vitoconnect-tip-opto2","status":"publish","type":"product","link":"https:\/\/termoshop.hr\/?product=vitoconnect-tip-opto2","title":{"rendered":"Vitoconnect, tip OPTO2"},"content":{"rendered":"","protected":false},"excerpt":{"rendered":"<p>WLAN ure\u0111aj za daljinsko upravljanje i nadzor instalacije grijanja<br \/>\nputem aplikacija za mobilne ure\u0111aje (Android i iOS): ViCare.<br \/>\n\uf06e za sve Viessmann proizvo\u0111a\u010de topline s Optolink su\u010deljem<br \/>\n\uf06e \u017ei\u010dana komunikacija putem Optolink priklju\u010dka regulacije kotla<br \/>\n\uf06e WLAN komunikacija s routerom<\/p>\n","protected":false},"featured_media":1140,"comment_status":"closed","ping_status":"closed","template":"","meta":[],"product_brand":[],"product_cat":[20],"product_tag":[],"class_list":{"0":"post-1139","1":"product","2":"type-product","3":"status-publish","4":"has-post-thumbnail","6":"product_cat-a2pametno-upravljanje","8":"first","9":"instock","10":"sale","11":"taxable","12":"shipping-taxable","13":"purchasable","14":"product-type-simple"},"yoast_head":"<!-- This site is optimized with the Yoast SEO plugin v26.9 - https:\/\/yoast.com\/product\/yoast-seo-wordpress\/ -->\n<title>Vitoconnect, tip OPTO2 - Termoshop<\/title>\n<meta name=\"robots\" content=\"index, follow, max-snippet:-1, max-image-preview:large, max-video-preview:-1\" \/>\n<link rel=\"canonical\" href=\"https:\/\/termoshop.hr\/?product=vitoconnect-tip-opto2\" \/>\n<meta property=\"og:locale\" content=\"hr_HR\" \/>\n<meta property=\"og:type\" content=\"article\" \/>\n<meta property=\"og:title\" content=\"Vitoconnect, tip OPTO2 - Termoshop\" \/>\n<meta property=\"og:description\" content=\"WLAN ure\u0111aj za daljinsko upravljanje i nadzor instalacije grijanja putem aplikacija za mobilne ure\u0111aje (Android i iOS): ViCare. \uf06e za sve Viessmann proizvo\u0111a\u010de topline s Optolink su\u010deljem \uf06e \u017ei\u010dana komunikacija putem Optolink priklju\u010dka regulacije kotla \uf06e WLAN komunikacija s routerom\" \/>\n<meta property=\"og:url\" content=\"https:\/\/termoshop.hr\/?product=vitoconnect-tip-opto2\" \/>\n<meta property=\"og:site_name\" content=\"Termoshop\" \/>\n<meta property=\"article:publisher\" content=\"https:\/\/www.facebook.com\/promil.doo\/\" \/>\n<meta property=\"article:modified_time\" content=\"2026-02-25T13:29:07+00:00\" \/>\n<meta property=\"og:image\" content=\"https:\/\/termoshop.hr\/wp-content\/uploads\/2024\/02\/sobni-korektor-.png\" \/>\n\t<meta property=\"og:image:width\" content=\"197\" \/>\n\t<meta property=\"og:image:height\" content=\"160\" \/>\n\t<meta property=\"og:image:type\" content=\"image\/png\" \/>\n<meta name=\"twitter:card\" content=\"summary_large_image\" \/>\n<meta name=\"twitter:label1\" content=\"Procijenjeno vrijeme \u010ditanja\" \/>\n\t<meta name=\"twitter:data1\" content=\"1 minuta\" \/>\n<script type=\"application\/ld+json\" class=\"yoast-schema-graph\">{\"@context\":\"https:\/\/schema.org\",\"@graph\":[{\"@type\":\"WebPage\",\"@id\":\"https:\/\/termoshop.hr\/?product=vitoconnect-tip-opto2\",\"url\":\"https:\/\/termoshop.hr\/?product=vitoconnect-tip-opto2\",\"name\":\"Vitoconnect, tip OPTO2 - Termoshop\",\"isPartOf\":{\"@id\":\"https:\/\/termoshop.hr\/#website\"},\"primaryImageOfPage\":{\"@id\":\"https:\/\/termoshop.hr\/?product=vitoconnect-tip-opto2#primaryimage\"},\"image\":{\"@id\":\"https:\/\/termoshop.hr\/?product=vitoconnect-tip-opto2#primaryimage\"},\"thumbnailUrl\":\"https:\/\/termoshop.hr\/wp-content\/uploads\/2024\/02\/sobni-korektor-.png\",\"datePublished\":\"2026-02-25T11:00:42+00:00\",\"dateModified\":\"2026-02-25T13:29:07+00:00\",\"breadcrumb\":{\"@id\":\"https:\/\/termoshop.hr\/?product=vitoconnect-tip-opto2#breadcrumb\"},\"inLanguage\":\"hr\",\"potentialAction\":[{\"@type\":\"ReadAction\",\"target\":[\"https:\/\/termoshop.hr\/?product=vitoconnect-tip-opto2\"]}]},{\"@type\":\"ImageObject\",\"inLanguage\":\"hr\",\"@id\":\"https:\/\/termoshop.hr\/?product=vitoconnect-tip-opto2#primaryimage\",\"url\":\"https:\/\/termoshop.hr\/wp-content\/uploads\/2024\/02\/sobni-korektor-.png\",\"contentUrl\":\"https:\/\/termoshop.hr\/wp-content\/uploads\/2024\/02\/sobni-korektor-.png\",\"width\":197,\"height\":160},{\"@type\":\"BreadcrumbList\",\"@id\":\"https:\/\/termoshop.hr\/?product=vitoconnect-tip-opto2#breadcrumb\",\"itemListElement\":[{\"@type\":\"ListItem\",\"position\":1,\"name\":\"Po\u010detna stranica\",\"item\":\"https:\/\/termoshop.hr\/\"},{\"@type\":\"ListItem\",\"position\":2,\"name\":\"Web trgovina\",\"item\":\"https:\/\/termoshop.hr\/?page_id=7\"},{\"@type\":\"ListItem\",\"position\":3,\"name\":\"Vitoconnect, tip OPTO2\"}]},{\"@type\":\"WebSite\",\"@id\":\"https:\/\/termoshop.hr\/#website\",\"url\":\"https:\/\/termoshop.hr\/\",\"name\":\"Termoshop.hr\",\"description\":\"Web trgovina\",\"publisher\":{\"@id\":\"https:\/\/termoshop.hr\/#organization\"},\"alternateName\":\"Termoshop\",\"potentialAction\":[{\"@type\":\"SearchAction\",\"target\":{\"@type\":\"EntryPoint\",\"urlTemplate\":\"https:\/\/termoshop.hr\/?s={search_term_string}\"},\"query-input\":{\"@type\":\"PropertyValueSpecification\",\"valueRequired\":true,\"valueName\":\"search_term_string\"}}],\"inLanguage\":\"hr\"},{\"@type\":\"Organization\",\"@id\":\"https:\/\/termoshop.hr\/#organization\",\"name\":\"Termoshop\",\"url\":\"https:\/\/termoshop.hr\/\",\"logo\":{\"@type\":\"ImageObject\",\"inLanguage\":\"hr\",\"@id\":\"https:\/\/termoshop.hr\/#\/schema\/logo\/image\/\",\"url\":\"https:\/\/termoshop.hr\/wp-content\/uploads\/2023\/10\/termo-shop-logo-1605741401.png\",\"contentUrl\":\"https:\/\/termoshop.hr\/wp-content\/uploads\/2023\/10\/termo-shop-logo-1605741401.png\",\"width\":551,\"height\":96,\"caption\":\"Termoshop\"},\"image\":{\"@id\":\"https:\/\/termoshop.hr\/#\/schema\/logo\/image\/\"},\"sameAs\":[\"https:\/\/www.facebook.com\/promil.doo\/\"]}]}<\/script>\n<!-- \/ Yoast SEO plugin. -->","yoast_head_json":{"title":"Vitoconnect, tip OPTO2 - Termoshop","robots":{"index":"index","follow":"follow","max-snippet":"max-snippet:-1","max-image-preview":"max-image-preview:large","max-video-preview":"max-video-preview:-1"},"canonical":"https:\/\/termoshop.hr\/?product=vitoconnect-tip-opto2","og_locale":"hr_HR","og_type":"article","og_title":"Vitoconnect, tip OPTO2 - Termoshop","og_description":"WLAN ure\u0111aj za daljinsko upravljanje i nadzor instalacije grijanja putem aplikacija za mobilne ure\u0111aje (Android i iOS): ViCare. \uf06e za sve Viessmann proizvo\u0111a\u010de topline s Optolink su\u010deljem \uf06e \u017ei\u010dana komunikacija putem Optolink priklju\u010dka regulacije kotla \uf06e WLAN komunikacija s routerom","og_url":"https:\/\/termoshop.hr\/?product=vitoconnect-tip-opto2","og_site_name":"Termoshop","article_publisher":"https:\/\/www.facebook.com\/promil.doo\/","article_modified_time":"2026-02-25T13:29:07+00:00","og_image":[{"width":197,"height":160,"url":"https:\/\/termoshop.hr\/wp-content\/uploads\/2024\/02\/sobni-korektor-.png","type":"image\/png"}],"twitter_card":"summary_large_image","twitter_misc":{"Procijenjeno vrijeme \u010ditanja":"1 minuta"},"schema":{"@context":"https:\/\/schema.org","@graph":[{"@type":"WebPage","@id":"https:\/\/termoshop.hr\/?product=vitoconnect-tip-opto2","url":"https:\/\/termoshop.hr\/?product=vitoconnect-tip-opto2","name":"Vitoconnect, tip OPTO2 - Termoshop","isPartOf":{"@id":"https:\/\/termoshop.hr\/#website"},"primaryImageOfPage":{"@id":"https:\/\/termoshop.hr\/?product=vitoconnect-tip-opto2#primaryimage"},"image":{"@id":"https:\/\/termoshop.hr\/?product=vitoconnect-tip-opto2#primaryimage"},"thumbnailUrl":"https:\/\/termoshop.hr\/wp-content\/uploads\/2024\/02\/sobni-korektor-.png","datePublished":"2026-02-25T11:00:42+00:00","dateModified":"2026-02-25T13:29:07+00:00","breadcrumb":{"@id":"https:\/\/termoshop.hr\/?product=vitoconnect-tip-opto2#breadcrumb"},"inLanguage":"hr","potentialAction":[{"@type":"ReadAction","target":["https:\/\/termoshop.hr\/?product=vitoconnect-tip-opto2"]}]},{"@type":"ImageObject","inLanguage":"hr","@id":"https:\/\/termoshop.hr\/?product=vitoconnect-tip-opto2#primaryimage","url":"https:\/\/termoshop.hr\/wp-content\/uploads\/2024\/02\/sobni-korektor-.png","contentUrl":"https:\/\/termoshop.hr\/wp-content\/uploads\/2024\/02\/sobni-korektor-.png","width":197,"height":160},{"@type":"BreadcrumbList","@id":"https:\/\/termoshop.hr\/?product=vitoconnect-tip-opto2#breadcrumb","itemListElement":[{"@type":"ListItem","position":1,"name":"Po\u010detna stranica","item":"https:\/\/termoshop.hr\/"},{"@type":"ListItem","position":2,"name":"Web trgovina","item":"https:\/\/termoshop.hr\/?page_id=7"},{"@type":"ListItem","position":3,"name":"Vitoconnect, tip OPTO2"}]},{"@type":"WebSite","@id":"https:\/\/termoshop.hr\/#website","url":"https:\/\/termoshop.hr\/","name":"Termoshop.hr","description":"Web trgovina","publisher":{"@id":"https:\/\/termoshop.hr\/#organization"},"alternateName":"Termoshop","potentialAction":[{"@type":"SearchAction","target":{"@type":"EntryPoint","urlTemplate":"https:\/\/termoshop.hr\/?s={search_term_string}"},"query-input":{"@type":"PropertyValueSpecification","valueRequired":true,"valueName":"search_term_string"}}],"inLanguage":"hr"},{"@type":"Organization","@id":"https:\/\/termoshop.hr\/#organization","name":"Termoshop","url":"https:\/\/termoshop.hr\/","logo":{"@type":"ImageObject","inLanguage":"hr","@id":"https:\/\/termoshop.hr\/#\/schema\/logo\/image\/","url":"https:\/\/termoshop.hr\/wp-content\/uploads\/2023\/10\/termo-shop-logo-1605741401.png","contentUrl":"https:\/\/termoshop.hr\/wp-content\/uploads\/2023\/10\/termo-shop-logo-1605741401.png","width":551,"height":96,"caption":"Termoshop"},"image":{"@id":"https:\/\/termoshop.hr\/#\/schema\/logo\/image\/"},"sameAs":["https:\/\/www.facebook.com\/promil.doo\/"]}]}},"_links":{"self":[{"href":"https:\/\/termoshop.hr\/index.php?rest_route=\/wp\/v2\/product\/1139","targetHints":{"allow":["GET"]}}],"collection":[{"href":"https:\/\/termoshop.hr\/index.php?rest_route=\/wp\/v2\/product"}],"about":[{"href":"https:\/\/termoshop.hr\/index.php?rest_route=\/wp\/v2\/types\/product"}],"replies":[{"embeddable":true,"href":"https:\/\/termoshop.hr\/index.php?rest_route=%2Fwp%2Fv2%2Fcomments&post=1139"}],"wp:featuredmedia":[{"embeddable":true,"href":"https:\/\/termoshop.hr\/index.php?rest_route=\/wp\/v2\/media\/1140"}],"wp:attachment":[{"href":"https:\/\/termoshop.hr\/index.php?rest_route=%2Fwp%2Fv2%2Fmedia&parent=1139"}],"wp:term":[{"taxonomy":"product_brand","embeddable":true,"href":"https:\/\/termoshop.hr\/index.php?rest_route=%2Fwp%2Fv2%2Fproduct_brand&post=1139"},{"taxonomy":"product_cat","embeddable":true,"href":"https:\/\/termoshop.hr\/index.php?rest_route=%2Fwp%2Fv2%2Fproduct_cat&post=1139"},{"taxonomy":"product_tag","embeddable":true,"href":"https:\/\/termoshop.hr\/index.php?rest_route=%2Fwp%2Fv2%2Fproduct_tag&post=1139"}],"curies":[{"name":"wp","href":"https:\/\/api.w.org\/{rel}","templated":true}]}}