{"id":333,"date":"2023-10-11T07:13:52","date_gmt":"2023-10-11T07:13:52","guid":{"rendered":"https:\/\/termoshop.hr\/wp\/?page_id=333"},"modified":"2025-09-02T11:00:51","modified_gmt":"2025-09-02T09:00:51","slug":"kontakt","status":"publish","type":"page","link":"https:\/\/termoshop.hr\/?page_id=333","title":{"rendered":"Kontakt"},"content":{"rendered":"\t\t<div data-elementor-type=\"wp-page\" data-elementor-id=\"333\" class=\"elementor elementor-333\">\n\t\t\t\t<div class=\"elementor-element elementor-element-23ef3c6 e-flex e-con-boxed e-con e-parent\" data-id=\"23ef3c6\" data-element_type=\"container\" data-e-type=\"container\">\n\t\t\t\t\t<div class=\"e-con-inner\">\n\t\t\t\t<div class=\"elementor-element elementor-element-f552cdd elementor-widget elementor-widget-text-editor\" data-id=\"f552cdd\" data-element_type=\"widget\" data-e-type=\"widget\" data-widget_type=\"text-editor.default\">\n\t\t\t\t<div class=\"elementor-widget-container\">\n\t\t\t\t\t\t\t\t\t<p>Termo Shop powered by Promil<br>PROMIL-TERMOSHOP j.d.o.o.<br>OIB: 91140420070<br><span lang=\"EN-GB\" style=\"font-size:11.0pt;font-family:\n&quot;Calibri&quot;,sans-serif;mso-fareast-font-family:Aptos;mso-fareast-theme-font:minor-latin;\nmso-ligatures:standardcontextual;mso-ansi-language:EN-GB;mso-fareast-language:\nEN-US;mso-bidi-language:AR-SA\">Ulica Dr. Vadka Ma\u010deka 18&nbsp;<\/span><br>47000 Karlovac<br>Croatia<br>Nazovite nas:&nbsp;047-646-099<br>Po\u0161aljite nam e-mail:&nbsp;<a href=\"mailto:info@termoshop.hr\">info@termoshop.hr<\/a><\/p>\t\t\t\t\t\t\t\t<\/div>\n\t\t\t\t<\/div>\n\t\t\t\t\t<\/div>\n\t\t\t\t<\/div>\n\t\t\t\t<\/div>\n\t\t","protected":false},"excerpt":{"rendered":"<p>Termo Shop powered by PromilPROMIL-TERMOSHOP j.d.o.o.OIB: 91140420070Ulica Dr. Vadka Ma\u010deka 18&nbsp;47000 KarlovacCroatiaNazovite nas:&nbsp;047-646-099Po\u0161aljite nam e-mail:&nbsp;info@termoshop.hr<\/p>\n","protected":false},"author":2,"featured_media":0,"parent":0,"menu_order":0,"comment_status":"closed","ping_status":"closed","template":"","meta":{"footnotes":""},"class_list":["post-333","page","type-page","status-publish","hentry"],"yoast_head":"<!-- This site is optimized with the Yoast SEO plugin v26.9 - https:\/\/yoast.com\/product\/yoast-seo-wordpress\/ -->\n<title>Kontakt - Termoshop<\/title>\n<meta name=\"description\" content=\"Na\u0161a ponuda je velika! Kontaktirajte nas i javim \u0107emo Vam se u najkra\u0107em mogu\u0107em roku! Termohop.hr\/Promil d.o.o\" \/>\n<meta name=\"robots\" content=\"index, follow, max-snippet:-1, max-image-preview:large, max-video-preview:-1\" \/>\n<link rel=\"canonical\" href=\"https:\/\/termoshop.hr\/?page_id=333\" \/>\n<meta property=\"og:locale\" content=\"hr_HR\" \/>\n<meta property=\"og:type\" content=\"article\" \/>\n<meta property=\"og:title\" content=\"Kontakt - Termoshop\" \/>\n<meta property=\"og:description\" content=\"Na\u0161a ponuda je velika! Kontaktirajte nas i javim \u0107emo Vam se u najkra\u0107em mogu\u0107em roku! Termohop.hr\/Promil d.o.o\" \/>\n<meta property=\"og:url\" content=\"https:\/\/termoshop.hr\/?page_id=333\" \/>\n<meta property=\"og:site_name\" content=\"Termoshop\" \/>\n<meta property=\"article:publisher\" content=\"https:\/\/www.facebook.com\/promil.doo\/\" \/>\n<meta property=\"article:modified_time\" content=\"2025-09-02T09:00:51+00:00\" \/>\n<meta name=\"twitter:card\" content=\"summary_large_image\" \/>\n<meta name=\"twitter:label1\" content=\"Procijenjeno vrijeme \u010ditanja\" \/>\n\t<meta name=\"twitter:data1\" content=\"1 minuta\" \/>\n<script type=\"application\/ld+json\" class=\"yoast-schema-graph\">{\"@context\":\"https:\/\/schema.org\",\"@graph\":[{\"@type\":\"WebPage\",\"@id\":\"https:\/\/termoshop.hr\/?page_id=333\",\"url\":\"https:\/\/termoshop.hr\/?page_id=333\",\"name\":\"Kontakt - Termoshop\",\"isPartOf\":{\"@id\":\"https:\/\/termoshop.hr\/#website\"},\"datePublished\":\"2023-10-11T07:13:52+00:00\",\"dateModified\":\"2025-09-02T09:00:51+00:00\",\"description\":\"Na\u0161a ponuda je velika! Kontaktirajte nas i javim \u0107emo Vam se u najkra\u0107em mogu\u0107em roku! Termohop.hr\/Promil d.o.o\",\"breadcrumb\":{\"@id\":\"https:\/\/termoshop.hr\/?page_id=333#breadcrumb\"},\"inLanguage\":\"hr\",\"potentialAction\":[{\"@type\":\"ReadAction\",\"target\":[\"https:\/\/termoshop.hr\/?page_id=333\"]}]},{\"@type\":\"BreadcrumbList\",\"@id\":\"https:\/\/termoshop.hr\/?page_id=333#breadcrumb\",\"itemListElement\":[{\"@type\":\"ListItem\",\"position\":1,\"name\":\"Po\u010detna stranica\",\"item\":\"https:\/\/termoshop.hr\/\"},{\"@type\":\"ListItem\",\"position\":2,\"name\":\"Kontakt\"}]},{\"@type\":\"WebSite\",\"@id\":\"https:\/\/termoshop.hr\/#website\",\"url\":\"https:\/\/termoshop.hr\/\",\"name\":\"Termoshop.hr\",\"description\":\"Web trgovina\",\"publisher\":{\"@id\":\"https:\/\/termoshop.hr\/#organization\"},\"alternateName\":\"Termoshop\",\"potentialAction\":[{\"@type\":\"SearchAction\",\"target\":{\"@type\":\"EntryPoint\",\"urlTemplate\":\"https:\/\/termoshop.hr\/?s={search_term_string}\"},\"query-input\":{\"@type\":\"PropertyValueSpecification\",\"valueRequired\":true,\"valueName\":\"search_term_string\"}}],\"inLanguage\":\"hr\"},{\"@type\":\"Organization\",\"@id\":\"https:\/\/termoshop.hr\/#organization\",\"name\":\"Termoshop\",\"url\":\"https:\/\/termoshop.hr\/\",\"logo\":{\"@type\":\"ImageObject\",\"inLanguage\":\"hr\",\"@id\":\"https:\/\/termoshop.hr\/#\/schema\/logo\/image\/\",\"url\":\"https:\/\/termoshop.hr\/wp-content\/uploads\/2023\/10\/termo-shop-logo-1605741401.png\",\"contentUrl\":\"https:\/\/termoshop.hr\/wp-content\/uploads\/2023\/10\/termo-shop-logo-1605741401.png\",\"width\":551,\"height\":96,\"caption\":\"Termoshop\"},\"image\":{\"@id\":\"https:\/\/termoshop.hr\/#\/schema\/logo\/image\/\"},\"sameAs\":[\"https:\/\/www.facebook.com\/promil.doo\/\"]}]}<\/script>\n<!-- \/ Yoast SEO plugin. -->","yoast_head_json":{"title":"Kontakt - Termoshop","description":"Na\u0161a ponuda je velika! Kontaktirajte nas i javim \u0107emo Vam se u najkra\u0107em mogu\u0107em roku! Termohop.hr\/Promil d.o.o","robots":{"index":"index","follow":"follow","max-snippet":"max-snippet:-1","max-image-preview":"max-image-preview:large","max-video-preview":"max-video-preview:-1"},"canonical":"https:\/\/termoshop.hr\/?page_id=333","og_locale":"hr_HR","og_type":"article","og_title":"Kontakt - Termoshop","og_description":"Na\u0161a ponuda je velika! Kontaktirajte nas i javim \u0107emo Vam se u najkra\u0107em mogu\u0107em roku! Termohop.hr\/Promil d.o.o","og_url":"https:\/\/termoshop.hr\/?page_id=333","og_site_name":"Termoshop","article_publisher":"https:\/\/www.facebook.com\/promil.doo\/","article_modified_time":"2025-09-02T09:00:51+00:00","twitter_card":"summary_large_image","twitter_misc":{"Procijenjeno vrijeme \u010ditanja":"1 minuta"},"schema":{"@context":"https:\/\/schema.org","@graph":[{"@type":"WebPage","@id":"https:\/\/termoshop.hr\/?page_id=333","url":"https:\/\/termoshop.hr\/?page_id=333","name":"Kontakt - Termoshop","isPartOf":{"@id":"https:\/\/termoshop.hr\/#website"},"datePublished":"2023-10-11T07:13:52+00:00","dateModified":"2025-09-02T09:00:51+00:00","description":"Na\u0161a ponuda je velika! Kontaktirajte nas i javim \u0107emo Vam se u najkra\u0107em mogu\u0107em roku! Termohop.hr\/Promil d.o.o","breadcrumb":{"@id":"https:\/\/termoshop.hr\/?page_id=333#breadcrumb"},"inLanguage":"hr","potentialAction":[{"@type":"ReadAction","target":["https:\/\/termoshop.hr\/?page_id=333"]}]},{"@type":"BreadcrumbList","@id":"https:\/\/termoshop.hr\/?page_id=333#breadcrumb","itemListElement":[{"@type":"ListItem","position":1,"name":"Po\u010detna stranica","item":"https:\/\/termoshop.hr\/"},{"@type":"ListItem","position":2,"name":"Kontakt"}]},{"@type":"WebSite","@id":"https:\/\/termoshop.hr\/#website","url":"https:\/\/termoshop.hr\/","name":"Termoshop.hr","description":"Web trgovina","publisher":{"@id":"https:\/\/termoshop.hr\/#organization"},"alternateName":"Termoshop","potentialAction":[{"@type":"SearchAction","target":{"@type":"EntryPoint","urlTemplate":"https:\/\/termoshop.hr\/?s={search_term_string}"},"query-input":{"@type":"PropertyValueSpecification","valueRequired":true,"valueName":"search_term_string"}}],"inLanguage":"hr"},{"@type":"Organization","@id":"https:\/\/termoshop.hr\/#organization","name":"Termoshop","url":"https:\/\/termoshop.hr\/","logo":{"@type":"ImageObject","inLanguage":"hr","@id":"https:\/\/termoshop.hr\/#\/schema\/logo\/image\/","url":"https:\/\/termoshop.hr\/wp-content\/uploads\/2023\/10\/termo-shop-logo-1605741401.png","contentUrl":"https:\/\/termoshop.hr\/wp-content\/uploads\/2023\/10\/termo-shop-logo-1605741401.png","width":551,"height":96,"caption":"Termoshop"},"image":{"@id":"https:\/\/termoshop.hr\/#\/schema\/logo\/image\/"},"sameAs":["https:\/\/www.facebook.com\/promil.doo\/"]}]}},"_links":{"self":[{"href":"https:\/\/termoshop.hr\/index.php?rest_route=\/wp\/v2\/pages\/333","targetHints":{"allow":["GET"]}}],"collection":[{"href":"https:\/\/termoshop.hr\/index.php?rest_route=\/wp\/v2\/pages"}],"about":[{"href":"https:\/\/termoshop.hr\/index.php?rest_route=\/wp\/v2\/types\/page"}],"author":[{"embeddable":true,"href":"https:\/\/termoshop.hr\/index.php?rest_route=\/wp\/v2\/users\/2"}],"replies":[{"embeddable":true,"href":"https:\/\/termoshop.hr\/index.php?rest_route=%2Fwp%2Fv2%2Fcomments&post=333"}],"version-history":[{"count":4,"href":"https:\/\/termoshop.hr\/index.php?rest_route=\/wp\/v2\/pages\/333\/revisions"}],"predecessor-version":[{"id":1741,"href":"https:\/\/termoshop.hr\/index.php?rest_route=\/wp\/v2\/pages\/333\/revisions\/1741"}],"wp:attachment":[{"href":"https:\/\/termoshop.hr\/index.php?rest_route=%2Fwp%2Fv2%2Fmedia&parent=333"}],"curies":[{"name":"wp","href":"https:\/\/api.w.org\/{rel}","templated":true}]}}